{"id":34917,"date":"2026-04-17T13:43:23","date_gmt":"2026-04-17T13:43:23","guid":{"rendered":"https:\/\/singuli.wpress.me\/index.php\/proizvod\/glam-buddies-mini-torbica\/"},"modified":"2026-04-21T00:26:42","modified_gmt":"2026-04-21T00:26:42","slug":"glam-buddies-mini-torbica","status":"publish","type":"product","link":"https:\/\/singuli.wpress.me\/index.php\/proizvod\/glam-buddies-mini-torbica\/","title":{"rendered":"GLAM BUDDIES, mini torbica"},"content":{"rendered":"<p>Zabava, moda i iznena\u0111enja dolaze u novoj Glam Buddies Mini kolekciji! <br \/>\nOve \u0161armantne torbice kriju 6 razli\u010ditih privjesaka sa slatkim \u017eivotinjama, savr\u0161enima za ukra\u0161avanje tvoje torbice.<br \/>\nAli to nije sve! Unutra te \u010dekaju wow dodaci \u2013 od modnih sitnica do tajanstvenih iznena\u0111enja koja \u0107e te odu\u0161eviti. Svaka torbica donosi ne\u0161to posebno, a na tebi je da otkrije\u0161 \u0161to!<br \/>\nSkupi ih sve, kombiniraj i stvori svoj jedinstveni stil!<br \/>\nDob: 4+god<\/p>\n","protected":false},"excerpt":{"rendered":"<p>Torbice kriju 6 razli\u010ditih privjesaka sa slatkim \u017eivotinjama<br \/>\nU torbici se nalazi jo\u0161 dodataka<br \/>\nDob: 4+ god<\/p>\n","protected":false},"featured_media":34918,"template":"","meta":{"_seopress_robots_primary_cat":"","_seopress_titles_title":"","_seopress_titles_desc":"","_seopress_robots_index":"","iawp_total_views":0},"product_brand":[490],"product_cat":[274,238],"product_tag":[],"class_list":{"0":"post-34917","1":"product","2":"type-product","3":"status-publish","4":"has-post-thumbnail","6":"product_brand-glam-buddies","7":"product_cat-kucanski-pribor-238","8":"product_cat-sve-za-dom","10":"first","11":"instock","12":"shipping-taxable","13":"purchasable","14":"product-type-simple"},"_links":{"self":[{"href":"https:\/\/singuli.wpress.me\/index.php\/wp-json\/wp\/v2\/product\/34917","targetHints":{"allow":["GET"]}}],"collection":[{"href":"https:\/\/singuli.wpress.me\/index.php\/wp-json\/wp\/v2\/product"}],"about":[{"href":"https:\/\/singuli.wpress.me\/index.php\/wp-json\/wp\/v2\/types\/product"}],"version-history":[{"count":0,"href":"https:\/\/singuli.wpress.me\/index.php\/wp-json\/wp\/v2\/product\/34917\/revisions"}],"wp:featuredmedia":[{"embeddable":true,"href":"https:\/\/singuli.wpress.me\/index.php\/wp-json\/wp\/v2\/media\/34918"}],"wp:attachment":[{"href":"https:\/\/singuli.wpress.me\/index.php\/wp-json\/wp\/v2\/media?parent=34917"}],"wp:term":[{"taxonomy":"product_brand","embeddable":true,"href":"https:\/\/singuli.wpress.me\/index.php\/wp-json\/wp\/v2\/product_brand?post=34917"},{"taxonomy":"product_cat","embeddable":true,"href":"https:\/\/singuli.wpress.me\/index.php\/wp-json\/wp\/v2\/product_cat?post=34917"},{"taxonomy":"product_tag","embeddable":true,"href":"https:\/\/singuli.wpress.me\/index.php\/wp-json\/wp\/v2\/product_tag?post=34917"}],"curies":[{"name":"wp","href":"https:\/\/api.w.org\/{rel}","templated":true}]}}