{"id":34923,"date":"2026-04-17T13:43:25","date_gmt":"2026-04-17T13:43:25","guid":{"rendered":"https:\/\/singuli.wpress.me\/index.php\/proizvod\/picasso-tiles-safari-set-magnetnih-plocica-46-kom\/"},"modified":"2026-04-20T12:33:13","modified_gmt":"2026-04-20T12:33:13","slug":"picasso-tiles-safari-set-magnetnih-plocica-46-kom","status":"publish","type":"product","link":"https:\/\/singuli.wpress.me\/index.php\/proizvod\/picasso-tiles-safari-set-magnetnih-plocica-46-kom\/","title":{"rendered":"PICASSO TILES Safari, set magnetnih plo\u010dica, 46\u00a0kom"},"content":{"rendered":"<p>Zaronite u srce divljine uz PicassoTiles Safari set s magnetnim plo\u010dicama, koji pokre\u0107e kreativnost i ma\u0161tovitost na svakom koraku. Set uklju\u010duje magnetne plo\u010dice s likovima \u017eivotinja, omogu\u0107uju\u0107i va\u0161em malom istra\u017eiva\u010du da o\u017eivi svoje safari snove.<br \/>\nKompatibilan je s drugim PicassoTiles setovima, \u010dime se pro\u0161iruju mogu\u0107nosti za jo\u0161 kreativnije konstrukcije. <br \/>\nSet sadr\u017ei: 18 trokuta (raznih oblika), 18 kvadrata (2 s \u0161upljim otvorima), 2 trapeza, 8 figura likova (je\u017e, tigar, orao, krokodil, slon, \u017eirafa, lav, zebra). <br \/>\nUz savr\u0161en spoj STEM i umjetni\u010dkog u\u010denja, ovaj set poma\u017ee djeci razviti tehni\u010dke, arhitektonske i kognitivne vje\u0161tine kroz neovisno istra\u017eivanje i igru. Picasso Tiles igra\u010dke poti\u010du ma\u0161tovitu igru i neprekidnu zabavu dok djeca otkrivaju \u010duda STEM obrazovanja. <br \/>\nSve igra\u010dke iz ove kolekcije izra\u0111ene su od BPA-free i netoksi\u010dnih materijala, \u010dime osiguravamo sigurno i zdravo okru\u017eenje za igru va\u0161e djece. <br \/>\nDob: 3+god<\/p>\n","protected":false},"excerpt":{"rendered":"<p>Set uklju\u010duje magnetne plo\u010dice s likovima \u017eivotinja<br \/>\nSet poma\u017ee djeci razviti tehni\u010dke, arhitektonske i kognitivne vje\u0161tine kroz neovisno istra\u017eivanje i igru<br \/>\nDob: 3+ god<\/p>\n","protected":false},"featured_media":34924,"template":"","meta":{"_seopress_robots_primary_cat":"","_seopress_titles_title":"","_seopress_titles_desc":"","_seopress_robots_index":"","iawp_total_views":0},"product_brand":[750],"product_cat":[221,291],"product_tag":[],"class_list":{"0":"post-34923","1":"product","2":"type-product","3":"status-publish","4":"has-post-thumbnail","6":"product_brand-picasso-tiles","7":"product_cat-igracke","8":"product_cat-igracke-za-djecu-221","10":"first","11":"instock","12":"shipping-taxable","13":"purchasable","14":"product-type-simple"},"_links":{"self":[{"href":"https:\/\/singuli.wpress.me\/index.php\/wp-json\/wp\/v2\/product\/34923","targetHints":{"allow":["GET"]}}],"collection":[{"href":"https:\/\/singuli.wpress.me\/index.php\/wp-json\/wp\/v2\/product"}],"about":[{"href":"https:\/\/singuli.wpress.me\/index.php\/wp-json\/wp\/v2\/types\/product"}],"version-history":[{"count":0,"href":"https:\/\/singuli.wpress.me\/index.php\/wp-json\/wp\/v2\/product\/34923\/revisions"}],"wp:featuredmedia":[{"embeddable":true,"href":"https:\/\/singuli.wpress.me\/index.php\/wp-json\/wp\/v2\/media\/34924"}],"wp:attachment":[{"href":"https:\/\/singuli.wpress.me\/index.php\/wp-json\/wp\/v2\/media?parent=34923"}],"wp:term":[{"taxonomy":"product_brand","embeddable":true,"href":"https:\/\/singuli.wpress.me\/index.php\/wp-json\/wp\/v2\/product_brand?post=34923"},{"taxonomy":"product_cat","embeddable":true,"href":"https:\/\/singuli.wpress.me\/index.php\/wp-json\/wp\/v2\/product_cat?post=34923"},{"taxonomy":"product_tag","embeddable":true,"href":"https:\/\/singuli.wpress.me\/index.php\/wp-json\/wp\/v2\/product_tag?post=34923"}],"curies":[{"name":"wp","href":"https:\/\/api.w.org\/{rel}","templated":true}]}}