{"id":34932,"date":"2026-04-17T13:43:27","date_gmt":"2026-04-17T13:43:27","guid":{"rendered":"https:\/\/singuli.wpress.me\/index.php\/proizvod\/picasso-tiles-glitter-set-magnetnih-plocica-48-kom\/"},"modified":"2026-04-20T12:33:13","modified_gmt":"2026-04-20T12:33:13","slug":"picasso-tiles-glitter-set-magnetnih-plocica-48-kom","status":"publish","type":"product","link":"https:\/\/singuli.wpress.me\/index.php\/proizvod\/picasso-tiles-glitter-set-magnetnih-plocica-48-kom\/","title":{"rendered":"PICASSO TILES Glitter, set magnetnih plo\u010dica, 48\u00a0kom"},"content":{"rendered":"<p>PicassoTiles set magnetnih plo\u010dica sa \u0161arenim \u0161ljokicama donosi zabavu i kreativnost u igru! <br \/>\nSvaka plo\u010dica blista, poti\u010du\u0107i djecu da stvaraju neograni\u010dene oblike i dizajne. Set uklju\u010duje pastelne magnetne blokove s reflektiraju\u0107im \u010desticama, kompatibilne s drugim PicassoTiles setovima, \u010dime se pro\u0161iruju mogu\u0107nosti za kreativno izra\u017eavanje. <br \/>\nOvaj set poti\u010de djecu na u\u010denje kroz igru, razvijaju\u0107i vje\u0161tine poput koordinacije, prostorne svijesti i rje\u0161avanja problema. Sve igra\u010dke iz ove kolekcije izra\u0111ene su od BPA-free i netoksi\u010dnih materijala, \u010dime osiguravamo sigurno i zdravo okru\u017eenje za igru va\u0161e djece. <br \/>\nDob: 3+<br \/>\nS PicassoTiles, u\u010denje i zabava idu ruku pod ruku!<\/p>\n","protected":false},"excerpt":{"rendered":"<p>Set magnetnih plo\u010dica sa \u0161arenim \u0161ljokicama donosi zabavu i kreativnost u igru<br \/>\nSet uklju\u010duje pastelne magnetne blokove s reflektiraju\u0107im \u010desticama<br \/>\nDob: 3+ god<\/p>\n","protected":false},"featured_media":34933,"template":"","meta":{"_seopress_robots_primary_cat":"","_seopress_titles_title":"","_seopress_titles_desc":"","_seopress_robots_index":"","iawp_total_views":0},"product_brand":[750],"product_cat":[221,291],"product_tag":[],"class_list":{"0":"post-34932","1":"product","2":"type-product","3":"status-publish","4":"has-post-thumbnail","6":"product_brand-picasso-tiles","7":"product_cat-igracke","8":"product_cat-igracke-za-djecu-221","10":"first","11":"instock","12":"shipping-taxable","13":"purchasable","14":"product-type-simple"},"_links":{"self":[{"href":"https:\/\/singuli.wpress.me\/index.php\/wp-json\/wp\/v2\/product\/34932","targetHints":{"allow":["GET"]}}],"collection":[{"href":"https:\/\/singuli.wpress.me\/index.php\/wp-json\/wp\/v2\/product"}],"about":[{"href":"https:\/\/singuli.wpress.me\/index.php\/wp-json\/wp\/v2\/types\/product"}],"version-history":[{"count":0,"href":"https:\/\/singuli.wpress.me\/index.php\/wp-json\/wp\/v2\/product\/34932\/revisions"}],"wp:featuredmedia":[{"embeddable":true,"href":"https:\/\/singuli.wpress.me\/index.php\/wp-json\/wp\/v2\/media\/34933"}],"wp:attachment":[{"href":"https:\/\/singuli.wpress.me\/index.php\/wp-json\/wp\/v2\/media?parent=34932"}],"wp:term":[{"taxonomy":"product_brand","embeddable":true,"href":"https:\/\/singuli.wpress.me\/index.php\/wp-json\/wp\/v2\/product_brand?post=34932"},{"taxonomy":"product_cat","embeddable":true,"href":"https:\/\/singuli.wpress.me\/index.php\/wp-json\/wp\/v2\/product_cat?post=34932"},{"taxonomy":"product_tag","embeddable":true,"href":"https:\/\/singuli.wpress.me\/index.php\/wp-json\/wp\/v2\/product_tag?post=34932"}],"curies":[{"name":"wp","href":"https:\/\/api.w.org\/{rel}","templated":true}]}}