{"id":34937,"date":"2026-04-17T13:43:29","date_gmt":"2026-04-17T13:43:29","guid":{"rendered":"https:\/\/singuli.wpress.me\/index.php\/proizvod\/lenor-spring-awakening-omeksivac-71-pranje-1-49-l\/"},"modified":"2026-04-20T12:33:13","modified_gmt":"2026-04-20T12:33:13","slug":"lenor-spring-awakening-omeksivac-71-pranje-1-49-l","status":"publish","type":"product","link":"https:\/\/singuli.wpress.me\/index.php\/proizvod\/lenor-spring-awakening-omeksivac-71-pranje-1-49-l\/","title":{"rendered":"LENOR Spring Awakening, omek\u0161iva\u010d, 71 pranje, 1.49\u00a0l"},"content":{"rendered":"<p><span style=\"font-weight: bold\">Omek\u0161iva\u010d rublja Lenor Spring Awakening<\/span> pru\u017ea posteljinu koja miri\u0161e svje\u017ee do 7 dana (primjetna Lenorova svje\u017eina do tjedan dana). Njegova tehnologija aktivne za\u0161tite od neugodnih mirisa \u0161titi va\u0161u odje\u0107u od neugodnih mirisa dok ih nosite. Za dugotrajnu svje\u017einu, uz deterd\u017eent koristite Lenorov omek\u0161iva\u010d rublja.<\/p>\n","protected":false},"excerpt":{"rendered":"<p>Mekana mirisna odje\u0107a koju je u\u017eitak nositi<br \/>\nIspunjava energijom i svje\u017einom<br \/>\nDo tjedan dana mirisne posteljine<\/p>\n","protected":false},"featured_media":34938,"template":"","meta":{"_seopress_robots_primary_cat":"","_seopress_titles_title":"","_seopress_titles_desc":"","_seopress_robots_index":"","iawp_total_views":0},"product_brand":[446],"product_cat":[283,238],"product_tag":[],"class_list":{"0":"post-34937","1":"product","2":"type-product","3":"status-publish","4":"has-post-thumbnail","6":"product_brand-lenor","7":"product_cat-pranje-rublja-238","8":"product_cat-sve-za-dom","10":"first","11":"instock","12":"shipping-taxable","13":"purchasable","14":"product-type-simple"},"_links":{"self":[{"href":"https:\/\/singuli.wpress.me\/index.php\/wp-json\/wp\/v2\/product\/34937","targetHints":{"allow":["GET"]}}],"collection":[{"href":"https:\/\/singuli.wpress.me\/index.php\/wp-json\/wp\/v2\/product"}],"about":[{"href":"https:\/\/singuli.wpress.me\/index.php\/wp-json\/wp\/v2\/types\/product"}],"version-history":[{"count":0,"href":"https:\/\/singuli.wpress.me\/index.php\/wp-json\/wp\/v2\/product\/34937\/revisions"}],"wp:featuredmedia":[{"embeddable":true,"href":"https:\/\/singuli.wpress.me\/index.php\/wp-json\/wp\/v2\/media\/34938"}],"wp:attachment":[{"href":"https:\/\/singuli.wpress.me\/index.php\/wp-json\/wp\/v2\/media?parent=34937"}],"wp:term":[{"taxonomy":"product_brand","embeddable":true,"href":"https:\/\/singuli.wpress.me\/index.php\/wp-json\/wp\/v2\/product_brand?post=34937"},{"taxonomy":"product_cat","embeddable":true,"href":"https:\/\/singuli.wpress.me\/index.php\/wp-json\/wp\/v2\/product_cat?post=34937"},{"taxonomy":"product_tag","embeddable":true,"href":"https:\/\/singuli.wpress.me\/index.php\/wp-json\/wp\/v2\/product_tag?post=34937"}],"curies":[{"name":"wp","href":"https:\/\/api.w.org\/{rel}","templated":true}]}}