{"id":34944,"date":"2026-04-17T13:43:32","date_gmt":"2026-04-17T13:43:32","guid":{"rendered":"https:\/\/singuli.wpress.me\/index.php\/proizvod\/lenor-leclatante-omeksivac-59-pranja-1239-ml\/"},"modified":"2026-04-20T12:33:13","modified_gmt":"2026-04-20T12:33:13","slug":"lenor-leclatante-omeksivac-59-pranja-1239-ml","status":"publish","type":"product","link":"https:\/\/singuli.wpress.me\/index.php\/proizvod\/lenor-leclatante-omeksivac-59-pranja-1239-ml\/","title":{"rendered":"LENOR L&#8217;Eclatante, omek\u0161iva\u010d, 59 pranja, 1239\u00a0ml"},"content":{"rendered":"<p>Kolekcija profinjenih omek\u0161iva\u010da rublja kreiranih tako da budu zavodljivi i elegantni ba\u0161 poput francuskih parfema: ostavljaju va\u0161e rublje luksuzno mirisnim i bo\u017eanstveno mekanim. Otkrijte svoju unutarnju femme fatale i neka va\u0161a odje\u0107a dulje izgleda kao da je ravno s modne piste. Postanite neodoljivo po\u017eeljni uz<span style=\"font-weight: bold\"> omek\u0161iva\u010d Lenor Haute Couture L&#8217;\u00e9clatante<\/span>. \u017divite punim plu\u0107ima, pravila su samo smjernice. Prepustite se u\u017eitku opu\u0161tanja koji donose svje\u017ee morske note s blistavom \u017eivahno\u0161\u0107u citrusa protkane nje\u017enim cvjetnim mirisom, toplim drvenastim akordima i o\u010daravaju\u0107im mo\u0161usom. Profinjene svje\u017ee morske note i topli drvenasti miris odvest \u0107e vas u ve\u010dernju \u0161etnju uz more\u2026<\/p>\n","protected":false},"excerpt":{"rendered":"<p>Kolekcija profinjenih omek\u0161iva\u010da rublja<br \/>\nOstavljaju va\u0161e rublje luksuzno mirisnim i bo\u017eanstveno mekanim<br \/>\nProfinjene svje\u017ee morske note i topli drvenasti miris<\/p>\n","protected":false},"featured_media":34945,"template":"","meta":{"_seopress_robots_primary_cat":"","_seopress_titles_title":"","_seopress_titles_desc":"","_seopress_robots_index":"","iawp_total_views":0},"product_brand":[446],"product_cat":[283,238],"product_tag":[],"class_list":{"0":"post-34944","1":"product","2":"type-product","3":"status-publish","4":"has-post-thumbnail","6":"product_brand-lenor","7":"product_cat-pranje-rublja-238","8":"product_cat-sve-za-dom","10":"first","11":"outofstock","12":"shipping-taxable","13":"purchasable","14":"product-type-simple"},"_links":{"self":[{"href":"https:\/\/singuli.wpress.me\/index.php\/wp-json\/wp\/v2\/product\/34944","targetHints":{"allow":["GET"]}}],"collection":[{"href":"https:\/\/singuli.wpress.me\/index.php\/wp-json\/wp\/v2\/product"}],"about":[{"href":"https:\/\/singuli.wpress.me\/index.php\/wp-json\/wp\/v2\/types\/product"}],"version-history":[{"count":0,"href":"https:\/\/singuli.wpress.me\/index.php\/wp-json\/wp\/v2\/product\/34944\/revisions"}],"wp:featuredmedia":[{"embeddable":true,"href":"https:\/\/singuli.wpress.me\/index.php\/wp-json\/wp\/v2\/media\/34945"}],"wp:attachment":[{"href":"https:\/\/singuli.wpress.me\/index.php\/wp-json\/wp\/v2\/media?parent=34944"}],"wp:term":[{"taxonomy":"product_brand","embeddable":true,"href":"https:\/\/singuli.wpress.me\/index.php\/wp-json\/wp\/v2\/product_brand?post=34944"},{"taxonomy":"product_cat","embeddable":true,"href":"https:\/\/singuli.wpress.me\/index.php\/wp-json\/wp\/v2\/product_cat?post=34944"},{"taxonomy":"product_tag","embeddable":true,"href":"https:\/\/singuli.wpress.me\/index.php\/wp-json\/wp\/v2\/product_tag?post=34944"}],"curies":[{"name":"wp","href":"https:\/\/api.w.org\/{rel}","templated":true}]}}