{"id":34955,"date":"2026-04-17T13:43:35","date_gmt":"2026-04-17T13:43:35","guid":{"rendered":"https:\/\/singuli.wpress.me\/index.php\/proizvod\/lenor-ladesirable-omeksivac-8x1-239-l\/"},"modified":"2026-04-20T12:33:13","modified_gmt":"2026-04-20T12:33:13","slug":"lenor-ladesirable-omeksivac-8x1-239-l","status":"publish","type":"product","link":"https:\/\/singuli.wpress.me\/index.php\/proizvod\/lenor-ladesirable-omeksivac-8x1-239-l\/","title":{"rendered":"LENOR Ladesirable, omek\u0161iva\u010d, 8&#215;1.239, \u00a0l"},"content":{"rendered":"<p>Kolekcija profinjenih omek\u0161iva\u010da rublja kreiranih tako da budu zavodljivi i elegantni ba\u0161 poput francuskih parfema: ostavljaju va\u0161e rublje luksuzno mirisnim i bo\u017eanstveno mekanim. Otkrijte svoju unutarnju femme fatale i neka va\u0161a odje\u0107a dulje izgleda kao da je ravno s modne piste. Postanite neodoljivo po\u017eeljni uz omek\u0161iva\u010d Lenor Haute Couture La Desirable. \u017divite punim plu\u0107ima, pravila su samo smjernice. Povrh profinjenih cvjetova naran\u010de i ru\u017ei\u010daste frezije, svje\u017eina citrusa i jabuke donosi posebnu \u017eivost vo\u0107nih nota, a sve je zajedno lijepo zaokru\u017eeno da\u0161kom vanilije i ambre. Elegantni bijeli cvjetovi omotani dinami\u010dnim vo\u0107nim notama vode vas u ve\u010dernju \u0161etnju uz more&#8230;<\/p>\n","protected":false},"excerpt":{"rendered":"<p>Profinjen miris inspiriran francuskim parfemima za luksuzno mirisno rublje.<br \/>\nOstavlja odje\u0107u bo\u017eanstveno mekanom, daju\u0107i joj izgled ravno s modne piste.<br \/>\nZavodljiva mje\u0161avina cvjetova naran\u010de, frezije, citrusa, jabuke, vanilije i ambre.<\/p>\n","protected":false},"featured_media":34956,"template":"","meta":{"_seopress_robots_primary_cat":"","_seopress_titles_title":"","_seopress_titles_desc":"","_seopress_robots_index":"","iawp_total_views":0},"product_brand":[446],"product_cat":[283,238],"product_tag":[],"class_list":{"0":"post-34955","1":"product","2":"type-product","3":"status-publish","4":"has-post-thumbnail","6":"product_brand-lenor","7":"product_cat-pranje-rublja-238","8":"product_cat-sve-za-dom","10":"first","11":"outofstock","12":"shipping-taxable","13":"purchasable","14":"product-type-simple"},"_links":{"self":[{"href":"https:\/\/singuli.wpress.me\/index.php\/wp-json\/wp\/v2\/product\/34955","targetHints":{"allow":["GET"]}}],"collection":[{"href":"https:\/\/singuli.wpress.me\/index.php\/wp-json\/wp\/v2\/product"}],"about":[{"href":"https:\/\/singuli.wpress.me\/index.php\/wp-json\/wp\/v2\/types\/product"}],"version-history":[{"count":0,"href":"https:\/\/singuli.wpress.me\/index.php\/wp-json\/wp\/v2\/product\/34955\/revisions"}],"wp:featuredmedia":[{"embeddable":true,"href":"https:\/\/singuli.wpress.me\/index.php\/wp-json\/wp\/v2\/media\/34956"}],"wp:attachment":[{"href":"https:\/\/singuli.wpress.me\/index.php\/wp-json\/wp\/v2\/media?parent=34955"}],"wp:term":[{"taxonomy":"product_brand","embeddable":true,"href":"https:\/\/singuli.wpress.me\/index.php\/wp-json\/wp\/v2\/product_brand?post=34955"},{"taxonomy":"product_cat","embeddable":true,"href":"https:\/\/singuli.wpress.me\/index.php\/wp-json\/wp\/v2\/product_cat?post=34955"},{"taxonomy":"product_tag","embeddable":true,"href":"https:\/\/singuli.wpress.me\/index.php\/wp-json\/wp\/v2\/product_tag?post=34955"}],"curies":[{"name":"wp","href":"https:\/\/api.w.org\/{rel}","templated":true}]}}