{"id":34958,"date":"2026-04-17T13:43:36","date_gmt":"2026-04-17T13:43:36","guid":{"rendered":"https:\/\/singuli.wpress.me\/index.php\/proizvod\/lenor-sicilia-omeksivac-59-pranja-1-239-l\/"},"modified":"2026-04-20T12:33:13","modified_gmt":"2026-04-20T12:33:13","slug":"lenor-sicilia-omeksivac-59-pranja-1-239-l","status":"publish","type":"product","link":"https:\/\/singuli.wpress.me\/index.php\/proizvod\/lenor-sicilia-omeksivac-59-pranja-1-239-l\/","title":{"rendered":"LENOR Sicilia, omek\u0161iva\u010d, 59 pranja, 1.239\u00a0l"},"content":{"rendered":"<p>U\u017eivajte u suncu, osjetite toplinu i nasmijte se. Tople note jantara i sijamskog drva susre\u0107u se s nje\u017eno osvje\u017eavaju\u0107im, umiruju\u0107im cvjetovima lipe i nevena. Omek\u0161iva\u010d Lenor Linden Blossom &amp; Calendula pru\u017ea dugotrajnu svje\u017einu svje\u017eoj posteljini do tjedan dana. Tkanina omek\u0161iva\u010d pru\u017ea osje\u0107aj ugode, poma\u017ee u smanjenju gu\u017evanja i \u010dini gla\u010danje ugodnim na svim va\u0161im tkaninama uz Lenore najbolju svje\u017einu i meko\u0107u biljnog porijekla.<\/p>\n<p>&#8211; Omek\u0161iva\u010d za rublje koji pru\u017ea dugotrajnu svje\u017einu i osje\u0107aj svje\u017ee posteljine svaku ve\u010der do tjedan dana.<br \/>\n&#8211; Omek\u0161iva\u010d za meko\u0107u i udobnost, manje gu\u017evanja i lak\u0161e gla\u010danje.<br \/>\n&#8211; Dermatolo\u0161ki ispitano<br \/>\n&#8211; Boca je izra\u0111ena od 50% reciklirane plastike<\/p>\n<p>Savjet: Koristite s Ariel deterd\u017eentom za dubinsko \u010di\u0161\u0107enje i uskla\u0111ivanje mirisa.<\/p>\n","protected":false},"excerpt":{"rendered":"<p>Tople note jantara i sijamskog drva susre\u0107u se s nje\u017eno osvje\u017eavaju\u0107im, umiruju\u0107im cvjetovima lipe i nevena<br \/>\nZa osje\u0107aj meko\u0107e i udobnosti, manje gu\u017evanja i lak\u0161eg gla\u010danja<br \/>\nDermatolo\u0161ki ispitano<\/p>\n","protected":false},"featured_media":34959,"template":"","meta":{"_seopress_robots_primary_cat":"","_seopress_titles_title":"","_seopress_titles_desc":"","_seopress_robots_index":"","iawp_total_views":0},"product_brand":[446],"product_cat":[283,238],"product_tag":[],"class_list":{"0":"post-34958","1":"product","2":"type-product","3":"status-publish","4":"has-post-thumbnail","6":"product_brand-lenor","7":"product_cat-pranje-rublja-238","8":"product_cat-sve-za-dom","10":"first","11":"instock","12":"shipping-taxable","13":"purchasable","14":"product-type-simple"},"_links":{"self":[{"href":"https:\/\/singuli.wpress.me\/index.php\/wp-json\/wp\/v2\/product\/34958","targetHints":{"allow":["GET"]}}],"collection":[{"href":"https:\/\/singuli.wpress.me\/index.php\/wp-json\/wp\/v2\/product"}],"about":[{"href":"https:\/\/singuli.wpress.me\/index.php\/wp-json\/wp\/v2\/types\/product"}],"version-history":[{"count":0,"href":"https:\/\/singuli.wpress.me\/index.php\/wp-json\/wp\/v2\/product\/34958\/revisions"}],"wp:featuredmedia":[{"embeddable":true,"href":"https:\/\/singuli.wpress.me\/index.php\/wp-json\/wp\/v2\/media\/34959"}],"wp:attachment":[{"href":"https:\/\/singuli.wpress.me\/index.php\/wp-json\/wp\/v2\/media?parent=34958"}],"wp:term":[{"taxonomy":"product_brand","embeddable":true,"href":"https:\/\/singuli.wpress.me\/index.php\/wp-json\/wp\/v2\/product_brand?post=34958"},{"taxonomy":"product_cat","embeddable":true,"href":"https:\/\/singuli.wpress.me\/index.php\/wp-json\/wp\/v2\/product_cat?post=34958"},{"taxonomy":"product_tag","embeddable":true,"href":"https:\/\/singuli.wpress.me\/index.php\/wp-json\/wp\/v2\/product_tag?post=34958"}],"curies":[{"name":"wp","href":"https:\/\/api.w.org\/{rel}","templated":true}]}}