{"id":34969,"date":"2026-04-17T13:43:39","date_gmt":"2026-04-17T13:43:39","guid":{"rendered":"https:\/\/singuli.wpress.me\/index.php\/proizvod\/lenor-spring-awakening-mirisne-perlice-195-g\/"},"modified":"2026-04-20T12:33:13","modified_gmt":"2026-04-20T12:33:13","slug":"lenor-spring-awakening-mirisne-perlice-195-g","status":"publish","type":"product","link":"https:\/\/singuli.wpress.me\/index.php\/proizvod\/lenor-spring-awakening-mirisne-perlice-195-g\/","title":{"rendered":"LENOR Spring Awakening, mirisne perlice, 195\u00a0g"},"content":{"rendered":"<p><span style=\"font-weight: bold\">Otkrijte mirisne perlice za rublje Lenor<\/span>, najnoviji Lenorov proizvod uz koji se osje\u0107ate dobro. <\/p>\n<p>Za dodatnu svje\u017einu pri svakom pranju (do 12 tjedana u ormaru), Lenor pro\u017eima va\u0161u odje\u0107u mirisom Spring Awakening. <\/p>\n<p>Kada vas obavije miris proljetnog cvije\u0107a s da\u0161kom prirodnog pa\u010dulija i bijelog cedra, mo\u017eete se veseliti revitaliziraju\u0107em, obnavljaju\u0107em iskustvu zbog kojega \u0107ete se osje\u0107ati energi\u010dnije i svje\u017eije. <\/p>\n<p>Mirisne perlice za rublje Lenor Spring Awakening osmi\u0161ljene su kako bi djelovale u savr\u0161enom skladu s omek\u0161iva\u010dem Lenor Spring Awakening. <\/p>\n<p>Svaki za sebe predivni\u2026 zajedno neodoljivi. Osje\u0107am se dobro u Lenoru.<\/p>\n","protected":false},"excerpt":{"rendered":"<p>Jo\u0161 vi\u0161e mirisa koji volite<br \/>\nMirisne perlice za rublje pro\u017eete proljetnim cvije\u0107em, notama prirodnog pa\u010dulija i bijelog cedra<br \/>\nIntenzivna svje\u017eina pri svakom pranju<\/p>\n","protected":false},"featured_media":34970,"template":"","meta":{"_seopress_robots_primary_cat":"","_seopress_titles_title":"","_seopress_titles_desc":"","_seopress_robots_index":"","iawp_total_views":0},"product_brand":[446],"product_cat":[294,238],"product_tag":[],"class_list":{"0":"post-34969","1":"product","2":"type-product","3":"status-publish","4":"has-post-thumbnail","6":"product_brand-lenor","7":"product_cat-osvjezivaci-zraka-238","8":"product_cat-sve-za-dom","10":"first","11":"instock","12":"shipping-taxable","13":"purchasable","14":"product-type-simple"},"_links":{"self":[{"href":"https:\/\/singuli.wpress.me\/index.php\/wp-json\/wp\/v2\/product\/34969","targetHints":{"allow":["GET"]}}],"collection":[{"href":"https:\/\/singuli.wpress.me\/index.php\/wp-json\/wp\/v2\/product"}],"about":[{"href":"https:\/\/singuli.wpress.me\/index.php\/wp-json\/wp\/v2\/types\/product"}],"version-history":[{"count":0,"href":"https:\/\/singuli.wpress.me\/index.php\/wp-json\/wp\/v2\/product\/34969\/revisions"}],"wp:featuredmedia":[{"embeddable":true,"href":"https:\/\/singuli.wpress.me\/index.php\/wp-json\/wp\/v2\/media\/34970"}],"wp:attachment":[{"href":"https:\/\/singuli.wpress.me\/index.php\/wp-json\/wp\/v2\/media?parent=34969"}],"wp:term":[{"taxonomy":"product_brand","embeddable":true,"href":"https:\/\/singuli.wpress.me\/index.php\/wp-json\/wp\/v2\/product_brand?post=34969"},{"taxonomy":"product_cat","embeddable":true,"href":"https:\/\/singuli.wpress.me\/index.php\/wp-json\/wp\/v2\/product_cat?post=34969"},{"taxonomy":"product_tag","embeddable":true,"href":"https:\/\/singuli.wpress.me\/index.php\/wp-json\/wp\/v2\/product_tag?post=34969"}],"curies":[{"name":"wp","href":"https:\/\/api.w.org\/{rel}","templated":true}]}}