{"id":34982,"date":"2026-04-17T13:43:41","date_gmt":"2026-04-17T13:43:41","guid":{"rendered":"https:\/\/singuli.wpress.me\/index.php\/proizvod\/basic-fun-misfittens-plisana-igracka-macka\/"},"modified":"2026-04-20T12:33:14","modified_gmt":"2026-04-20T12:33:14","slug":"basic-fun-misfittens-plisana-igracka-macka","status":"publish","type":"product","link":"https:\/\/singuli.wpress.me\/index.php\/proizvod\/basic-fun-misfittens-plisana-igracka-macka\/","title":{"rendered":"BASIC FUN Misfittens, pli\u0161ana igra\u010dka, ma\u010dka"},"content":{"rendered":"<p>Vra\u0107aju se nesta\u0161ni ma\u010di\u0107i koji se obo\u017eavaju gurati u premale prostore \u2013 ali ovaj put dovode i prijatelje!<br \/>\nPripremi se za urnebesne avanture s Misfittens pli\u0161ancima! Ove preslatke \u017eivotinje imaju svjetlucave nosi\u0107e poput dragulja i dolaze u raznim \u017eivahnim bojama \u2013 spremne su za igru! Inspirirani viralnim trendom #IFitsISits, stisnuli su se u si\u0107u\u0161ne tajanstvene kapsule i sada trebaju tvoju pomo\u0107 da ih oslobodi\u0161! Izvuci svog novog prijatelja iz kapsule i pogledaj kako raste na DVOSTRUKU veli\u010dinu!<br \/>\nZatim mu pomozi da prona\u0111e jo\u0161 sitnih prostora u koje \u0107e se ugurati! <br \/>\nSkupljaj nove \u017eivotinjske prijatelje \u2013 lisicu, aksolotla, zeca, geparda i jo\u0161 mnoge druge! Prikupi ih sve i stvori beskrajne zabavne avanture!<br \/>\nDob: 4+<\/p>\n","protected":false},"excerpt":{"rendered":"<p>Ove preslatke \u017eivotinje imaju svjetlucave nosi\u0107e poput dragulja i dolaze u raznim \u017eivahnim bojama<br \/>\nInspirirani viralnim trendom #IFitsISits, stisnuli su se u si\u0107u\u0161ne tajanstvene kapsule<br \/>\nDob: 4+ god<\/p>\n","protected":false},"featured_media":34983,"template":"","meta":{"_seopress_robots_primary_cat":"","_seopress_titles_title":"","_seopress_titles_desc":"","_seopress_robots_index":"","iawp_total_views":0},"product_brand":[537],"product_cat":[221,291],"product_tag":[],"class_list":{"0":"post-34982","1":"product","2":"type-product","3":"status-publish","4":"has-post-thumbnail","6":"product_brand-basic-fun","7":"product_cat-igracke","8":"product_cat-igracke-za-djecu-221","10":"first","11":"instock","12":"shipping-taxable","13":"purchasable","14":"product-type-simple"},"_links":{"self":[{"href":"https:\/\/singuli.wpress.me\/index.php\/wp-json\/wp\/v2\/product\/34982","targetHints":{"allow":["GET"]}}],"collection":[{"href":"https:\/\/singuli.wpress.me\/index.php\/wp-json\/wp\/v2\/product"}],"about":[{"href":"https:\/\/singuli.wpress.me\/index.php\/wp-json\/wp\/v2\/types\/product"}],"version-history":[{"count":0,"href":"https:\/\/singuli.wpress.me\/index.php\/wp-json\/wp\/v2\/product\/34982\/revisions"}],"wp:featuredmedia":[{"embeddable":true,"href":"https:\/\/singuli.wpress.me\/index.php\/wp-json\/wp\/v2\/media\/34983"}],"wp:attachment":[{"href":"https:\/\/singuli.wpress.me\/index.php\/wp-json\/wp\/v2\/media?parent=34982"}],"wp:term":[{"taxonomy":"product_brand","embeddable":true,"href":"https:\/\/singuli.wpress.me\/index.php\/wp-json\/wp\/v2\/product_brand?post=34982"},{"taxonomy":"product_cat","embeddable":true,"href":"https:\/\/singuli.wpress.me\/index.php\/wp-json\/wp\/v2\/product_cat?post=34982"},{"taxonomy":"product_tag","embeddable":true,"href":"https:\/\/singuli.wpress.me\/index.php\/wp-json\/wp\/v2\/product_tag?post=34982"}],"curies":[{"name":"wp","href":"https:\/\/api.w.org\/{rel}","templated":true}]}}