{"id":34999,"date":"2026-04-17T13:43:47","date_gmt":"2026-04-17T13:43:47","guid":{"rendered":"https:\/\/singuli.wpress.me\/index.php\/proizvod\/littlest-pet-shop-set-za-igru-zabavna-vecera\/"},"modified":"2026-04-20T12:33:14","modified_gmt":"2026-04-20T12:33:14","slug":"littlest-pet-shop-set-za-igru-zabavna-vecera","status":"publish","type":"product","link":"https:\/\/singuli.wpress.me\/index.php\/proizvod\/littlest-pet-shop-set-za-igru-zabavna-vecera\/","title":{"rendered":"LITTLEST PET SHOP, set za igru, Zabavna ve\u010dera"},"content":{"rendered":"<p>Pripremite se za ugodnu no\u0107 zabave s <span style=\"font-weight: bold\">Littlest Pet Shop Diner Dash setom<\/span>! Ovaj set uklju\u010duje 3 preslatke ma\u010dke koje ma\u0161u glavom &#8211; #166 Naran\u010dasta ma\u010dka, #167 Ru\u017ei\u010dasta ma\u010dkica i #168 Siva ma\u010dka &#8211; koje su spremne u\u017eivati u ukusnoj ve\u010deri s tobom. S 6 \u0161arenih dodataka, uklju\u010duju\u0107i kau\u010d, prijenosno ra\u010dunalo, hamburger, kokice, sushi i pomfrit, tvoji ljubimci \u0107e biti siti i udobno smje\u0161teni dok se opu\u0161taju zajedno.<br \/>\nBilo da je u pitanju opu\u0161taju\u0107a filmska ve\u010der ili zabavna ve\u010dera, ove ma\u010dke koje ma\u0161u glavom spremne su na sve! Iskoristi kolekcionarsku karticu kako bi otkrio jedinstvenu osobnost svog ljubimca, njegovu razinu i rijetkost \u2013 ho\u0107e li biti najlukaviji, naj\u0161armantniji ili ne\u0161to drugo? Zatim, iskoristi kod na svojoj kolekcionarskoj kartici za otklju\u010davanje uzbudljivih digitalnih iznena\u0111enja poput nov\u010di\u0107a, dragulja ili cool iznena\u0111enja u virtualnom Littlest Pet Shop svijetu.<br \/>\nOvo je ultimativni spa dan za va\u0161e ljubimce, kako u stvarnom \u017eivotu, tako i online! <br \/>\nDob: 4+god<\/p>\n","protected":false},"excerpt":{"rendered":"<p>Set uklju\u010duje 3 preslatke ma\u010dke koje ma\u0161u glavom i 6 dodataka za igru (hamburger, sushi, laptop&#8230;)<br \/>\nSadr\u017ei kolekcionarsku karticu i kod za digitalna iznena\u0111enja<br \/>\nDob: 4+ god<\/p>\n","protected":false},"featured_media":35000,"template":"","meta":{"_seopress_robots_primary_cat":"","_seopress_titles_title":"","_seopress_titles_desc":"","_seopress_robots_index":"","iawp_total_views":0},"product_brand":[766],"product_cat":[274,238],"product_tag":[],"class_list":{"0":"post-34999","1":"product","2":"type-product","3":"status-publish","4":"has-post-thumbnail","6":"product_brand-littlest-pet-shop","7":"product_cat-kucanski-pribor-238","8":"product_cat-sve-za-dom","10":"first","11":"instock","12":"shipping-taxable","13":"purchasable","14":"product-type-simple"},"_links":{"self":[{"href":"https:\/\/singuli.wpress.me\/index.php\/wp-json\/wp\/v2\/product\/34999","targetHints":{"allow":["GET"]}}],"collection":[{"href":"https:\/\/singuli.wpress.me\/index.php\/wp-json\/wp\/v2\/product"}],"about":[{"href":"https:\/\/singuli.wpress.me\/index.php\/wp-json\/wp\/v2\/types\/product"}],"version-history":[{"count":0,"href":"https:\/\/singuli.wpress.me\/index.php\/wp-json\/wp\/v2\/product\/34999\/revisions"}],"wp:featuredmedia":[{"embeddable":true,"href":"https:\/\/singuli.wpress.me\/index.php\/wp-json\/wp\/v2\/media\/35000"}],"wp:attachment":[{"href":"https:\/\/singuli.wpress.me\/index.php\/wp-json\/wp\/v2\/media?parent=34999"}],"wp:term":[{"taxonomy":"product_brand","embeddable":true,"href":"https:\/\/singuli.wpress.me\/index.php\/wp-json\/wp\/v2\/product_brand?post=34999"},{"taxonomy":"product_cat","embeddable":true,"href":"https:\/\/singuli.wpress.me\/index.php\/wp-json\/wp\/v2\/product_cat?post=34999"},{"taxonomy":"product_tag","embeddable":true,"href":"https:\/\/singuli.wpress.me\/index.php\/wp-json\/wp\/v2\/product_tag?post=34999"}],"curies":[{"name":"wp","href":"https:\/\/api.w.org\/{rel}","templated":true}]}}