{"id":35001,"date":"2026-04-17T13:43:47","date_gmt":"2026-04-17T13:43:47","guid":{"rendered":"https:\/\/singuli.wpress.me\/index.php\/proizvod\/littlest-pet-shop-littlest-pet-shop-plisana-igracka\/"},"modified":"2026-04-21T00:26:42","modified_gmt":"2026-04-21T00:26:42","slug":"littlest-pet-shop-littlest-pet-shop-plisana-igracka","status":"publish","type":"product","link":"https:\/\/singuli.wpress.me\/index.php\/proizvod\/littlest-pet-shop-littlest-pet-shop-plisana-igracka\/","title":{"rendered":"LITTLEST PET SHOP Littlest Pet Shop, pli\u0161ana igra\u010dka"},"content":{"rendered":"<p>Otkrijte najmek\u0161e nove prijatelje s <span style=\"font-weight: bold\">Littlest Pet Shop mini pli\u0161 ljubimcima<\/span>! Skriveni unutar zabavnih kapsula, ovi preslatki pli\u0161ani ljubimci spremni su pridru\u017eiti se va\u0161oj Littlest Pet Shop ekipi. Otvorite kapsulu i otkrijte jednog od 12 umiljatih ljubimaca, uklju\u010duju\u0107i pandu, ma\u010dku, svinju, kravu, zeca i mnoge druge! Svaki ljubimac napravljen je od super mekanih materijala, savr\u0161enih za ma\u017eenje ili no\u0161enje sa sobom. <br \/>\nS njihovim slatkim stilovima, zabavnim osobnostima i preslatkim izrazima, ovi pli\u0161ani ljubimci jednostavno su neodoljivi! I zabava tu ne staje! Iskoristite kod na svojoj kolekcionarskoj kartici za otklju\u010davanje digitalnih iznena\u0111enja poput nov\u010di\u0107a, dragulja ili cool iznena\u0111enja u virtualnom Littlest Pet Shop svijetu.<br \/>\nSakupite svih 12 pli\u0161anih ljubimaca i krenite na beskrajne Littlest avanture, kako u stvarnom \u017eivotu, tako i online! <br \/>\nDob: 4+god<\/p>\n","protected":false},"excerpt":{"rendered":"<p>Mini pli\u0161ani ljubimci u kapsulama, 12 razli\u010ditih za sakupljanje<br \/>\nIzra\u0111eni od super mekanih materijala, idealni za ma\u017eenje i igru<br \/>\nDob: 4+ god<\/p>\n","protected":false},"featured_media":35002,"template":"","meta":{"_seopress_robots_primary_cat":"","_seopress_titles_title":"","_seopress_titles_desc":"","_seopress_robots_index":"","iawp_total_views":0},"product_brand":[766],"product_cat":[221,291],"product_tag":[],"class_list":{"0":"post-35001","1":"product","2":"type-product","3":"status-publish","4":"has-post-thumbnail","6":"product_brand-littlest-pet-shop","7":"product_cat-igracke","8":"product_cat-igracke-za-djecu-221","10":"first","11":"instock","12":"shipping-taxable","13":"purchasable","14":"product-type-simple"},"_links":{"self":[{"href":"https:\/\/singuli.wpress.me\/index.php\/wp-json\/wp\/v2\/product\/35001","targetHints":{"allow":["GET"]}}],"collection":[{"href":"https:\/\/singuli.wpress.me\/index.php\/wp-json\/wp\/v2\/product"}],"about":[{"href":"https:\/\/singuli.wpress.me\/index.php\/wp-json\/wp\/v2\/types\/product"}],"version-history":[{"count":0,"href":"https:\/\/singuli.wpress.me\/index.php\/wp-json\/wp\/v2\/product\/35001\/revisions"}],"wp:featuredmedia":[{"embeddable":true,"href":"https:\/\/singuli.wpress.me\/index.php\/wp-json\/wp\/v2\/media\/35002"}],"wp:attachment":[{"href":"https:\/\/singuli.wpress.me\/index.php\/wp-json\/wp\/v2\/media?parent=35001"}],"wp:term":[{"taxonomy":"product_brand","embeddable":true,"href":"https:\/\/singuli.wpress.me\/index.php\/wp-json\/wp\/v2\/product_brand?post=35001"},{"taxonomy":"product_cat","embeddable":true,"href":"https:\/\/singuli.wpress.me\/index.php\/wp-json\/wp\/v2\/product_cat?post=35001"},{"taxonomy":"product_tag","embeddable":true,"href":"https:\/\/singuli.wpress.me\/index.php\/wp-json\/wp\/v2\/product_tag?post=35001"}],"curies":[{"name":"wp","href":"https:\/\/api.w.org\/{rel}","templated":true}]}}