{"id":35007,"date":"2026-04-17T13:43:49","date_gmt":"2026-04-17T13:43:49","guid":{"rendered":"https:\/\/singuli.wpress.me\/index.php\/proizvod\/littlest-pet-shop-set-za-igru-spa-tretman\/"},"modified":"2026-04-20T12:33:14","modified_gmt":"2026-04-20T12:33:14","slug":"littlest-pet-shop-set-za-igru-spa-tretman","status":"publish","type":"product","link":"https:\/\/singuli.wpress.me\/index.php\/proizvod\/littlest-pet-shop-set-za-igru-spa-tretman\/","title":{"rendered":"LITTLEST PET SHOP, set za igru, Spa tretman"},"content":{"rendered":"<p>Pru\u017eite svojim ljubimcima luksuznu njegu s <span style=\"font-weight: bold\">Littlest Pet Shop Spa setom<\/span>! Ovaj set uklju\u010duje 3 preslatka ljubimca koji ma\u0161u glavom &#8211; \u2013 #172 Jazav\u010dar, #173 Sijamska ma\u010dka i #174 Pomeranac &#8211; svaki sa svojim jedinstvenim stilom i spremni za zabavan dan u spa centru. O\u010distite ih i zasjajte s 6 \u0161arenih spa dodataka, uklju\u010duju\u0107i \u010detku, fen za kosu, pa \u010dak i \u017eutog pa\u010di\u0107a za u\u017eivanje u kupanju!<br \/>\nBilo da ih sakupljate ili mijenjate, ovi ljubimci savr\u0161eni su dodatak va\u0161oj Littlest Pet Shop ekipi!<br \/>\nNe zaboravite provjeriti svoju kolekcionarsku karticu i otkriti jedinstvenu osobnost va\u0161eg ljubimca, njegovu razinu i rijetkost &#8211; ho\u0107e li biti najlukaviji, naj\u0161armantniji ili ne\u0161to drugo? Osim toga, otklju\u010dajte digitalna iznena\u0111enja s kodom na svojoj kolekcionarskoj kartici za dodatnu zabavu u virtualnom Littlest Pet Shop svijetu.<br \/>\nOvo je ultimativni spa dan za va\u0161e ljubimce, kako u stvarnom \u017eivotu, tako i online! <br \/>\nDob: 4+god<\/p>\n","protected":false},"excerpt":{"rendered":"<p>Spa set s 3 ljubimca i 6 dodataka za igru i njegu<br \/>\nUklju\u010duje karticu s kodom za digitalni sadr\u017eaj<br \/>\nDob: 4+ god<\/p>\n","protected":false},"featured_media":35008,"template":"","meta":{"_seopress_robots_primary_cat":"","_seopress_titles_title":"","_seopress_titles_desc":"","_seopress_robots_index":"","iawp_total_views":0},"product_brand":[766],"product_cat":[274,238],"product_tag":[],"class_list":{"0":"post-35007","1":"product","2":"type-product","3":"status-publish","4":"has-post-thumbnail","6":"product_brand-littlest-pet-shop","7":"product_cat-kucanski-pribor-238","8":"product_cat-sve-za-dom","10":"first","11":"instock","12":"shipping-taxable","13":"purchasable","14":"product-type-simple"},"_links":{"self":[{"href":"https:\/\/singuli.wpress.me\/index.php\/wp-json\/wp\/v2\/product\/35007","targetHints":{"allow":["GET"]}}],"collection":[{"href":"https:\/\/singuli.wpress.me\/index.php\/wp-json\/wp\/v2\/product"}],"about":[{"href":"https:\/\/singuli.wpress.me\/index.php\/wp-json\/wp\/v2\/types\/product"}],"version-history":[{"count":0,"href":"https:\/\/singuli.wpress.me\/index.php\/wp-json\/wp\/v2\/product\/35007\/revisions"}],"wp:featuredmedia":[{"embeddable":true,"href":"https:\/\/singuli.wpress.me\/index.php\/wp-json\/wp\/v2\/media\/35008"}],"wp:attachment":[{"href":"https:\/\/singuli.wpress.me\/index.php\/wp-json\/wp\/v2\/media?parent=35007"}],"wp:term":[{"taxonomy":"product_brand","embeddable":true,"href":"https:\/\/singuli.wpress.me\/index.php\/wp-json\/wp\/v2\/product_brand?post=35007"},{"taxonomy":"product_cat","embeddable":true,"href":"https:\/\/singuli.wpress.me\/index.php\/wp-json\/wp\/v2\/product_cat?post=35007"},{"taxonomy":"product_tag","embeddable":true,"href":"https:\/\/singuli.wpress.me\/index.php\/wp-json\/wp\/v2\/product_tag?post=35007"}],"curies":[{"name":"wp","href":"https:\/\/api.w.org\/{rel}","templated":true}]}}