{"id":35013,"date":"2026-04-17T13:43:52","date_gmt":"2026-04-17T13:43:52","guid":{"rendered":"https:\/\/singuli.wpress.me\/index.php\/proizvod\/littlest-pet-shop-mini-figure-3pack\/"},"modified":"2026-04-21T00:26:42","modified_gmt":"2026-04-21T00:26:42","slug":"littlest-pet-shop-mini-figure-3pack","status":"publish","type":"product","link":"https:\/\/singuli.wpress.me\/index.php\/proizvod\/littlest-pet-shop-mini-figure-3pack\/","title":{"rendered":"LITTLEST PET SHOP, mini figure, 3pack"},"content":{"rendered":"<p>Pripremite se za tri puta vi\u0161e zabave s<span style=\"font-weight: bold\"> Littlest Pet Shop, Serija 3<\/span>! <br \/>\nOva najnovija kolekcija sadr\u017ei tri tematske tube \u2013 Forest Pets, Barnyard Pets i Backyard Pets \u2013 svaka sadr\u017ei tri ljubimca koji ma\u0161u glavom i malim dodacima za beskrajne mogu\u0107nosti igre.<br \/>\nU Forest Pets tubi na\u0107i \u0107ete sovu, jelena i lisicu, spremne za \u0161umske avanture, dok Barnyard Pets donosi konja, pijetla i terijera ravno s farme. Backyard Pets, s mravom, \u0161panijelom i kornja\u010dom, savr\u0161eni su za vanjsku zabavu!<br \/>\nSvaka tuba uklju\u010duje tri \u0161arena dodatka koja o\u017eivljavaju tvoje najmanje avanture \u2013 bilo da je to u\u017ee, igra\u010dka mi\u0161 ili ukusna kri\u0161ka pizze, tvoj Littlest Pet Shop tim uvijek ima ne\u0161to novo za igru.<br \/>\nUz to, svaki set uklju\u010duje kolekcionarsku karticu s posebnim kodom za otklju\u010davanje digitalnog iznena\u0111enja, tako da zabava traje i online! <br \/>\nDob: 4+god<\/p>\n","protected":false},"excerpt":{"rendered":"<p>Set od 3 figurice s tematskim tubama (Forest, Barnyard i Backyard Pets) za jo\u0161 vi\u0161e zabave<br \/>\nSvaki ljubimac dolazi s dodatkom i kodom za digitalni sadr\u017eaj<br \/>\nDob: 4+ god<\/p>\n","protected":false},"featured_media":35014,"template":"","meta":{"_seopress_robots_primary_cat":"","_seopress_titles_title":"","_seopress_titles_desc":"","_seopress_robots_index":"","iawp_total_views":0},"product_brand":[766],"product_cat":[274,238],"product_tag":[],"class_list":{"0":"post-35013","1":"product","2":"type-product","3":"status-publish","4":"has-post-thumbnail","6":"product_brand-littlest-pet-shop","7":"product_cat-kucanski-pribor-238","8":"product_cat-sve-za-dom","10":"first","11":"instock","12":"shipping-taxable","13":"purchasable","14":"product-type-simple"},"_links":{"self":[{"href":"https:\/\/singuli.wpress.me\/index.php\/wp-json\/wp\/v2\/product\/35013","targetHints":{"allow":["GET"]}}],"collection":[{"href":"https:\/\/singuli.wpress.me\/index.php\/wp-json\/wp\/v2\/product"}],"about":[{"href":"https:\/\/singuli.wpress.me\/index.php\/wp-json\/wp\/v2\/types\/product"}],"version-history":[{"count":0,"href":"https:\/\/singuli.wpress.me\/index.php\/wp-json\/wp\/v2\/product\/35013\/revisions"}],"wp:featuredmedia":[{"embeddable":true,"href":"https:\/\/singuli.wpress.me\/index.php\/wp-json\/wp\/v2\/media\/35014"}],"wp:attachment":[{"href":"https:\/\/singuli.wpress.me\/index.php\/wp-json\/wp\/v2\/media?parent=35013"}],"wp:term":[{"taxonomy":"product_brand","embeddable":true,"href":"https:\/\/singuli.wpress.me\/index.php\/wp-json\/wp\/v2\/product_brand?post=35013"},{"taxonomy":"product_cat","embeddable":true,"href":"https:\/\/singuli.wpress.me\/index.php\/wp-json\/wp\/v2\/product_cat?post=35013"},{"taxonomy":"product_tag","embeddable":true,"href":"https:\/\/singuli.wpress.me\/index.php\/wp-json\/wp\/v2\/product_tag?post=35013"}],"curies":[{"name":"wp","href":"https:\/\/api.w.org\/{rel}","templated":true}]}}