{"id":35020,"date":"2026-04-17T13:43:54","date_gmt":"2026-04-17T13:43:54","guid":{"rendered":"https:\/\/singuli.wpress.me\/index.php\/proizvod\/karlovacko-grejp-radler-0-5-l-2\/"},"modified":"2026-04-21T00:26:42","modified_gmt":"2026-04-21T00:26:42","slug":"karlovacko-grejp-radler-0-5-l-2","status":"publish","type":"product","link":"https:\/\/singuli.wpress.me\/index.php\/proizvod\/karlovacko-grejp-radler-0-5-l-2\/","title":{"rendered":"KARLOVA\u010cKO grejp, radler, 0.5\u00a0l"},"content":{"rendered":"<p>Karlova\u010dko Radler Grejp je savr\u0161eno osvje\u017eenje koje spaja lagano svijetlo lager pivo sa sokom od grejpa. Ovaj prirodno osvje\u017eavaju\u0107i napitak idealan je za svaku prigodu \u2013 bilo da se opu\u0161tate s prijateljima, u\u017eivate u slobodnom vremenu ili tra\u017eite savr\u0161eno pi\u0107e nakon napornog dana. Karlova\u010dko Radler Grejp dolazi u limenci od 0,5 l.<\/p>\n","protected":false},"excerpt":{"rendered":"<p>Karlova\u010dko Radler Grejp savr\u0161eno kombinira lagano lager pivo i prirodni sok od grejpa, pru\u017eaju\u0107i osvje\u017eavaju\u0107i i izbalansiran okus<br \/>\nNapravljen od prirodnih sastojaka, ovaj radler je idealan izbor za sve koji tra\u017ee lagano pi\u0107e, a istovremeno \u017eele u\u017eivati u punom okusu<\/p>\n","protected":false},"featured_media":35021,"template":"","meta":{"_seopress_robots_primary_cat":"","_seopress_titles_title":"","_seopress_titles_desc":"","_seopress_robots_index":"","iawp_total_views":0},"product_brand":[526],"product_cat":[298,261],"product_tag":[],"class_list":{"0":"post-35020","1":"product","2":"type-product","3":"status-publish","4":"has-post-thumbnail","6":"product_brand-karlovacko","7":"product_cat-alkoholna-pica-261","8":"product_cat-hrana-i-pice","10":"first","11":"outofstock","12":"shipping-taxable","13":"purchasable","14":"product-type-simple"},"_links":{"self":[{"href":"https:\/\/singuli.wpress.me\/index.php\/wp-json\/wp\/v2\/product\/35020","targetHints":{"allow":["GET"]}}],"collection":[{"href":"https:\/\/singuli.wpress.me\/index.php\/wp-json\/wp\/v2\/product"}],"about":[{"href":"https:\/\/singuli.wpress.me\/index.php\/wp-json\/wp\/v2\/types\/product"}],"version-history":[{"count":0,"href":"https:\/\/singuli.wpress.me\/index.php\/wp-json\/wp\/v2\/product\/35020\/revisions"}],"wp:featuredmedia":[{"embeddable":true,"href":"https:\/\/singuli.wpress.me\/index.php\/wp-json\/wp\/v2\/media\/35021"}],"wp:attachment":[{"href":"https:\/\/singuli.wpress.me\/index.php\/wp-json\/wp\/v2\/media?parent=35020"}],"wp:term":[{"taxonomy":"product_brand","embeddable":true,"href":"https:\/\/singuli.wpress.me\/index.php\/wp-json\/wp\/v2\/product_brand?post=35020"},{"taxonomy":"product_cat","embeddable":true,"href":"https:\/\/singuli.wpress.me\/index.php\/wp-json\/wp\/v2\/product_cat?post=35020"},{"taxonomy":"product_tag","embeddable":true,"href":"https:\/\/singuli.wpress.me\/index.php\/wp-json\/wp\/v2\/product_tag?post=35020"}],"curies":[{"name":"wp","href":"https:\/\/api.w.org\/{rel}","templated":true}]}}