{"id":35022,"date":"2026-04-17T13:43:55","date_gmt":"2026-04-17T13:43:55","guid":{"rendered":"https:\/\/singuli.wpress.me\/index.php\/proizvod\/oral-b-proexpert-advanced-deep-clean-zubna-cetkica\/"},"modified":"2026-04-20T12:33:14","modified_gmt":"2026-04-20T12:33:14","slug":"oral-b-proexpert-advanced-deep-clean-zubna-cetkica","status":"publish","type":"product","link":"https:\/\/singuli.wpress.me\/index.php\/proizvod\/oral-b-proexpert-advanced-deep-clean-zubna-cetkica\/","title":{"rendered":"ORAL-B ProExpert Advanced Deep Clean, zubna \u010detkica"},"content":{"rendered":"<p>Odaberite temeljito i nje\u017eno \u010di\u0161\u0107enje uz <span style=\"font-weight: bold\">Oral-B ProExpert Advanced Deep Clean<\/span> \u010detkicu za zube. Ova ru\u010dna \u010detkica koristi jedinstvene ukri\u017eeno postavljene dla\u010dice kako bi dublje prodrla izme\u0111u zuba i uklonila vi\u0161e zubnih naslaga u usporedbi s obi\u010dnom \u010detkicom. Vi\u0161estruko rezana vlakna omogu\u0107uju bolji zahvat i u\u010dinkovitije uklanjanje tvrdokornih naslaga, dok ugra\u0111eni \u010dista\u010d jezika uklanja bakterije s povr\u0161ine jezika.<\/p>\n","protected":false},"excerpt":{"rendered":"<p>Temeljito i nje\u017eno \u010di\u0161\u0107enje zuba<br \/>\n\u010cetkica koristi jedinstvene ukri\u017eeno postavljene dla\u010dice kako bi dublje prodrla izme\u0111u zuba i uklonila vi\u0161e zubnih naslaga<br \/>\nU\u010dinkovito uklanja tvrdokorne mrlje<\/p>\n","protected":false},"featured_media":35023,"template":"","meta":{"_seopress_robots_primary_cat":"","_seopress_titles_title":"","_seopress_titles_desc":"","_seopress_robots_index":"","iawp_total_views":0},"product_brand":[423],"product_cat":[192,208,207],"product_tag":[],"class_list":{"0":"post-35022","1":"product","2":"type-product","3":"status-publish","4":"has-post-thumbnail","6":"product_brand-oral-b-2","7":"product_cat-aparati-za-osobnu-njegu","8":"product_cat-elektricne-i-manualne-cetkice-za-odrasle-i-djecu","9":"product_cat-oralna-higijena","11":"first","12":"outofstock","13":"shipping-taxable","14":"purchasable","15":"product-type-simple"},"_links":{"self":[{"href":"https:\/\/singuli.wpress.me\/index.php\/wp-json\/wp\/v2\/product\/35022","targetHints":{"allow":["GET"]}}],"collection":[{"href":"https:\/\/singuli.wpress.me\/index.php\/wp-json\/wp\/v2\/product"}],"about":[{"href":"https:\/\/singuli.wpress.me\/index.php\/wp-json\/wp\/v2\/types\/product"}],"version-history":[{"count":0,"href":"https:\/\/singuli.wpress.me\/index.php\/wp-json\/wp\/v2\/product\/35022\/revisions"}],"wp:featuredmedia":[{"embeddable":true,"href":"https:\/\/singuli.wpress.me\/index.php\/wp-json\/wp\/v2\/media\/35023"}],"wp:attachment":[{"href":"https:\/\/singuli.wpress.me\/index.php\/wp-json\/wp\/v2\/media?parent=35022"}],"wp:term":[{"taxonomy":"product_brand","embeddable":true,"href":"https:\/\/singuli.wpress.me\/index.php\/wp-json\/wp\/v2\/product_brand?post=35022"},{"taxonomy":"product_cat","embeddable":true,"href":"https:\/\/singuli.wpress.me\/index.php\/wp-json\/wp\/v2\/product_cat?post=35022"},{"taxonomy":"product_tag","embeddable":true,"href":"https:\/\/singuli.wpress.me\/index.php\/wp-json\/wp\/v2\/product_tag?post=35022"}],"curies":[{"name":"wp","href":"https:\/\/api.w.org\/{rel}","templated":true}]}}