{"id":35025,"date":"2026-04-17T13:43:55","date_gmt":"2026-04-17T13:43:55","guid":{"rendered":"https:\/\/singuli.wpress.me\/index.php\/proizvod\/oral-b-sensitive-clinic-xsoft-zubna-cetkica-2-kom\/"},"modified":"2026-04-21T00:26:42","modified_gmt":"2026-04-21T00:26:42","slug":"oral-b-sensitive-clinic-xsoft-zubna-cetkica-2-kom","status":"publish","type":"product","link":"https:\/\/singuli.wpress.me\/index.php\/proizvod\/oral-b-sensitive-clinic-xsoft-zubna-cetkica-2-kom\/","title":{"rendered":"ORAL-B Sensitive Clinic Xsoft, zubna \u010detkica, 2\u00a0kom"},"content":{"rendered":"<p>Klasi\u010dna zubna \u010detkica Oral\u2011B Pro ima kompaktnu glavu koja dopire do problemati\u010dnih podru\u010dja izme\u0111u zubi te omogu\u0107uje napredno, nje\u017eno \u010di\u0161\u0107enje zubi i brigu o desnima bez neugodnog osje\u0107aja. <br \/>\nNjezina vlakna u obliku slova X uklanjaju 30% vi\u0161e naslaga u usporedbi s obi\u010dnim vlaknima. <br \/>\nZubna \u010detkica Oral-B Pro ima i inovativnu valovitu dr\u0161ku sjajnog dizajna.<\/p>\n","protected":false},"excerpt":{"rendered":"<p>Vlakna u obliku slova X za vrhunsko uklanjanje zubnih naslaga u usporedbi s obi\u010dnim vlaknima<br \/>\nUnutarnja vlakna s 4 ruba dopiru do svih kutova i udubljenja zubi za dubinsko \u010di\u0161\u0107enje<br \/>\nIznimno mekana vanjska vlakna za nje\u017eno \u010di\u0161\u0107enje<\/p>\n","protected":false},"featured_media":35026,"template":"","meta":{"_seopress_robots_primary_cat":"","_seopress_titles_title":"","_seopress_titles_desc":"","_seopress_robots_index":"","iawp_total_views":0},"product_brand":[423],"product_cat":[192,208,207],"product_tag":[],"class_list":{"0":"post-35025","1":"product","2":"type-product","3":"status-publish","4":"has-post-thumbnail","6":"product_brand-oral-b-2","7":"product_cat-aparati-za-osobnu-njegu","8":"product_cat-elektricne-i-manualne-cetkice-za-odrasle-i-djecu","9":"product_cat-oralna-higijena","11":"first","12":"instock","13":"shipping-taxable","14":"purchasable","15":"product-type-simple"},"_links":{"self":[{"href":"https:\/\/singuli.wpress.me\/index.php\/wp-json\/wp\/v2\/product\/35025","targetHints":{"allow":["GET"]}}],"collection":[{"href":"https:\/\/singuli.wpress.me\/index.php\/wp-json\/wp\/v2\/product"}],"about":[{"href":"https:\/\/singuli.wpress.me\/index.php\/wp-json\/wp\/v2\/types\/product"}],"version-history":[{"count":0,"href":"https:\/\/singuli.wpress.me\/index.php\/wp-json\/wp\/v2\/product\/35025\/revisions"}],"wp:featuredmedia":[{"embeddable":true,"href":"https:\/\/singuli.wpress.me\/index.php\/wp-json\/wp\/v2\/media\/35026"}],"wp:attachment":[{"href":"https:\/\/singuli.wpress.me\/index.php\/wp-json\/wp\/v2\/media?parent=35025"}],"wp:term":[{"taxonomy":"product_brand","embeddable":true,"href":"https:\/\/singuli.wpress.me\/index.php\/wp-json\/wp\/v2\/product_brand?post=35025"},{"taxonomy":"product_cat","embeddable":true,"href":"https:\/\/singuli.wpress.me\/index.php\/wp-json\/wp\/v2\/product_cat?post=35025"},{"taxonomy":"product_tag","embeddable":true,"href":"https:\/\/singuli.wpress.me\/index.php\/wp-json\/wp\/v2\/product_tag?post=35025"}],"curies":[{"name":"wp","href":"https:\/\/api.w.org\/{rel}","templated":true}]}}