{"id":35028,"date":"2026-04-17T13:43:56","date_gmt":"2026-04-17T13:43:56","guid":{"rendered":"https:\/\/singuli.wpress.me\/index.php\/proizvod\/oral-b-proexpert-deep-clean-zubna-cetkica-2-kom\/"},"modified":"2026-04-20T12:33:14","modified_gmt":"2026-04-20T12:33:14","slug":"oral-b-proexpert-deep-clean-zubna-cetkica-2-kom","status":"publish","type":"product","link":"https:\/\/singuli.wpress.me\/index.php\/proizvod\/oral-b-proexpert-deep-clean-zubna-cetkica-2-kom\/","title":{"rendered":"ORAL-B ProExpert Deep Clean, zubna \u010detkica, 2\u00a0kom"},"content":{"rendered":"<p>Zubna \u010detkica Oral-B Pro-Expert ima vlakna Cross Action koja poma\u017eu ukloniti do 90% zubnih naslaga s te\u0161ko dostupnih podru\u010dja.<\/p>\n","protected":false},"excerpt":{"rendered":"<p>Klasi\u010dna zubna \u010detkica<br \/>\nVlakna Cross Action poma\u017eu ukloniti do 90% zubnih naslaga<br \/>\n\u010cuva zdravlje usne \u0161upljine<\/p>\n","protected":false},"featured_media":35029,"template":"","meta":{"_seopress_robots_primary_cat":"","_seopress_titles_title":"","_seopress_titles_desc":"","_seopress_robots_index":"","iawp_total_views":0},"product_brand":[423],"product_cat":[192,208,207],"product_tag":[],"class_list":{"0":"post-35028","1":"product","2":"type-product","3":"status-publish","4":"has-post-thumbnail","6":"product_brand-oral-b-2","7":"product_cat-aparati-za-osobnu-njegu","8":"product_cat-elektricne-i-manualne-cetkice-za-odrasle-i-djecu","9":"product_cat-oralna-higijena","11":"first","12":"instock","13":"shipping-taxable","14":"purchasable","15":"product-type-simple"},"_links":{"self":[{"href":"https:\/\/singuli.wpress.me\/index.php\/wp-json\/wp\/v2\/product\/35028","targetHints":{"allow":["GET"]}}],"collection":[{"href":"https:\/\/singuli.wpress.me\/index.php\/wp-json\/wp\/v2\/product"}],"about":[{"href":"https:\/\/singuli.wpress.me\/index.php\/wp-json\/wp\/v2\/types\/product"}],"version-history":[{"count":0,"href":"https:\/\/singuli.wpress.me\/index.php\/wp-json\/wp\/v2\/product\/35028\/revisions"}],"wp:featuredmedia":[{"embeddable":true,"href":"https:\/\/singuli.wpress.me\/index.php\/wp-json\/wp\/v2\/media\/35029"}],"wp:attachment":[{"href":"https:\/\/singuli.wpress.me\/index.php\/wp-json\/wp\/v2\/media?parent=35028"}],"wp:term":[{"taxonomy":"product_brand","embeddable":true,"href":"https:\/\/singuli.wpress.me\/index.php\/wp-json\/wp\/v2\/product_brand?post=35028"},{"taxonomy":"product_cat","embeddable":true,"href":"https:\/\/singuli.wpress.me\/index.php\/wp-json\/wp\/v2\/product_cat?post=35028"},{"taxonomy":"product_tag","embeddable":true,"href":"https:\/\/singuli.wpress.me\/index.php\/wp-json\/wp\/v2\/product_tag?post=35028"}],"curies":[{"name":"wp","href":"https:\/\/api.w.org\/{rel}","templated":true}]}}