{"id":35040,"date":"2026-04-17T13:43:59","date_gmt":"2026-04-17T13:43:59","guid":{"rendered":"https:\/\/singuli.wpress.me\/index.php\/proizvod\/gillette-venus-miami-jednokratne-britvice-3-kom\/"},"modified":"2026-04-20T12:33:14","modified_gmt":"2026-04-20T12:33:14","slug":"gillette-venus-miami-jednokratne-britvice-3-kom","status":"publish","type":"product","link":"https:\/\/singuli.wpress.me\/index.php\/proizvod\/gillette-venus-miami-jednokratne-britvice-3-kom\/","title":{"rendered":"GILLETTE Venus Miami, jednokratne britvice, 3\u00a0kom"},"content":{"rendered":"<p>Venusove jednokratne \u017eenske britvice dizajnirane su upravo za \u017eensko tijelo. \u017denske britvice Venus Smooth Miami omogu\u0107uju jednostavno, glatko i temeljito brijanje. Ove jednokratne \u017eenske britvice imaju 3 o\u0161trice koje prate konture tijela te pokretljivu glavu koja se prilago\u0111ava nje\u017enim konturama va\u0161eg tijela. Ergonomska dr\u0161ka ima mekano hvati\u0161te pa britvica dobro sjedi u ruci.<\/p>\n","protected":false},"excerpt":{"rendered":"<p>Dizajne upravo za \u017eene<br \/>\nOmogu\u0107uju jednostavno, glatko i temeljito brijanje<br \/>\nBritvice imaju 3 o\u0161trice koje prate konture tijela te pokretljivu glavu<\/p>\n","protected":false},"featured_media":35041,"template":"","meta":{"_seopress_robots_primary_cat":"","_seopress_titles_title":"","_seopress_titles_desc":"","_seopress_robots_index":"","iawp_total_views":0},"product_brand":[323],"product_cat":[280,192,279],"product_tag":[],"class_list":{"0":"post-35040","1":"product","2":"type-product","3":"status-publish","4":"has-post-thumbnail","6":"product_brand-gillette","7":"product_cat-aparati-za-muskarce-279","8":"product_cat-aparati-za-osobnu-njegu","9":"product_cat-brijanje-i-sisanje-192","11":"first","12":"instock","13":"shipping-taxable","14":"purchasable","15":"product-type-simple"},"_links":{"self":[{"href":"https:\/\/singuli.wpress.me\/index.php\/wp-json\/wp\/v2\/product\/35040","targetHints":{"allow":["GET"]}}],"collection":[{"href":"https:\/\/singuli.wpress.me\/index.php\/wp-json\/wp\/v2\/product"}],"about":[{"href":"https:\/\/singuli.wpress.me\/index.php\/wp-json\/wp\/v2\/types\/product"}],"version-history":[{"count":0,"href":"https:\/\/singuli.wpress.me\/index.php\/wp-json\/wp\/v2\/product\/35040\/revisions"}],"wp:featuredmedia":[{"embeddable":true,"href":"https:\/\/singuli.wpress.me\/index.php\/wp-json\/wp\/v2\/media\/35041"}],"wp:attachment":[{"href":"https:\/\/singuli.wpress.me\/index.php\/wp-json\/wp\/v2\/media?parent=35040"}],"wp:term":[{"taxonomy":"product_brand","embeddable":true,"href":"https:\/\/singuli.wpress.me\/index.php\/wp-json\/wp\/v2\/product_brand?post=35040"},{"taxonomy":"product_cat","embeddable":true,"href":"https:\/\/singuli.wpress.me\/index.php\/wp-json\/wp\/v2\/product_cat?post=35040"},{"taxonomy":"product_tag","embeddable":true,"href":"https:\/\/singuli.wpress.me\/index.php\/wp-json\/wp\/v2\/product_tag?post=35040"}],"curies":[{"name":"wp","href":"https:\/\/api.w.org\/{rel}","templated":true}]}}