{"id":35058,"date":"2026-04-17T13:44:05","date_gmt":"2026-04-17T13:44:05","guid":{"rendered":"https:\/\/singuli.wpress.me\/index.php\/proizvod\/gillette-venus-sugarberry-miami-brijac-s-zamjenskim-britvicama\/"},"modified":"2026-04-20T12:33:14","modified_gmt":"2026-04-20T12:33:14","slug":"gillette-venus-sugarberry-miami-brijac-s-zamjenskim-britvicama","status":"publish","type":"product","link":"https:\/\/singuli.wpress.me\/index.php\/proizvod\/gillette-venus-sugarberry-miami-brijac-s-zamjenskim-britvicama\/","title":{"rendered":"GILLETTE Venus Sugarberry Miami, brija\u010d s zamjenskim britvicama"},"content":{"rendered":"<p>Suhoj ko\u017ei ne\u0107e odgovarati stare o\u0161trice. Pru\u017eite joj ljubav koju zaslu\u017euje uz Gillette Venus ComfortGlide Miami za \u017eene. Posebno osmi\u0161ljen za njegu \u010dak i najsu\u0161e ko\u017ee Venus ComfortGlide Miami dermatolo\u0161ki je ispitan kako biste mogli u\u017eivati u bezbri\u017enoj glatko\u0107i koja traje. Lubrikantna trakica SkinCushion s mirisom Sugarberry poma\u017ee za\u0161tititi ko\u017eu od iritacija uzrokovanih brijanjem. Glava brija\u010da s 5 o\u0161trica glatko klizi po ko\u017ei i poma\u017ee je za\u0161tititi od suho\u0107e nakon brijanja. Tra\u017eite dodatnu kontrolu? Na sve smo mislili: na\u0161a izdr\u017eljiva i ergonomska metalna dr\u0161ka odli\u010dno le\u017ei u ruci za bolju preciznost. Ova dr\u0161ka za vi\u0161ekratnu upotrebu kompatibilna je i sa svim zamjenskim britvicama za brija\u010d Venus. Dr\u017ea\u010d za tu\u0161 koji dolazi uz nju poma\u017ee u odr\u017eavanju o\u0161trica \u010distim i suhim izme\u0111u brijanja. Pru\u017eite suhoj ko\u017ei odgovaraju\u0107e brijanje. Odaberite Venus ComfortGlide Miami. Tra\u017eite jo\u0161 na\u010dina da ko\u017ei pru\u017eite ljubav koju zaslu\u017euje? Proizvodi Gillette Venus posebno su osmi\u0161ljeni za va\u0161e tijelo i dla\u010dice, bilo da dla\u010dice \u017eelite podrezati, obrijati, oblikovati ili urediti rubove. Istra\u017eite cijelu liniju ve\u0107 danas.<\/p>\n","protected":false},"excerpt":{"rendered":"<p>Posebno osmi\u0161ljen za njegu \u010dak i najsu\u0161e ko\u017ee Venus ComfortGlide Miami dermatolo\u0161ki je ispitan<br \/>\nLubrikantna trakica SkinCushion s mirisom Sugarberry poma\u017ee za\u0161tititi ko\u017eu od iritacija uzrokovanih brijanjem<br \/>\nGlava brija\u010da s 5 o\u0161trica glatko klizi po ko\u017ei i poma\u017ee je za\u0161tititi od suho\u0107e nakon brijanja<\/p>\n","protected":false},"featured_media":35059,"template":"","meta":{"_seopress_robots_primary_cat":"","_seopress_titles_title":"","_seopress_titles_desc":"","_seopress_robots_index":"","iawp_total_views":0},"product_brand":[323],"product_cat":[280,192,279],"product_tag":[],"class_list":{"0":"post-35058","1":"product","2":"type-product","3":"status-publish","4":"has-post-thumbnail","6":"product_brand-gillette","7":"product_cat-aparati-za-muskarce-279","8":"product_cat-aparati-za-osobnu-njegu","9":"product_cat-brijanje-i-sisanje-192","11":"first","12":"outofstock","13":"shipping-taxable","14":"purchasable","15":"product-type-simple"},"_links":{"self":[{"href":"https:\/\/singuli.wpress.me\/index.php\/wp-json\/wp\/v2\/product\/35058","targetHints":{"allow":["GET"]}}],"collection":[{"href":"https:\/\/singuli.wpress.me\/index.php\/wp-json\/wp\/v2\/product"}],"about":[{"href":"https:\/\/singuli.wpress.me\/index.php\/wp-json\/wp\/v2\/types\/product"}],"version-history":[{"count":0,"href":"https:\/\/singuli.wpress.me\/index.php\/wp-json\/wp\/v2\/product\/35058\/revisions"}],"wp:featuredmedia":[{"embeddable":true,"href":"https:\/\/singuli.wpress.me\/index.php\/wp-json\/wp\/v2\/media\/35059"}],"wp:attachment":[{"href":"https:\/\/singuli.wpress.me\/index.php\/wp-json\/wp\/v2\/media?parent=35058"}],"wp:term":[{"taxonomy":"product_brand","embeddable":true,"href":"https:\/\/singuli.wpress.me\/index.php\/wp-json\/wp\/v2\/product_brand?post=35058"},{"taxonomy":"product_cat","embeddable":true,"href":"https:\/\/singuli.wpress.me\/index.php\/wp-json\/wp\/v2\/product_cat?post=35058"},{"taxonomy":"product_tag","embeddable":true,"href":"https:\/\/singuli.wpress.me\/index.php\/wp-json\/wp\/v2\/product_tag?post=35058"}],"curies":[{"name":"wp","href":"https:\/\/api.w.org\/{rel}","templated":true}]}}