{"id":35065,"date":"2026-04-17T13:44:08","date_gmt":"2026-04-17T13:44:08","guid":{"rendered":"https:\/\/singuli.wpress.me\/index.php\/proizvod\/lenor-cherry-blossom-sage-omeksivac-59-pranja-1239-ml\/"},"modified":"2026-04-20T12:33:14","modified_gmt":"2026-04-20T12:33:14","slug":"lenor-cherry-blossom-sage-omeksivac-59-pranja-1239-ml","status":"publish","type":"product","link":"https:\/\/singuli.wpress.me\/index.php\/proizvod\/lenor-cherry-blossom-sage-omeksivac-59-pranja-1239-ml\/","title":{"rendered":"LENOR Cherry Blossom &amp; Sage, omek\u0161iva\u010d, 59 pranja, 1239\u00a0ml"},"content":{"rendered":"<p><span style=\"font-weight: bold\">Omek\u0161iva\u010d rublja Lenor Cherry Blossom &amp; Sage<\/span> pru\u017ea 3 puta dugotrajniji miris (u odnosu na Lenor Sensitive), za male trenutke opu\u0161tanja tijekom cijelog dana. Njegov miris sadr\u017ei da\u0161ak esencijalnih ulja. \u010cuvajte svoj unutarnji mir. Nje\u017ene note tre\u0161njinog cvijeta i ru\u017eine vodice pru\u017eit \u0107e vam bla\u017eeni osje\u0107aj mira.<\/p>\n","protected":false},"excerpt":{"rendered":"<p>3 puta dugotrajnija svje\u017eina (u odnosu na Lenor Sensitive)<br \/>\nOmek\u0161iva\u010d rublja s tehnologijom parfemskih ulja<br \/>\nS biljnim sastojcima za meko\u0107u (85% sastojaka koji pridonose Lenorovoj meko\u0107i biljnog su porijekla i \u010dine mali dio formule)<\/p>\n","protected":false},"featured_media":35066,"template":"","meta":{"_seopress_robots_primary_cat":"","_seopress_titles_title":"","_seopress_titles_desc":"","_seopress_robots_index":"","iawp_total_views":0},"product_brand":[446],"product_cat":[283,238],"product_tag":[],"class_list":{"0":"post-35065","1":"product","2":"type-product","3":"status-publish","4":"has-post-thumbnail","6":"product_brand-lenor","7":"product_cat-pranje-rublja-238","8":"product_cat-sve-za-dom","10":"first","11":"instock","12":"shipping-taxable","13":"purchasable","14":"product-type-simple"},"_links":{"self":[{"href":"https:\/\/singuli.wpress.me\/index.php\/wp-json\/wp\/v2\/product\/35065","targetHints":{"allow":["GET"]}}],"collection":[{"href":"https:\/\/singuli.wpress.me\/index.php\/wp-json\/wp\/v2\/product"}],"about":[{"href":"https:\/\/singuli.wpress.me\/index.php\/wp-json\/wp\/v2\/types\/product"}],"version-history":[{"count":0,"href":"https:\/\/singuli.wpress.me\/index.php\/wp-json\/wp\/v2\/product\/35065\/revisions"}],"wp:featuredmedia":[{"embeddable":true,"href":"https:\/\/singuli.wpress.me\/index.php\/wp-json\/wp\/v2\/media\/35066"}],"wp:attachment":[{"href":"https:\/\/singuli.wpress.me\/index.php\/wp-json\/wp\/v2\/media?parent=35065"}],"wp:term":[{"taxonomy":"product_brand","embeddable":true,"href":"https:\/\/singuli.wpress.me\/index.php\/wp-json\/wp\/v2\/product_brand?post=35065"},{"taxonomy":"product_cat","embeddable":true,"href":"https:\/\/singuli.wpress.me\/index.php\/wp-json\/wp\/v2\/product_cat?post=35065"},{"taxonomy":"product_tag","embeddable":true,"href":"https:\/\/singuli.wpress.me\/index.php\/wp-json\/wp\/v2\/product_tag?post=35065"}],"curies":[{"name":"wp","href":"https:\/\/api.w.org\/{rel}","templated":true}]}}