{"id":35068,"date":"2026-04-17T13:44:08","date_gmt":"2026-04-17T13:44:08","guid":{"rendered":"https:\/\/singuli.wpress.me\/index.php\/proizvod\/ariel-extra-hygiene-kapsule-za-pranje-rublja-26-kom\/"},"modified":"2026-04-21T00:26:42","modified_gmt":"2026-04-21T00:26:42","slug":"ariel-extra-hygiene-kapsule-za-pranje-rublja-26-kom","status":"publish","type":"product","link":"https:\/\/singuli.wpress.me\/index.php\/proizvod\/ariel-extra-hygiene-kapsule-za-pranje-rublja-26-kom\/","title":{"rendered":"ARIEL Extra Hygiene, kapsule za pranje rublja, 26\u00a0kom"},"content":{"rendered":"<p>Ariel, marka koju<br \/>\n  preporu\u010duju Whirlpool, Electrolux, Candy i Beko, predstavlja kapsule teku\u0107eg<br \/>\n  deterd\u017eenta Ariel Allin1 PODS\u00ae+ s dodatnom snagom uklanjanja mrlja, Arielove<br \/>\n  najbolje kapsule Allin1 PODS\u00ae+! Imaju dodatnu crvenu komoru te uklanjaju \u010dak<br \/>\n  i sedmodnevne skorene mrlje i neugodne mirise. Osmi\u0161ljene su za izvanredno<br \/>\n  \u010di\u0161\u0107enje \u010dak i na programima s ni\u017eim temperaturama pranja, brzo se otapaju<br \/>\n  \u010dak i u hladnoj vodi te pru\u017eaju besprijekorne rezultate. Za najbolje<br \/>\n  rezultate, u bubanj perilice prvo stavite kapsulu, a zatim rublje na nju.<\/p>\n","protected":false},"excerpt":{"rendered":"<p>Ariel, marka koju preporu\u010duju Whirlpool, Electrolux, Candy i Beko, predstavlja kapsule teku\u0107eg deterd\u017eenta Ariel Allin1 PODS\u00ae+ s dodatnom snagom uklanjanja<\/p>\n","protected":false},"featured_media":35069,"template":"","meta":{"_seopress_robots_primary_cat":"","_seopress_titles_title":"","_seopress_titles_desc":"","_seopress_robots_index":"","iawp_total_views":0},"product_brand":[427],"product_cat":[283,238],"product_tag":[],"class_list":{"0":"post-35068","1":"product","2":"type-product","3":"status-publish","4":"has-post-thumbnail","6":"product_brand-ariel","7":"product_cat-pranje-rublja-238","8":"product_cat-sve-za-dom","10":"first","11":"instock","12":"shipping-taxable","13":"purchasable","14":"product-type-simple"},"_links":{"self":[{"href":"https:\/\/singuli.wpress.me\/index.php\/wp-json\/wp\/v2\/product\/35068","targetHints":{"allow":["GET"]}}],"collection":[{"href":"https:\/\/singuli.wpress.me\/index.php\/wp-json\/wp\/v2\/product"}],"about":[{"href":"https:\/\/singuli.wpress.me\/index.php\/wp-json\/wp\/v2\/types\/product"}],"version-history":[{"count":0,"href":"https:\/\/singuli.wpress.me\/index.php\/wp-json\/wp\/v2\/product\/35068\/revisions"}],"wp:featuredmedia":[{"embeddable":true,"href":"https:\/\/singuli.wpress.me\/index.php\/wp-json\/wp\/v2\/media\/35069"}],"wp:attachment":[{"href":"https:\/\/singuli.wpress.me\/index.php\/wp-json\/wp\/v2\/media?parent=35068"}],"wp:term":[{"taxonomy":"product_brand","embeddable":true,"href":"https:\/\/singuli.wpress.me\/index.php\/wp-json\/wp\/v2\/product_brand?post=35068"},{"taxonomy":"product_cat","embeddable":true,"href":"https:\/\/singuli.wpress.me\/index.php\/wp-json\/wp\/v2\/product_cat?post=35068"},{"taxonomy":"product_tag","embeddable":true,"href":"https:\/\/singuli.wpress.me\/index.php\/wp-json\/wp\/v2\/product_tag?post=35068"}],"curies":[{"name":"wp","href":"https:\/\/api.w.org\/{rel}","templated":true}]}}