{"id":35074,"date":"2026-04-17T13:44:10","date_gmt":"2026-04-17T13:44:10","guid":{"rendered":"https:\/\/singuli.wpress.me\/index.php\/proizvod\/lenor-diamond-lotus-flower-omeksivac-59-pranja-1239-ml\/"},"modified":"2026-04-20T12:33:14","modified_gmt":"2026-04-20T12:33:14","slug":"lenor-diamond-lotus-flower-omeksivac-59-pranja-1239-ml","status":"publish","type":"product","link":"https:\/\/singuli.wpress.me\/index.php\/proizvod\/lenor-diamond-lotus-flower-omeksivac-59-pranja-1239-ml\/","title":{"rendered":"LENOR Diamond &amp; Lotus Flower, omek\u0161iva\u010d, 59 pranja, 1239\u00a0ml"},"content":{"rendered":"<p><span style=\"font-weight: bold\">Omek\u0161iva\u010d rublja Lenor Lotus Water &amp; Diamond Figs<\/span> pru\u017ea 3 puta dugotrajniji miris (u odnosu na Lenor Sensitive), za male trenutke opu\u0161tanja tijekom cijelog dana. Njegov miris sadr\u017ei da\u0161ak esencijalnih ulja. Zatvorite o\u010di i opustite se. Opu\u0161tena, elegantna atmosfera koju stvara kombinacija lotosove vodice i smokava pru\u017ea vam osje\u0107aj smirenosti.<\/p>\n","protected":false},"excerpt":{"rendered":"<p>Beskompromisna mje\u0161avina \u017eivih acai bobica i svje\u017eeg crvenog vo\u0107a s toplom i senzualnom crnom vanilijom<br \/>\nZa osje\u0107aj meko\u0107e i udobnosti, manje gu\u017evanja i lak\u0161eg gla\u010danja<br \/>\nDermatolo\u0161ki ispitano<\/p>\n","protected":false},"featured_media":35075,"template":"","meta":{"_seopress_robots_primary_cat":"","_seopress_titles_title":"","_seopress_titles_desc":"","_seopress_robots_index":"","iawp_total_views":0},"product_brand":[446],"product_cat":[283,238],"product_tag":[],"class_list":{"0":"post-35074","1":"product","2":"type-product","3":"status-publish","4":"has-post-thumbnail","6":"product_brand-lenor","7":"product_cat-pranje-rublja-238","8":"product_cat-sve-za-dom","10":"first","11":"outofstock","12":"shipping-taxable","13":"purchasable","14":"product-type-simple"},"_links":{"self":[{"href":"https:\/\/singuli.wpress.me\/index.php\/wp-json\/wp\/v2\/product\/35074","targetHints":{"allow":["GET"]}}],"collection":[{"href":"https:\/\/singuli.wpress.me\/index.php\/wp-json\/wp\/v2\/product"}],"about":[{"href":"https:\/\/singuli.wpress.me\/index.php\/wp-json\/wp\/v2\/types\/product"}],"version-history":[{"count":0,"href":"https:\/\/singuli.wpress.me\/index.php\/wp-json\/wp\/v2\/product\/35074\/revisions"}],"wp:featuredmedia":[{"embeddable":true,"href":"https:\/\/singuli.wpress.me\/index.php\/wp-json\/wp\/v2\/media\/35075"}],"wp:attachment":[{"href":"https:\/\/singuli.wpress.me\/index.php\/wp-json\/wp\/v2\/media?parent=35074"}],"wp:term":[{"taxonomy":"product_brand","embeddable":true,"href":"https:\/\/singuli.wpress.me\/index.php\/wp-json\/wp\/v2\/product_brand?post=35074"},{"taxonomy":"product_cat","embeddable":true,"href":"https:\/\/singuli.wpress.me\/index.php\/wp-json\/wp\/v2\/product_cat?post=35074"},{"taxonomy":"product_tag","embeddable":true,"href":"https:\/\/singuli.wpress.me\/index.php\/wp-json\/wp\/v2\/product_tag?post=35074"}],"curies":[{"name":"wp","href":"https:\/\/api.w.org\/{rel}","templated":true}]}}