{"id":35077,"date":"2026-04-17T13:44:11","date_gmt":"2026-04-17T13:44:11","guid":{"rendered":"https:\/\/singuli.wpress.me\/index.php\/proizvod\/lenor-sensitive-cotton-fresh-omeksivac-8x1-239-l\/"},"modified":"2026-04-21T00:26:42","modified_gmt":"2026-04-21T00:26:42","slug":"lenor-sensitive-cotton-fresh-omeksivac-8x1-239-l","status":"publish","type":"product","link":"https:\/\/singuli.wpress.me\/index.php\/proizvod\/lenor-sensitive-cotton-fresh-omeksivac-8x1-239-l\/","title":{"rendered":"LENOR Sensitive Cotton Fresh, omek\u0161iva\u010d, 8&#215;1.239, \u00a0l"},"content":{"rendered":"<p>Hipoalergeni omek\u0161iva\u010d rublja Lenor Sensitive Cotton Fresh pru\u017ea blag miris pamuka i bo\u017eanstvenu meko\u0107u. Formula je osmi\u0161ljena za osjetljivu ko\u017eu, dermatolo\u0161ki ispitana (ispitivanje je provedeno na ko\u017ei u dodiru s opranim tkaninama) i nosi certifikat Europske zaklade za istra\u017eivanje alergija (ECARF).<\/p>\n","protected":false},"excerpt":{"rendered":"<p>Pru\u017ea blag miris pamuka i bo\u017eanstvenu meko\u0107u idealnu za osjetljivu ko\u017eu.<br \/>\nFormula je dermatolo\u0161ki ispitana i nosi ECARF certifikat.<br \/>\nDizajniran je da bude hipoalergen i nje\u017ean prema tkaninama.<\/p>\n","protected":false},"featured_media":35078,"template":"","meta":{"_seopress_robots_primary_cat":"","_seopress_titles_title":"","_seopress_titles_desc":"","_seopress_robots_index":"","iawp_total_views":0},"product_brand":[446],"product_cat":[283,238],"product_tag":[],"class_list":{"0":"post-35077","1":"product","2":"type-product","3":"status-publish","4":"has-post-thumbnail","6":"product_brand-lenor","7":"product_cat-pranje-rublja-238","8":"product_cat-sve-za-dom","10":"first","11":"outofstock","12":"shipping-taxable","13":"purchasable","14":"product-type-simple"},"_links":{"self":[{"href":"https:\/\/singuli.wpress.me\/index.php\/wp-json\/wp\/v2\/product\/35077","targetHints":{"allow":["GET"]}}],"collection":[{"href":"https:\/\/singuli.wpress.me\/index.php\/wp-json\/wp\/v2\/product"}],"about":[{"href":"https:\/\/singuli.wpress.me\/index.php\/wp-json\/wp\/v2\/types\/product"}],"version-history":[{"count":0,"href":"https:\/\/singuli.wpress.me\/index.php\/wp-json\/wp\/v2\/product\/35077\/revisions"}],"wp:featuredmedia":[{"embeddable":true,"href":"https:\/\/singuli.wpress.me\/index.php\/wp-json\/wp\/v2\/media\/35078"}],"wp:attachment":[{"href":"https:\/\/singuli.wpress.me\/index.php\/wp-json\/wp\/v2\/media?parent=35077"}],"wp:term":[{"taxonomy":"product_brand","embeddable":true,"href":"https:\/\/singuli.wpress.me\/index.php\/wp-json\/wp\/v2\/product_brand?post=35077"},{"taxonomy":"product_cat","embeddable":true,"href":"https:\/\/singuli.wpress.me\/index.php\/wp-json\/wp\/v2\/product_cat?post=35077"},{"taxonomy":"product_tag","embeddable":true,"href":"https:\/\/singuli.wpress.me\/index.php\/wp-json\/wp\/v2\/product_tag?post=35077"}],"curies":[{"name":"wp","href":"https:\/\/api.w.org\/{rel}","templated":true}]}}