{"id":35080,"date":"2026-04-17T13:44:11","date_gmt":"2026-04-17T13:44:11","guid":{"rendered":"https:\/\/singuli.wpress.me\/index.php\/proizvod\/lenor-ruby-jasmine-omeksivac-8x1-239-l\/"},"modified":"2026-04-21T00:26:42","modified_gmt":"2026-04-21T00:26:42","slug":"lenor-ruby-jasmine-omeksivac-8x1-239-l","status":"publish","type":"product","link":"https:\/\/singuli.wpress.me\/index.php\/proizvod\/lenor-ruby-jasmine-omeksivac-8x1-239-l\/","title":{"rendered":"LENOR Ruby Jasmine, omek\u0161iva\u010d, 8&#215;1.239, \u00a0l"},"content":{"rendered":"<p>Omek\u0161iva\u010d rublja Ruby Jasmine pru\u017ea 3 puta dugotrajniji miris (u odnosu na Lenor Sensitive), za male trenutke opu\u0161tanja tijekom cijelog dana. Njegov miris sadr\u017ei da\u0161ak esencijalnih ulja. Probudite svoju strast! Odu\u0161evite svoja osjetila i u\u017eivajte u ovoj bogatoj kombinaciji luksuznih cvjetnih nota i da\u0161ka bobi\u010dastog vo\u0107a. Isprobajte ovaj omek\u0161iva\u010d u kombinaciji s Lenorovim perlicama istog mirisa, za neodoljivu meko\u0107u i svje\u017einu.<\/p>\n","protected":false},"excerpt":{"rendered":"<p>Pru\u017ea 3 puta dugotrajniji miris za cjelodnevne trenutke opu\u0161tanja.<br \/>\nBogata kombinacija luksuznih cvjetnih nota i bobi\u010dastog vo\u0107a s esencijalnim uljima.<br \/>\nZa neodoljivu meko\u0107u i svje\u017einu, idealan u kombinaciji s perlicama istog mirisa.<\/p>\n","protected":false},"featured_media":35081,"template":"","meta":{"_seopress_robots_primary_cat":"","_seopress_titles_title":"","_seopress_titles_desc":"","_seopress_robots_index":"","iawp_total_views":0},"product_brand":[446],"product_cat":[283,238],"product_tag":[],"class_list":{"0":"post-35080","1":"product","2":"type-product","3":"status-publish","4":"has-post-thumbnail","6":"product_brand-lenor","7":"product_cat-pranje-rublja-238","8":"product_cat-sve-za-dom","10":"first","11":"outofstock","12":"shipping-taxable","13":"purchasable","14":"product-type-simple"},"_links":{"self":[{"href":"https:\/\/singuli.wpress.me\/index.php\/wp-json\/wp\/v2\/product\/35080","targetHints":{"allow":["GET"]}}],"collection":[{"href":"https:\/\/singuli.wpress.me\/index.php\/wp-json\/wp\/v2\/product"}],"about":[{"href":"https:\/\/singuli.wpress.me\/index.php\/wp-json\/wp\/v2\/types\/product"}],"version-history":[{"count":0,"href":"https:\/\/singuli.wpress.me\/index.php\/wp-json\/wp\/v2\/product\/35080\/revisions"}],"wp:featuredmedia":[{"embeddable":true,"href":"https:\/\/singuli.wpress.me\/index.php\/wp-json\/wp\/v2\/media\/35081"}],"wp:attachment":[{"href":"https:\/\/singuli.wpress.me\/index.php\/wp-json\/wp\/v2\/media?parent=35080"}],"wp:term":[{"taxonomy":"product_brand","embeddable":true,"href":"https:\/\/singuli.wpress.me\/index.php\/wp-json\/wp\/v2\/product_brand?post=35080"},{"taxonomy":"product_cat","embeddable":true,"href":"https:\/\/singuli.wpress.me\/index.php\/wp-json\/wp\/v2\/product_cat?post=35080"},{"taxonomy":"product_tag","embeddable":true,"href":"https:\/\/singuli.wpress.me\/index.php\/wp-json\/wp\/v2\/product_tag?post=35080"}],"curies":[{"name":"wp","href":"https:\/\/api.w.org\/{rel}","templated":true}]}}