{"id":35083,"date":"2026-04-17T13:44:12","date_gmt":"2026-04-17T13:44:12","guid":{"rendered":"https:\/\/singuli.wpress.me\/index.php\/proizvod\/lenor-sensitive-omeksivac-71-pranje-1-491-l\/"},"modified":"2026-04-20T12:33:14","modified_gmt":"2026-04-20T12:33:14","slug":"lenor-sensitive-omeksivac-71-pranje-1-491-l","status":"publish","type":"product","link":"https:\/\/singuli.wpress.me\/index.php\/proizvod\/lenor-sensitive-omeksivac-71-pranje-1-491-l\/","title":{"rendered":"LENOR Sensitive, omek\u0161iva\u010d, 71 pranje, 1.491\u00a0l"},"content":{"rendered":"<p><span style=\"font-weight: bold\">Hipoalergeni omek\u0161iva\u010d rublja Lenor Sensitive<\/span> pru\u017ea neutralan miris i bo\u017eanstvenu meko\u0107u. Formula je osmi\u0161ljena za osjetljivu ko\u017eu, dermatolo\u0161ki ispitana (ispitivanje je provedeno na ko\u017ei u dodiru s opranim tkaninama) i nosi certifikat Europske zaklade za istra\u017eivanje alergija (ECARF).<\/p>\n","protected":false},"excerpt":{"rendered":"<p>Hipoalergen, dermatolo\u0161ki odobren omek\u0161iva\u010d rublja<br \/>\nMekana mirisna odje\u0107a koju je u\u017eitak nositi<br \/>\nUgodan i nje\u017ean miris<\/p>\n","protected":false},"featured_media":35084,"template":"","meta":{"_seopress_robots_primary_cat":"","_seopress_titles_title":"","_seopress_titles_desc":"","_seopress_robots_index":"","iawp_total_views":0},"product_brand":[446],"product_cat":[283,238],"product_tag":[],"class_list":{"0":"post-35083","1":"product","2":"type-product","3":"status-publish","4":"has-post-thumbnail","6":"product_brand-lenor","7":"product_cat-pranje-rublja-238","8":"product_cat-sve-za-dom","10":"first","11":"instock","12":"shipping-taxable","13":"purchasable","14":"product-type-simple"},"_links":{"self":[{"href":"https:\/\/singuli.wpress.me\/index.php\/wp-json\/wp\/v2\/product\/35083","targetHints":{"allow":["GET"]}}],"collection":[{"href":"https:\/\/singuli.wpress.me\/index.php\/wp-json\/wp\/v2\/product"}],"about":[{"href":"https:\/\/singuli.wpress.me\/index.php\/wp-json\/wp\/v2\/types\/product"}],"version-history":[{"count":0,"href":"https:\/\/singuli.wpress.me\/index.php\/wp-json\/wp\/v2\/product\/35083\/revisions"}],"wp:featuredmedia":[{"embeddable":true,"href":"https:\/\/singuli.wpress.me\/index.php\/wp-json\/wp\/v2\/media\/35084"}],"wp:attachment":[{"href":"https:\/\/singuli.wpress.me\/index.php\/wp-json\/wp\/v2\/media?parent=35083"}],"wp:term":[{"taxonomy":"product_brand","embeddable":true,"href":"https:\/\/singuli.wpress.me\/index.php\/wp-json\/wp\/v2\/product_brand?post=35083"},{"taxonomy":"product_cat","embeddable":true,"href":"https:\/\/singuli.wpress.me\/index.php\/wp-json\/wp\/v2\/product_cat?post=35083"},{"taxonomy":"product_tag","embeddable":true,"href":"https:\/\/singuli.wpress.me\/index.php\/wp-json\/wp\/v2\/product_tag?post=35083"}],"curies":[{"name":"wp","href":"https:\/\/api.w.org\/{rel}","templated":true}]}}