{"id":35086,"date":"2026-04-17T13:44:13","date_gmt":"2026-04-17T13:44:13","guid":{"rendered":"https:\/\/singuli.wpress.me\/index.php\/proizvod\/lenor-gold-orchid-omeksivac-59-pranja-1239-ml\/"},"modified":"2026-04-21T00:26:43","modified_gmt":"2026-04-21T00:26:43","slug":"lenor-gold-orchid-omeksivac-59-pranja-1239-ml","status":"publish","type":"product","link":"https:\/\/singuli.wpress.me\/index.php\/proizvod\/lenor-gold-orchid-omeksivac-59-pranja-1239-ml\/","title":{"rendered":"LENOR Gold Orchid, omek\u0161iva\u010d, 59 pranja, 1239\u00a0ml"},"content":{"rendered":"<p><span style=\"font-weight: bold\">Omek\u0161iva\u010d rublja Lenor Orchid &amp; Vanilla<\/span> pru\u017ea 3 puta dugotrajniji miris (u odnosu na Lenor Sensitive), za male trenutke opu\u0161tanja tijekom cijelog dana. Njegov miris sadr\u017ei da\u0161ak esencijalnih ulja. Zatvorite o\u010di i opustite se. Dragocjeni akordi orhideje savr\u0161eno se stapaju s gurmanskim notama vanilije i stvaraju toplu mirisnu kombinaciju koja vam mo\u017ee pomo\u0107i da se osje\u0107ate opu\u0161teno. Isprobajte ovaj omek\u0161iva\u010d u kombinaciji s Lenorovim perlicama istog mirisa, za neodoljivu meko\u0107u i svje\u017einu.<\/p>\n","protected":false},"excerpt":{"rendered":"<p>Kada se note orhideje senzualno ispreple\u0107u s notama vanilije, tonovi jantara to jo\u0161 vi\u0161e nagla\u0161avaju<br \/>\nZa osje\u0107aj meko\u0107e i udobnosti, manje gu\u017evanja i lak\u0161eg gla\u010danja<br \/>\nDermatolo\u0161ki ispitano<\/p>\n","protected":false},"featured_media":35087,"template":"","meta":{"_seopress_robots_primary_cat":"","_seopress_titles_title":"","_seopress_titles_desc":"","_seopress_robots_index":"","iawp_total_views":0},"product_brand":[446],"product_cat":[283,238],"product_tag":[],"class_list":{"0":"post-35086","1":"product","2":"type-product","3":"status-publish","4":"has-post-thumbnail","6":"product_brand-lenor","7":"product_cat-pranje-rublja-238","8":"product_cat-sve-za-dom","10":"first","11":"instock","12":"shipping-taxable","13":"purchasable","14":"product-type-simple"},"_links":{"self":[{"href":"https:\/\/singuli.wpress.me\/index.php\/wp-json\/wp\/v2\/product\/35086","targetHints":{"allow":["GET"]}}],"collection":[{"href":"https:\/\/singuli.wpress.me\/index.php\/wp-json\/wp\/v2\/product"}],"about":[{"href":"https:\/\/singuli.wpress.me\/index.php\/wp-json\/wp\/v2\/types\/product"}],"version-history":[{"count":0,"href":"https:\/\/singuli.wpress.me\/index.php\/wp-json\/wp\/v2\/product\/35086\/revisions"}],"wp:featuredmedia":[{"embeddable":true,"href":"https:\/\/singuli.wpress.me\/index.php\/wp-json\/wp\/v2\/media\/35087"}],"wp:attachment":[{"href":"https:\/\/singuli.wpress.me\/index.php\/wp-json\/wp\/v2\/media?parent=35086"}],"wp:term":[{"taxonomy":"product_brand","embeddable":true,"href":"https:\/\/singuli.wpress.me\/index.php\/wp-json\/wp\/v2\/product_brand?post=35086"},{"taxonomy":"product_cat","embeddable":true,"href":"https:\/\/singuli.wpress.me\/index.php\/wp-json\/wp\/v2\/product_cat?post=35086"},{"taxonomy":"product_tag","embeddable":true,"href":"https:\/\/singuli.wpress.me\/index.php\/wp-json\/wp\/v2\/product_tag?post=35086"}],"curies":[{"name":"wp","href":"https:\/\/api.w.org\/{rel}","templated":true}]}}