{"id":35091,"date":"2026-04-17T13:44:14","date_gmt":"2026-04-17T13:44:14","guid":{"rendered":"https:\/\/singuli.wpress.me\/index.php\/proizvod\/lenor-relax-floral-bouquet-note-of-musk-omeksivac-59-pranja-1239-ml\/"},"modified":"2026-04-20T12:33:14","modified_gmt":"2026-04-20T12:33:14","slug":"lenor-relax-floral-bouquet-note-of-musk-omeksivac-59-pranja-1239-ml","status":"publish","type":"product","link":"https:\/\/singuli.wpress.me\/index.php\/proizvod\/lenor-relax-floral-bouquet-note-of-musk-omeksivac-59-pranja-1239-ml\/","title":{"rendered":"LENOR Relax &#8211; Floral Bouquet &amp; Note of Musk, omek\u0161iva\u010d, 59 pranja, 1239\u00a0ml"},"content":{"rendered":"<p><span style=\"font-weight: bold\">Omek\u0161iva\u010d rublja Lenor Floral Bouquet<\/span> pru\u017ea 3 puta dugotrajniji miris (u odnosu na Lenor Sensitive), za male trenutke opu\u0161tanja tijekom cijelog dana. Njegov miris sadr\u017ei da\u0161ak esencijalnih ulja. U\u017eivajte u \u017eivotnim radostima. Cvjetne note zavodljive frezije kombinirane s orijentalnim za\u010dinskim da\u0161kom \u0161afrana nadahnut \u0107e vas da u\u017eivate u svakom trenutku. Isprobajte ovaj omek\u0161iva\u010d u kombinaciji s Lenorovim perlicama istog mirisa, za neodoljivu meko\u0107u i svje\u017einu.<\/p>\n","protected":false},"excerpt":{"rendered":"<p>Nje\u017eno ru\u017ei\u010dasti cvjetovi breskve oboga\u0107eni cvjetnim notama \u0161armantne ru\u017ee i frezije<br \/>\nZa osje\u0107aj meko\u0107e i ugode, manje gu\u017evanja i lak\u0161eg gla\u010danja<br \/>\nDermatolo\u0161ki ispitano<\/p>\n","protected":false},"featured_media":35092,"template":"","meta":{"_seopress_robots_primary_cat":"","_seopress_titles_title":"","_seopress_titles_desc":"","_seopress_robots_index":"","iawp_total_views":0},"product_brand":[446],"product_cat":[283,238],"product_tag":[],"class_list":{"0":"post-35091","1":"product","2":"type-product","3":"status-publish","4":"has-post-thumbnail","6":"product_brand-lenor","7":"product_cat-pranje-rublja-238","8":"product_cat-sve-za-dom","10":"first","11":"instock","12":"shipping-taxable","13":"purchasable","14":"product-type-simple"},"_links":{"self":[{"href":"https:\/\/singuli.wpress.me\/index.php\/wp-json\/wp\/v2\/product\/35091","targetHints":{"allow":["GET"]}}],"collection":[{"href":"https:\/\/singuli.wpress.me\/index.php\/wp-json\/wp\/v2\/product"}],"about":[{"href":"https:\/\/singuli.wpress.me\/index.php\/wp-json\/wp\/v2\/types\/product"}],"version-history":[{"count":0,"href":"https:\/\/singuli.wpress.me\/index.php\/wp-json\/wp\/v2\/product\/35091\/revisions"}],"wp:featuredmedia":[{"embeddable":true,"href":"https:\/\/singuli.wpress.me\/index.php\/wp-json\/wp\/v2\/media\/35092"}],"wp:attachment":[{"href":"https:\/\/singuli.wpress.me\/index.php\/wp-json\/wp\/v2\/media?parent=35091"}],"wp:term":[{"taxonomy":"product_brand","embeddable":true,"href":"https:\/\/singuli.wpress.me\/index.php\/wp-json\/wp\/v2\/product_brand?post=35091"},{"taxonomy":"product_cat","embeddable":true,"href":"https:\/\/singuli.wpress.me\/index.php\/wp-json\/wp\/v2\/product_cat?post=35091"},{"taxonomy":"product_tag","embeddable":true,"href":"https:\/\/singuli.wpress.me\/index.php\/wp-json\/wp\/v2\/product_tag?post=35091"}],"curies":[{"name":"wp","href":"https:\/\/api.w.org\/{rel}","templated":true}]}}