{"id":35101,"date":"2026-04-17T13:44:17","date_gmt":"2026-04-17T13:44:17","guid":{"rendered":"https:\/\/singuli.wpress.me\/index.php\/proizvod\/oral-b-prosensitive-advanced-zubna-cetkica\/"},"modified":"2026-04-20T12:33:14","modified_gmt":"2026-04-20T12:33:14","slug":"oral-b-prosensitive-advanced-zubna-cetkica","status":"publish","type":"product","link":"https:\/\/singuli.wpress.me\/index.php\/proizvod\/oral-b-prosensitive-advanced-zubna-cetkica\/","title":{"rendered":"ORAL-B ProSensitive Advanced, zubna \u010detkica"},"content":{"rendered":"<p><span style=\"font-weight: bold\">Oral-B ProSensitive Advanced<\/span> \u010detkica za zube posebno je razvijena za osobe s osjetljivim zubima i desnima. Njezina iznimno mekana vlakna osiguravaju nje\u017eno, ali u\u010dinkovito \u010di\u0161\u0107enje, bez iritacije osjetljivih podru\u010dja u ustima.<br \/>\nZahvaljuju\u0107i kompaktnoj glavi, lako dopire i do te\u0161ko dostupnih mjesta, dok vrlo gusta raspodjela vlakana omogu\u0107uje bolju kontrolu i temeljitije uklanjanje zubnih naslaga \u2013 \u010dak i pri blagom pritisku.<br \/>\nSavr\u0161en izbor za svakodnevnu njegu osjetljive usne \u0161upljine, s naglaskom na za\u0161titu zubnog mesa i cjelokupnog oralnog zdravlja.<\/p>\n","protected":false},"excerpt":{"rendered":"<p>Izuzetno mekane dla\u010dice \u010detkice za nje\u017eno \u010di\u0161\u0107enje i zdravije desni<br \/>\nMala glava \u010detkice lako dose\u017ee te\u0161ko dostupna mjesta<br \/>\nVrlo guste dla\u010dice \u010detkice za temeljito, ali nje\u017eno \u010di\u0161\u0107enje<\/p>\n","protected":false},"featured_media":35102,"template":"","meta":{"_seopress_robots_primary_cat":"","_seopress_titles_title":"","_seopress_titles_desc":"","_seopress_robots_index":"","iawp_total_views":0},"product_brand":[423],"product_cat":[192,208,207],"product_tag":[],"class_list":{"0":"post-35101","1":"product","2":"type-product","3":"status-publish","4":"has-post-thumbnail","6":"product_brand-oral-b-2","7":"product_cat-aparati-za-osobnu-njegu","8":"product_cat-elektricne-i-manualne-cetkice-za-odrasle-i-djecu","9":"product_cat-oralna-higijena","11":"first","12":"outofstock","13":"shipping-taxable","14":"purchasable","15":"product-type-simple"},"_links":{"self":[{"href":"https:\/\/singuli.wpress.me\/index.php\/wp-json\/wp\/v2\/product\/35101","targetHints":{"allow":["GET"]}}],"collection":[{"href":"https:\/\/singuli.wpress.me\/index.php\/wp-json\/wp\/v2\/product"}],"about":[{"href":"https:\/\/singuli.wpress.me\/index.php\/wp-json\/wp\/v2\/types\/product"}],"version-history":[{"count":0,"href":"https:\/\/singuli.wpress.me\/index.php\/wp-json\/wp\/v2\/product\/35101\/revisions"}],"wp:featuredmedia":[{"embeddable":true,"href":"https:\/\/singuli.wpress.me\/index.php\/wp-json\/wp\/v2\/media\/35102"}],"wp:attachment":[{"href":"https:\/\/singuli.wpress.me\/index.php\/wp-json\/wp\/v2\/media?parent=35101"}],"wp:term":[{"taxonomy":"product_brand","embeddable":true,"href":"https:\/\/singuli.wpress.me\/index.php\/wp-json\/wp\/v2\/product_brand?post=35101"},{"taxonomy":"product_cat","embeddable":true,"href":"https:\/\/singuli.wpress.me\/index.php\/wp-json\/wp\/v2\/product_cat?post=35101"},{"taxonomy":"product_tag","embeddable":true,"href":"https:\/\/singuli.wpress.me\/index.php\/wp-json\/wp\/v2\/product_tag?post=35101"}],"curies":[{"name":"wp","href":"https:\/\/api.w.org\/{rel}","templated":true}]}}