{"id":35117,"date":"2026-04-17T13:44:22","date_gmt":"2026-04-17T13:44:22","guid":{"rendered":"https:\/\/singuli.wpress.me\/index.php\/proizvod\/braun-set-toplomjer-za-uho-irt-6525-plisana-igracka\/"},"modified":"2026-04-20T12:33:14","modified_gmt":"2026-04-20T12:33:14","slug":"braun-set-toplomjer-za-uho-irt-6525-plisana-igracka","status":"publish","type":"product","link":"https:\/\/singuli.wpress.me\/index.php\/proizvod\/braun-set-toplomjer-za-uho-irt-6525-plisana-igracka\/","title":{"rendered":"BRAUN, set, toplomjer za uho IRT 6525 + pli\u0161ana igra\u010dka"},"content":{"rendered":"<p>Braun ThermoScan\u00ae 7 IRT 6525 Digitalni infracrveni toplomjer za mjerenje tjelesne temperature u uhu.<\/p>\n<p>Donosi inovativnu, jedinstvenu i pouzdanu tehnologiju koja je ugra\u0111ena u ovaj novi model Braun toplomjera.<\/p>\n<p>Ima funkciju pre-warmed postepenog zagrijavanja senzornog vr\u0161ka koji minimalizira u\u010dinak hla\u0111enja koji mo\u017ee nastati od uvo\u0111enja hladnog vr\u0161ka sonde, te na taj ni\u010din osigurava pouzdanost dobivenih rezultata.<\/p>\n<p>Mnogi roditelji ne znaju kako definicija vru\u0107ice ovisi o dobi djeteta pa tako normalna tjelesna temperatura kod \u010detverogodi\u0161njaka mo\u017ee biti vru\u0107ica kod novoro\u0111enog djeteta. Kako bi roditeljima olak\u0161ao i pomogao u interpretaciji tjelesne temperature, Braun je razvio jedinstvenu Age Precision\u00ae tehnologiju. Primjena tehnologije je jednostavna: nakon odabiranja djetetove dobi na zaslonu, oznake u bojama \u0107e objasniti rezultat temeljen na odre\u0111enoj dobi. Normalna tjelesna temperatura ozna\u010dena je zelenom bojom, povi\u0161ena \u017eutom bojom, a visoka tjelesna temperatura ili vru\u0107ica crvenom. Age Precision\u00ae tehnologija pogodna je za mjerenje temperature svih \u010dlanova obitelji, bez obzira na dob, a jo\u0161 dodatno olak\u0161ava i poma\u017ee roditeljima prilikom interpretacije tjelesne temperature kod djeteta.<\/p>\n<p>Mo\u017ee ga koristiti cijela obitelj.<\/p>\n<p>Ima osvijetljenje rezultata za mjerenje temperature po no\u0107i, led svjetlo koje olak\u0161ava mjerenje po no\u0107i, 9 memorija, LCD u boji, pre warmed, age precision tehnologija<\/p>\n","protected":false},"excerpt":{"rendered":"<p>Digitalni infracrveni toplomjer za mjerenje tjelesne temperature u uhu<br \/>\nFunkcija pre-warmed postepenog zagrijavanja<br \/>\nJedinstvena Age Precision\u00ae tehnologija<\/p>\n","protected":false},"featured_media":35118,"template":"","meta":{"_seopress_robots_primary_cat":"","_seopress_titles_title":"","_seopress_titles_desc":"","_seopress_robots_index":"","iawp_total_views":0},"product_brand":[144],"product_cat":[192,267],"product_tag":[],"class_list":{"0":"post-35117","1":"product","2":"type-product","3":"status-publish","4":"has-post-thumbnail","6":"product_brand-braun","7":"product_cat-aparati-za-osobnu-njegu","8":"product_cat-zdravstveni-uredaji-192","10":"first","11":"outofstock","12":"shipping-taxable","13":"purchasable","14":"product-type-simple"},"_links":{"self":[{"href":"https:\/\/singuli.wpress.me\/index.php\/wp-json\/wp\/v2\/product\/35117","targetHints":{"allow":["GET"]}}],"collection":[{"href":"https:\/\/singuli.wpress.me\/index.php\/wp-json\/wp\/v2\/product"}],"about":[{"href":"https:\/\/singuli.wpress.me\/index.php\/wp-json\/wp\/v2\/types\/product"}],"version-history":[{"count":0,"href":"https:\/\/singuli.wpress.me\/index.php\/wp-json\/wp\/v2\/product\/35117\/revisions"}],"wp:featuredmedia":[{"embeddable":true,"href":"https:\/\/singuli.wpress.me\/index.php\/wp-json\/wp\/v2\/media\/35118"}],"wp:attachment":[{"href":"https:\/\/singuli.wpress.me\/index.php\/wp-json\/wp\/v2\/media?parent=35117"}],"wp:term":[{"taxonomy":"product_brand","embeddable":true,"href":"https:\/\/singuli.wpress.me\/index.php\/wp-json\/wp\/v2\/product_brand?post=35117"},{"taxonomy":"product_cat","embeddable":true,"href":"https:\/\/singuli.wpress.me\/index.php\/wp-json\/wp\/v2\/product_cat?post=35117"},{"taxonomy":"product_tag","embeddable":true,"href":"https:\/\/singuli.wpress.me\/index.php\/wp-json\/wp\/v2\/product_tag?post=35117"}],"curies":[{"name":"wp","href":"https:\/\/api.w.org\/{rel}","templated":true}]}}