{"id":35122,"date":"2026-04-17T13:44:24","date_gmt":"2026-04-17T13:44:24","guid":{"rendered":"https:\/\/singuli.wpress.me\/index.php\/proizvod\/braun-set-beskontaktni-toplomjer-bnt400-plisana-igracka\/"},"modified":"2026-04-20T12:33:14","modified_gmt":"2026-04-20T12:33:14","slug":"braun-set-beskontaktni-toplomjer-bnt400-plisana-igracka","status":"publish","type":"product","link":"https:\/\/singuli.wpress.me\/index.php\/proizvod\/braun-set-beskontaktni-toplomjer-bnt400-plisana-igracka\/","title":{"rendered":"BRAUN, set, beskontaktni toplomjer BNT400 + pli\u0161ana igra\u010dka"},"content":{"rendered":"<p>BNT400\u00ae digitalni termometar za mjerenje tjelesne temperature bez dodira i s dodirom.<\/p>\n<p>Brzo i jednostavno mjerenje u manje od dvije sekunde. Ure\u0111aj omogu\u0107uje mjerenje temperature hrane ili kupke, sadr\u017ei zaslon u boji te sustav i svjetlo za pravilnu upotrebu.<\/p>\n<p>Namijenjen je za cijelu obitelj. Omogu\u0107uje mjerenje za manje od dvije sekunde. Pouzdan, jednostavan za upotrebu. Sadr\u017ei age precision prikaz u boji. Ure\u0111aj je namijenjen mjerenju tjelesne temperature ljudi, a ima i na\u010din mjerenja temperature hrane ili kupke. Za mjerenje hrane ili kupke toplomjer mora biti usmjeren izravno na hranu ili vodu za kupku \u2013 u razmaku od 6 cm.<\/p>\n<p>ZELENO: normalna temperatura;<br \/>\n\u017dUTO: vru\u0107ica;<br \/>\nCRVENO: visoka vru\u0107ica<\/p>\n<p>Senzor blizine vodi termometar na to\u010dnu udaljenost. Svjetlo ciljanja poma\u017ee vam usmjeriti ure\u0111aj na pravo mjesto &#8211; izme\u0111u obrva.<\/p>\n<p>Tihi na\u010din rada, omogu\u0107uje pohranu rezultata temperature, bez zvuka za bebe koje spavaju.<\/p>\n","protected":false},"excerpt":{"rendered":"<p>Brzo i jednostavno mjerenje u manje od dvije sekunde<br \/>\nSadr\u017ei age precision prikaz u boji<br \/>\nUsmjeravaju\u0107i sustav svjetla i navo\u0111enja<\/p>\n","protected":false},"featured_media":35123,"template":"","meta":{"_seopress_robots_primary_cat":"","_seopress_titles_title":"","_seopress_titles_desc":"","_seopress_robots_index":"","iawp_total_views":0},"product_brand":[144],"product_cat":[192,267],"product_tag":[],"class_list":{"0":"post-35122","1":"product","2":"type-product","3":"status-publish","4":"has-post-thumbnail","6":"product_brand-braun","7":"product_cat-aparati-za-osobnu-njegu","8":"product_cat-zdravstveni-uredaji-192","10":"first","11":"instock","12":"shipping-taxable","13":"purchasable","14":"product-type-simple"},"_links":{"self":[{"href":"https:\/\/singuli.wpress.me\/index.php\/wp-json\/wp\/v2\/product\/35122","targetHints":{"allow":["GET"]}}],"collection":[{"href":"https:\/\/singuli.wpress.me\/index.php\/wp-json\/wp\/v2\/product"}],"about":[{"href":"https:\/\/singuli.wpress.me\/index.php\/wp-json\/wp\/v2\/types\/product"}],"version-history":[{"count":0,"href":"https:\/\/singuli.wpress.me\/index.php\/wp-json\/wp\/v2\/product\/35122\/revisions"}],"wp:featuredmedia":[{"embeddable":true,"href":"https:\/\/singuli.wpress.me\/index.php\/wp-json\/wp\/v2\/media\/35123"}],"wp:attachment":[{"href":"https:\/\/singuli.wpress.me\/index.php\/wp-json\/wp\/v2\/media?parent=35122"}],"wp:term":[{"taxonomy":"product_brand","embeddable":true,"href":"https:\/\/singuli.wpress.me\/index.php\/wp-json\/wp\/v2\/product_brand?post=35122"},{"taxonomy":"product_cat","embeddable":true,"href":"https:\/\/singuli.wpress.me\/index.php\/wp-json\/wp\/v2\/product_cat?post=35122"},{"taxonomy":"product_tag","embeddable":true,"href":"https:\/\/singuli.wpress.me\/index.php\/wp-json\/wp\/v2\/product_tag?post=35122"}],"curies":[{"name":"wp","href":"https:\/\/api.w.org\/{rel}","templated":true}]}}