{"id":35125,"date":"2026-04-17T13:44:26","date_gmt":"2026-04-17T13:44:26","guid":{"rendered":"https:\/\/singuli.wpress.me\/index.php\/proizvod\/braun-set-nazalni-aspirator-bna100-plisana-igracka\/"},"modified":"2026-04-20T12:33:14","modified_gmt":"2026-04-20T12:33:14","slug":"braun-set-nazalni-aspirator-bna100-plisana-igracka","status":"publish","type":"product","link":"https:\/\/singuli.wpress.me\/index.php\/proizvod\/braun-set-nazalni-aspirator-bna100-plisana-igracka\/","title":{"rendered":"BRAUN, set, nazalni aspirator BNA100 + pli\u0161ana igra\u010dka"},"content":{"rendered":"<div><span style=\"font-family: Roboto;font-size: 15px\"><span style=\"font-weight: bold\">Nazalni aspirator<\/span> brzo i nje\u017eno uklanja vi\u0161ak sluzi iz nosne \u0161upljine.<\/span><\/div>\n<div><span style=\"font-family: Roboto;font-size: 15px\">Olak\u0161ava simptome infekcije gornjih di\u0161nih puteva.<\/span><\/div>\n<div><span style=\"font-family: Roboto;font-size: 15px\">Higijenski postupak \u010di\u0161\u0107enja.<\/span><\/div>\n<div><span style=\"font-family: Roboto;font-size: 15px\"><br \/><\/span><\/div>\n<div><span style=\"font-family: Roboto;font-size: 15px\"><span style=\"font-weight: bold\">Na\u010din upotrebe<\/span>: Detaljno je opisan u uputama koje se nalaze uz medicinski proizvod<\/span><\/div>\n<div><span style=\"font-family: Roboto;font-size: 15px\"><span style=\"font-weight: bold\">Na\u010din \u010duvanja:<\/span> Na suhom mjestu na sobnoj temperaturi, za\u0161ti\u0107en od direktne sun\u010deve svjetlosti i pra\u0161ine.<\/span><\/div>\n<div><span style=\"font-family: Roboto;font-size: 15px\">Broj serije: Otisnut na originalnoj ambala\u017ei<\/span><\/div>\n","protected":false},"excerpt":{"rendered":"<p>Brzo i nje\u017eno uklanja vi\u0161ak sluzi iz nosne \u0161upljine<br \/>\nOlak\u0161ava simptome infekcije gornjih di\u0161nih puteva<br \/>\nHigijenski postupak \u010di\u0161\u0107enja<\/p>\n","protected":false},"featured_media":35126,"template":"","meta":{"_seopress_robots_primary_cat":"","_seopress_titles_title":"","_seopress_titles_desc":"","_seopress_robots_index":"","iawp_total_views":0},"product_brand":[144],"product_cat":[192,267],"product_tag":[],"class_list":{"0":"post-35125","1":"product","2":"type-product","3":"status-publish","4":"has-post-thumbnail","6":"product_brand-braun","7":"product_cat-aparati-za-osobnu-njegu","8":"product_cat-zdravstveni-uredaji-192","10":"first","11":"outofstock","12":"shipping-taxable","13":"purchasable","14":"product-type-simple"},"_links":{"self":[{"href":"https:\/\/singuli.wpress.me\/index.php\/wp-json\/wp\/v2\/product\/35125","targetHints":{"allow":["GET"]}}],"collection":[{"href":"https:\/\/singuli.wpress.me\/index.php\/wp-json\/wp\/v2\/product"}],"about":[{"href":"https:\/\/singuli.wpress.me\/index.php\/wp-json\/wp\/v2\/types\/product"}],"version-history":[{"count":0,"href":"https:\/\/singuli.wpress.me\/index.php\/wp-json\/wp\/v2\/product\/35125\/revisions"}],"wp:featuredmedia":[{"embeddable":true,"href":"https:\/\/singuli.wpress.me\/index.php\/wp-json\/wp\/v2\/media\/35126"}],"wp:attachment":[{"href":"https:\/\/singuli.wpress.me\/index.php\/wp-json\/wp\/v2\/media?parent=35125"}],"wp:term":[{"taxonomy":"product_brand","embeddable":true,"href":"https:\/\/singuli.wpress.me\/index.php\/wp-json\/wp\/v2\/product_brand?post=35125"},{"taxonomy":"product_cat","embeddable":true,"href":"https:\/\/singuli.wpress.me\/index.php\/wp-json\/wp\/v2\/product_cat?post=35125"},{"taxonomy":"product_tag","embeddable":true,"href":"https:\/\/singuli.wpress.me\/index.php\/wp-json\/wp\/v2\/product_tag?post=35125"}],"curies":[{"name":"wp","href":"https:\/\/api.w.org\/{rel}","templated":true}]}}