{"id":35139,"date":"2026-04-17T13:44:31","date_gmt":"2026-04-17T13:44:31","guid":{"rendered":"https:\/\/singuli.wpress.me\/index.php\/proizvod\/clearblue-set-ovulacijski-test-brzi-test-za-trudnocu\/"},"modified":"2026-04-20T12:33:14","modified_gmt":"2026-04-20T12:33:14","slug":"clearblue-set-ovulacijski-test-brzi-test-za-trudnocu","status":"publish","type":"product","link":"https:\/\/singuli.wpress.me\/index.php\/proizvod\/clearblue-set-ovulacijski-test-brzi-test-za-trudnocu\/","title":{"rendered":"CLEARBLUE, set, ovulacijski test + brzi test za trudno\u0107u"},"content":{"rendered":"<p><span style=\"font-weight: bold\">Ovulavijski digitalni test:<\/span> Pouzdanost ve\u0107a od 99% u utvr\u0111ivanju va\u0161a dva najplodnija dana- uz jasne rezultate bez pogre\u0161ke. U svakom ciklusu \u017eena mo\u017ee zatrudnjeti samo tijekom nekoliko dana.<br \/>\nPrema tome, ako poku\u0161avate zatrudnjeti, jako je va\u017eno tih dana imati spolne odnose. Clearblue Digital test za utvr\u0111ivanje ovulacije poma\u017ee u pove\u0107anju va\u0161ih izgleda da prirodno zatrudnite utvr\u0111uju\u0107i va\u0161a 2 najplodnija dana u svakom ciklusu, mjerenjem promjena u razini klju\u010dnog hormona plodnosti \u2013 luteiniziraju\u0107eg hormona (LH). Test je pouzdaniji od kalendarske i temperaturne metode* te vam pru\u017ea jasne rezultate bez pogre\u0161ke koji su prikazani na digitalnom zaslonu.<br \/>\nUtvr\u0111ivanjem 2 dana kada su va\u0161e mogu\u0107nosti da zatrudnite najvi\u0161e, mo\u017eete biti sigurniji da poku\u0161avate u pravo vrijeme. Uz pomo\u0107 jasnog digitalnog zaslona, svoje rezultate mo\u017eete o\u010ditati jednostavnije nego ikad prije.<br \/>\nJednostavan za uporabu. Jedinstveni svjetle\u0107i simbol &#8216;\u0161tapi\u0107a za testiranje&#8217; pokazuje da digitalni test za utvr\u0111ivanje ovulacije ispravno radi.<br \/>\n* Ellis JE., et al. Human Reproduction (2011.) 26: i76 (O-191)<br \/>\n<span style=\"font-weight: bold\"><br \/>\nBrzi test za trudno\u0107u:<\/span> Prikaz rezultata ve\u0107 nakon 1 minute. Clearblue brzi test za utvr\u0111ivanje trudno\u0107e osmi\u0161ljen je kako bi pru\u017eio najjednostavnije iskustvo testiranja na trudno\u0107u, uz pouzdanost koja se o\u010dekuje od brenda Clearblue. Rezultati su dostupni u roku od 1 minute. Njegov revolucionarni dizajn rezultat je iscrpnog istra\u017eivanja u kojem su sudjelovale \u017eene te je \u010dak osvojio nagradu Red Dot Design 2012. godine.<br \/>\nClearblue brzi test vrlo je osjetljiv, te se mo\u017ee testirati do 5 dana prije izostale mjese\u010dnice. Rezultate plus (+) i minus (-) jednostavno je o\u010ditati.<\/p>\n","protected":false},"excerpt":{"rendered":"<p>Set sadr\u017ei pakiranje ovulacijskog testa i brzog testa za trudno\u0107u<br \/>\nOvulacijski test pokazuje pouzdanost ve\u0107u od 99% u utvr\u0111ivanju dva najplodnija dana<br \/>\nRezultati brzog testa su unutar 1 minute<\/p>\n","protected":false},"featured_media":35140,"template":"","meta":{"_seopress_robots_primary_cat":"","_seopress_titles_title":"","_seopress_titles_desc":"","_seopress_robots_index":"","iawp_total_views":0},"product_brand":[753],"product_cat":[211,289],"product_tag":[],"class_list":{"0":"post-35139","1":"product","2":"type-product","3":"status-publish","4":"has-post-thumbnail","6":"product_brand-clearblue","7":"product_cat-njega-majke-i-djeteta","8":"product_cat-trudnoca-i-vitamini-211","10":"first","11":"outofstock","12":"shipping-taxable","13":"purchasable","14":"product-type-simple"},"_links":{"self":[{"href":"https:\/\/singuli.wpress.me\/index.php\/wp-json\/wp\/v2\/product\/35139","targetHints":{"allow":["GET"]}}],"collection":[{"href":"https:\/\/singuli.wpress.me\/index.php\/wp-json\/wp\/v2\/product"}],"about":[{"href":"https:\/\/singuli.wpress.me\/index.php\/wp-json\/wp\/v2\/types\/product"}],"version-history":[{"count":0,"href":"https:\/\/singuli.wpress.me\/index.php\/wp-json\/wp\/v2\/product\/35139\/revisions"}],"wp:featuredmedia":[{"embeddable":true,"href":"https:\/\/singuli.wpress.me\/index.php\/wp-json\/wp\/v2\/media\/35140"}],"wp:attachment":[{"href":"https:\/\/singuli.wpress.me\/index.php\/wp-json\/wp\/v2\/media?parent=35139"}],"wp:term":[{"taxonomy":"product_brand","embeddable":true,"href":"https:\/\/singuli.wpress.me\/index.php\/wp-json\/wp\/v2\/product_brand?post=35139"},{"taxonomy":"product_cat","embeddable":true,"href":"https:\/\/singuli.wpress.me\/index.php\/wp-json\/wp\/v2\/product_cat?post=35139"},{"taxonomy":"product_tag","embeddable":true,"href":"https:\/\/singuli.wpress.me\/index.php\/wp-json\/wp\/v2\/product_tag?post=35139"}],"curies":[{"name":"wp","href":"https:\/\/api.w.org\/{rel}","templated":true}]}}