{"id":35141,"date":"2026-04-17T13:44:32","date_gmt":"2026-04-17T13:44:32","guid":{"rendered":"https:\/\/singuli.wpress.me\/index.php\/proizvod\/vitae-kapsule-oliovita-protect-2x30kom\/"},"modified":"2026-04-20T12:33:14","modified_gmt":"2026-04-20T12:33:14","slug":"vitae-kapsule-oliovita-protect-2x30kom","status":"publish","type":"product","link":"https:\/\/singuli.wpress.me\/index.php\/proizvod\/vitae-kapsule-oliovita-protect-2x30kom\/","title":{"rendered":"VITAE, kapsule, Oliovita Protect, 2x30kom"},"content":{"rendered":"<p>OlioVita Protect je inovativni dodatak prehrani koji pru\u017ea potpunu za\u0161titu va\u0161e ko\u017ee od \u0161tetnih utjecaja sun\u010devih zraka. Sastoji se od 100% prirodnih ekstrakata, uklju\u010duju\u0107i sinergijsko djelovanje ekstrakta grejpa i ru\u017emarina, ulja pasjeg trna te vitamina D.<br \/>\nOvaj proizvod pru\u017ea sveobuhvatnu za\u0161titu ko\u017ee od foto-starenja, crvenila, sun\u010devih pjega te obnavlja ko\u017eu od \u0161tetnih u\u010dinaka sunca. Preporu\u010duje se za za\u0161titu od alergija na sunce, prevenciju od opeklina i crvenila ko\u017ee, kao i za\u0161titu od oksidativnih o\u0161te\u0107enja stanica i foto-starenja.<br \/>\nOlioVita Protect \u0161titi ko\u017eu od UVA, UVB, IR i vidljivog sun\u010devog zra\u010denja, pru\u017eaju\u0107i joj esencijalne nutrijente, hidrataciju te poti\u010du\u0107i elasticitet i \u010dvrsto\u0107u, bez naru\u0161avanja procesa tamnjenja. <\/p>\n<p>Na\u010din primjene: Popiti 1 kapsulu dnevno <\/p>\n<p>Koli\u010dina u dnevnoj dozi:<br \/>\nulje pasjeg trna                                                                         500 mg<br \/>\nsadr\u017ei vitamin A (beta-karoten)                                             0,50 mg  62,25% PU*<br \/>\nsuhi ekstrakt grejpa i ru\u017emarina                                            50 mg<br \/>\nod toga polifenoli                                                                     17,5 mg<br \/>\nVitamin D                                                                                   5 \u00b5g        100% PU<\/p>\n","protected":false},"excerpt":{"rendered":"<p>Dodatak prehrani sa pasjim trnom, vitaminom D i A, te ekstraktom  ru\u017emarina i grejpa<br \/>\nPru\u017ea potpunu za\u0161titu va\u0161e ko\u017ee od \u0161tetnih utjecaja sun\u010devih zraka<br \/>\nSastoji se od 100% prirodnih ekstrakata<\/p>\n","protected":false},"featured_media":35142,"template":"","meta":{"_seopress_robots_primary_cat":"","_seopress_titles_title":"","_seopress_titles_desc":"","_seopress_robots_index":"","iawp_total_views":0},"product_brand":[459],"product_cat":[211,289],"product_tag":[],"class_list":{"0":"post-35141","1":"product","2":"type-product","3":"status-publish","4":"has-post-thumbnail","6":"product_brand-vitae","7":"product_cat-njega-majke-i-djeteta","8":"product_cat-trudnoca-i-vitamini-211","10":"first","11":"outofstock","12":"shipping-taxable","13":"purchasable","14":"product-type-simple"},"_links":{"self":[{"href":"https:\/\/singuli.wpress.me\/index.php\/wp-json\/wp\/v2\/product\/35141","targetHints":{"allow":["GET"]}}],"collection":[{"href":"https:\/\/singuli.wpress.me\/index.php\/wp-json\/wp\/v2\/product"}],"about":[{"href":"https:\/\/singuli.wpress.me\/index.php\/wp-json\/wp\/v2\/types\/product"}],"version-history":[{"count":0,"href":"https:\/\/singuli.wpress.me\/index.php\/wp-json\/wp\/v2\/product\/35141\/revisions"}],"wp:featuredmedia":[{"embeddable":true,"href":"https:\/\/singuli.wpress.me\/index.php\/wp-json\/wp\/v2\/media\/35142"}],"wp:attachment":[{"href":"https:\/\/singuli.wpress.me\/index.php\/wp-json\/wp\/v2\/media?parent=35141"}],"wp:term":[{"taxonomy":"product_brand","embeddable":true,"href":"https:\/\/singuli.wpress.me\/index.php\/wp-json\/wp\/v2\/product_brand?post=35141"},{"taxonomy":"product_cat","embeddable":true,"href":"https:\/\/singuli.wpress.me\/index.php\/wp-json\/wp\/v2\/product_cat?post=35141"},{"taxonomy":"product_tag","embeddable":true,"href":"https:\/\/singuli.wpress.me\/index.php\/wp-json\/wp\/v2\/product_tag?post=35141"}],"curies":[{"name":"wp","href":"https:\/\/api.w.org\/{rel}","templated":true}]}}