{"id":35145,"date":"2026-04-17T13:44:34","date_gmt":"2026-04-17T13:44:34","guid":{"rendered":"https:\/\/singuli.wpress.me\/index.php\/proizvod\/fisher-price-snuggly-snacky-capy-plisana-igracka\/"},"modified":"2026-04-20T12:33:14","modified_gmt":"2026-04-20T12:33:14","slug":"fisher-price-snuggly-snacky-capy-plisana-igracka","status":"publish","type":"product","link":"https:\/\/singuli.wpress.me\/index.php\/proizvod\/fisher-price-snuggly-snacky-capy-plisana-igracka\/","title":{"rendered":"FISHER PRICE SNUGGLY SNACKY CAPY, pli\u0161ana igra\u010dka"},"content":{"rendered":"<p>\n    Preslatka pli\u0161ana kapibara \u2013 Senzorna igra\u010dka za razvoj beba<\/p>\n<p>\n    Ova preslatka pli\u0161ana kapibara savr\u0161en je suputnik za va\u0161e dijete, dizajnirana s brojnim senzornim detaljima koji poti\u010du istra\u017eivanje i razvoj!<\/p>\n<p>\n    Idealne veli\u010dine za male ruke, ova kapibara poma\u017ee u razvoju fine motorike i poti\u010de djetetova osjetila, pru\u017eaju\u0107i pritom osje\u0107aj sigurnosti.<\/p>\n<p>Klju\u010dne senzorske zna\u010dajke:<\/p>\n<p>    Vizualna i taktilna stimulacija: Svijetle boje, mekani pli\u0161ani materijali i nje\u017ene vrpce.<br \/>\n    Auditivna stimulacija: Naran\u010dasta zvi\u017edaljka, \u0161u\u0161kavi list, zve\u010dka u obliku lubenice i veseli zvukovi zvon\u010di\u0107a kada dijete uhvati i protrese igra\u010dku.<br \/>\n    Grickalica: Uklju\u010dena je i BPA-free grickalica za ubla\u017eavanje nelagode kod nicanja zubi\u0107a.<\/p>\n<p>\n    Kapibara je savr\u0161en suputnik za igru kod ku\u0107e ili u pokretu, prikladna za bebe od 3 mjeseca nadalje.<\/p>\n","protected":false},"excerpt":{"rendered":"<p>Sveobuhvatan senzorni razvoj: Uklju\u010duje zvi\u017edaljku, zve\u010dku, \u0161u\u0161kavi list i zvon\u010di\u0107e za auditornu stimulaciju<br \/>\nSigurnost i udobnost: Izra\u0111ena od mekanih pli\u0161anih materijala i uklju\u010duje BPA-free grickalicu.<br \/>\nPoti\u010de razvoj: Razvija finu motoriku i poti\u010de istra\u017eivanje.<\/p>\n","protected":false},"featured_media":35146,"template":"","meta":{"_seopress_robots_primary_cat":"","_seopress_titles_title":"","_seopress_titles_desc":"","_seopress_robots_index":"","iawp_total_views":0},"product_brand":[458],"product_cat":[211,286],"product_tag":[],"class_list":{"0":"post-35145","1":"product","2":"type-product","3":"status-publish","4":"has-post-thumbnail","6":"product_brand-fisher-price","7":"product_cat-njega-majke-i-djeteta","8":"product_cat-oprema-za-bebe-211","10":"first","11":"instock","12":"shipping-taxable","13":"purchasable","14":"product-type-simple"},"_links":{"self":[{"href":"https:\/\/singuli.wpress.me\/index.php\/wp-json\/wp\/v2\/product\/35145","targetHints":{"allow":["GET"]}}],"collection":[{"href":"https:\/\/singuli.wpress.me\/index.php\/wp-json\/wp\/v2\/product"}],"about":[{"href":"https:\/\/singuli.wpress.me\/index.php\/wp-json\/wp\/v2\/types\/product"}],"version-history":[{"count":0,"href":"https:\/\/singuli.wpress.me\/index.php\/wp-json\/wp\/v2\/product\/35145\/revisions"}],"wp:featuredmedia":[{"embeddable":true,"href":"https:\/\/singuli.wpress.me\/index.php\/wp-json\/wp\/v2\/media\/35146"}],"wp:attachment":[{"href":"https:\/\/singuli.wpress.me\/index.php\/wp-json\/wp\/v2\/media?parent=35145"}],"wp:term":[{"taxonomy":"product_brand","embeddable":true,"href":"https:\/\/singuli.wpress.me\/index.php\/wp-json\/wp\/v2\/product_brand?post=35145"},{"taxonomy":"product_cat","embeddable":true,"href":"https:\/\/singuli.wpress.me\/index.php\/wp-json\/wp\/v2\/product_cat?post=35145"},{"taxonomy":"product_tag","embeddable":true,"href":"https:\/\/singuli.wpress.me\/index.php\/wp-json\/wp\/v2\/product_tag?post=35145"}],"curies":[{"name":"wp","href":"https:\/\/api.w.org\/{rel}","templated":true}]}}