{"id":35170,"date":"2026-04-18T01:45:00","date_gmt":"2026-04-18T01:45:00","guid":{"rendered":"https:\/\/singuli.wpress.me\/index.php\/proizvod\/ambi-pur-flower-osvjezivac-zraka-2x20-ml\/"},"modified":"2026-04-20T12:33:14","modified_gmt":"2026-04-20T12:33:14","slug":"ambi-pur-flower-osvjezivac-zraka-2x20-ml","status":"publish","type":"product","link":"https:\/\/singuli.wpress.me\/index.php\/proizvod\/ambi-pur-flower-osvjezivac-zraka-2x20-ml\/","title":{"rendered":"AMBI PUR Flower, osvje\u017eiva\u010d zraka, 2&#215;20 ml"},"content":{"rendered":"<p>Ambi Pur 3volution zamjenjiv ulo\u017eak s tehnologijom Odourclear uklanja neugodne i ustajale mirise u prostoriji pru\u017eaju\u0107i nje\u017ean cvjetni miris i do 90 dana. Flowers je miris nadahnut proljetnim cvije\u0107em. Na miris osvje\u017eiva\u010da naviknut \u0107ete se vrlo brzo, me\u0111utim ambi pur 3volution ima sposobnost izmjene tri ugodna i osjetna mirisa svakih 45 minuta. Zamjenski ulo\u0161ci ambi pur mogu se upotrebljavati samo s ure\u0111ajima ambi pur 3volution. U\u017eivajte u domu ispunjenom svje\u017einom i ugodnim mirisom.<\/p>\n","protected":false},"excerpt":{"rendered":"<p>Dinami\u010dan miris: Izmjenjuje tri komplementarna mirisa inspirirana proljetnim cvije\u0107em, stvaraju\u0107i jedinstvenu i \u017eivahnu atmosferu<br \/>\nDugotrajna svje\u017eina: Jedan ulo\u017eak osigurava kontinuiranu svje\u017einu do 90 dana (pri upotrebi 12 sati dnevno na minimalnoj postavci)<br \/>\nU\u010dinkovito uklanjanje mirisa: Neprestano uklanja neugodne mirise umjesto da ih samo maskira.<\/p>\n","protected":false},"featured_media":35171,"template":"","meta":{"_seopress_robots_primary_cat":"","_seopress_titles_title":"","_seopress_titles_desc":"","_seopress_robots_index":"","iawp_total_views":0},"product_brand":[447],"product_cat":[243,272],"product_tag":[],"class_list":{"0":"post-35170","1":"product","2":"type-product","3":"status-publish","4":"has-post-thumbnail","6":"product_brand-ambi-pur","7":"product_cat-automobili-i-motori","8":"product_cat-motorna-ulja-243","10":"first","11":"instock","12":"shipping-taxable","13":"purchasable","14":"product-type-simple"},"_links":{"self":[{"href":"https:\/\/singuli.wpress.me\/index.php\/wp-json\/wp\/v2\/product\/35170","targetHints":{"allow":["GET"]}}],"collection":[{"href":"https:\/\/singuli.wpress.me\/index.php\/wp-json\/wp\/v2\/product"}],"about":[{"href":"https:\/\/singuli.wpress.me\/index.php\/wp-json\/wp\/v2\/types\/product"}],"version-history":[{"count":0,"href":"https:\/\/singuli.wpress.me\/index.php\/wp-json\/wp\/v2\/product\/35170\/revisions"}],"wp:featuredmedia":[{"embeddable":true,"href":"https:\/\/singuli.wpress.me\/index.php\/wp-json\/wp\/v2\/media\/35171"}],"wp:attachment":[{"href":"https:\/\/singuli.wpress.me\/index.php\/wp-json\/wp\/v2\/media?parent=35170"}],"wp:term":[{"taxonomy":"product_brand","embeddable":true,"href":"https:\/\/singuli.wpress.me\/index.php\/wp-json\/wp\/v2\/product_brand?post=35170"},{"taxonomy":"product_cat","embeddable":true,"href":"https:\/\/singuli.wpress.me\/index.php\/wp-json\/wp\/v2\/product_cat?post=35170"},{"taxonomy":"product_tag","embeddable":true,"href":"https:\/\/singuli.wpress.me\/index.php\/wp-json\/wp\/v2\/product_tag?post=35170"}],"curies":[{"name":"wp","href":"https:\/\/api.w.org\/{rel}","templated":true}]}}