{"id":35172,"date":"2026-04-18T01:45:01","date_gmt":"2026-04-18T01:45:01","guid":{"rendered":"https:\/\/singuli.wpress.me\/index.php\/proizvod\/glade-osvjezivac-zraka-u-spreju-lavanda-i-aloe-vera-300-ml-3\/"},"modified":"2026-04-20T12:33:14","modified_gmt":"2026-04-20T12:33:14","slug":"glade-osvjezivac-zraka-u-spreju-lavanda-i-aloe-vera-300-ml-3","status":"publish","type":"product","link":"https:\/\/singuli.wpress.me\/index.php\/proizvod\/glade-osvjezivac-zraka-u-spreju-lavanda-i-aloe-vera-300-ml-3\/","title":{"rendered":"GLADE, osvje\u017eiva\u010d zraka u spreju, lavanda i aloe vera, 300\u00a0ml"},"content":{"rendered":"<p>Glade\u00ae osvje\u017eiva\u010d zraka u spreju dizajniran je za uklanjanje neugodnih mirisa.<br \/>\nOkru\u017eite se mirisnim notama polja procvjetale lavande protkanim poletnim da\u0161kom mirisa bergamota i svje\u017eeg bilja.\u00a0\u00a0 <\/p>\n","protected":false},"excerpt":{"rendered":"<p>Uklanja neugodne mirise<br \/>\nPotrebno je protresti prije upotrebe<br \/>\nDugotrajno osvje\u017eava prostor<\/p>\n","protected":false},"featured_media":35173,"template":"","meta":{"_seopress_robots_primary_cat":"","_seopress_titles_title":"","_seopress_titles_desc":"","_seopress_robots_index":"","iawp_total_views":0},"product_brand":[405],"product_cat":[268,300],"product_tag":[],"class_list":{"0":"post-35172","1":"product","2":"type-product","3":"status-publish","4":"has-post-thumbnail","6":"product_brand-glade","7":"product_cat-kozmetika-2","8":"product_cat-njega-kose-268","10":"first","11":"instock","12":"shipping-taxable","13":"purchasable","14":"product-type-simple"},"_links":{"self":[{"href":"https:\/\/singuli.wpress.me\/index.php\/wp-json\/wp\/v2\/product\/35172","targetHints":{"allow":["GET"]}}],"collection":[{"href":"https:\/\/singuli.wpress.me\/index.php\/wp-json\/wp\/v2\/product"}],"about":[{"href":"https:\/\/singuli.wpress.me\/index.php\/wp-json\/wp\/v2\/types\/product"}],"version-history":[{"count":0,"href":"https:\/\/singuli.wpress.me\/index.php\/wp-json\/wp\/v2\/product\/35172\/revisions"}],"wp:featuredmedia":[{"embeddable":true,"href":"https:\/\/singuli.wpress.me\/index.php\/wp-json\/wp\/v2\/media\/35173"}],"wp:attachment":[{"href":"https:\/\/singuli.wpress.me\/index.php\/wp-json\/wp\/v2\/media?parent=35172"}],"wp:term":[{"taxonomy":"product_brand","embeddable":true,"href":"https:\/\/singuli.wpress.me\/index.php\/wp-json\/wp\/v2\/product_brand?post=35172"},{"taxonomy":"product_cat","embeddable":true,"href":"https:\/\/singuli.wpress.me\/index.php\/wp-json\/wp\/v2\/product_cat?post=35172"},{"taxonomy":"product_tag","embeddable":true,"href":"https:\/\/singuli.wpress.me\/index.php\/wp-json\/wp\/v2\/product_tag?post=35172"}],"curies":[{"name":"wp","href":"https:\/\/api.w.org\/{rel}","templated":true}]}}