{"id":35177,"date":"2026-04-18T01:45:01","date_gmt":"2026-04-18T01:45:01","guid":{"rendered":"https:\/\/singuli.wpress.me\/index.php\/proizvod\/lenor-spring-awake-mirisne-perlice-495-g\/"},"modified":"2026-04-20T12:33:14","modified_gmt":"2026-04-20T12:33:14","slug":"lenor-spring-awake-mirisne-perlice-495-g","status":"publish","type":"product","link":"https:\/\/singuli.wpress.me\/index.php\/proizvod\/lenor-spring-awake-mirisne-perlice-495-g\/","title":{"rendered":"LENOR Spring Awake, mirisne perlice, 495\u00a0g"},"content":{"rendered":"<p>Dostupne u razli\u010ditim mirisnim varijantama, sve mirisne perlice Lenor Unstoppables oboga\u0107uju va\u0161e rublje intenzivnijim mirisom svje\u017eine pri svakom pranju. Mirisne perlice Lenor Unstoppables iz pranja u pranje odr\u017eavaju intenzivnu svje\u017einu rublja do 12 tjedana (u ormaru) tako da je odje\u0107a uvijek spremna za no\u0161enje i pro\u017eeta va\u0161im omiljenim mirisom. Ako tra\u017eite iskri\u010dave mirise citrusa i so\u010dnog vo\u0107a omotane u prozra\u010dne cvjetne note, na\u0161i stru\u010dnjaci preporu\u010duju Unstoppables Fresh. Za optimalne rezultate perlice Lenor Unstoppables treba prije svakog pranja dodati u prazan bubanj perilice, zatim ubaciti odje\u0107u te dodati deterd\u017eent i omek\u0161iva\u010d prema uobi\u010dajenom redoslijedu.<\/p>\n","protected":false},"excerpt":{"rendered":"<p>Intenzivna svje\u017eina pri svakom pranju<br \/>\nIskri\u010davi miris citrusa i so\u010dnog vo\u0107a obavijenog cvjetnim notama<br \/>\nPrilagodite intenzitet mirisa svom ukusu odabirom \u017eeljene koli\u010dine perlica<\/p>\n","protected":false},"featured_media":35178,"template":"","meta":{"_seopress_robots_primary_cat":"","_seopress_titles_title":"","_seopress_titles_desc":"","_seopress_robots_index":"","iawp_total_views":0},"product_brand":[446],"product_cat":[294,238],"product_tag":[],"class_list":{"0":"post-35177","1":"product","2":"type-product","3":"status-publish","4":"has-post-thumbnail","6":"product_brand-lenor","7":"product_cat-osvjezivaci-zraka-238","8":"product_cat-sve-za-dom","10":"first","11":"instock","12":"shipping-taxable","13":"purchasable","14":"product-type-simple"},"_links":{"self":[{"href":"https:\/\/singuli.wpress.me\/index.php\/wp-json\/wp\/v2\/product\/35177","targetHints":{"allow":["GET"]}}],"collection":[{"href":"https:\/\/singuli.wpress.me\/index.php\/wp-json\/wp\/v2\/product"}],"about":[{"href":"https:\/\/singuli.wpress.me\/index.php\/wp-json\/wp\/v2\/types\/product"}],"version-history":[{"count":0,"href":"https:\/\/singuli.wpress.me\/index.php\/wp-json\/wp\/v2\/product\/35177\/revisions"}],"wp:featuredmedia":[{"embeddable":true,"href":"https:\/\/singuli.wpress.me\/index.php\/wp-json\/wp\/v2\/media\/35178"}],"wp:attachment":[{"href":"https:\/\/singuli.wpress.me\/index.php\/wp-json\/wp\/v2\/media?parent=35177"}],"wp:term":[{"taxonomy":"product_brand","embeddable":true,"href":"https:\/\/singuli.wpress.me\/index.php\/wp-json\/wp\/v2\/product_brand?post=35177"},{"taxonomy":"product_cat","embeddable":true,"href":"https:\/\/singuli.wpress.me\/index.php\/wp-json\/wp\/v2\/product_cat?post=35177"},{"taxonomy":"product_tag","embeddable":true,"href":"https:\/\/singuli.wpress.me\/index.php\/wp-json\/wp\/v2\/product_tag?post=35177"}],"curies":[{"name":"wp","href":"https:\/\/api.w.org\/{rel}","templated":true}]}}