{"id":35182,"date":"2026-04-18T01:45:03","date_gmt":"2026-04-18T01:45:03","guid":{"rendered":"https:\/\/singuli.wpress.me\/index.php\/proizvod\/ariel-professional-praskasti-deterdzent-130-pranja-7-15-l\/"},"modified":"2026-04-20T12:33:14","modified_gmt":"2026-04-20T12:33:14","slug":"ariel-professional-praskasti-deterdzent-130-pranja-7-15-l","status":"publish","type":"product","link":"https:\/\/singuli.wpress.me\/index.php\/proizvod\/ariel-professional-praskasti-deterdzent-130-pranja-7-15-l\/","title":{"rendered":"ARIEL PROFESSIONAL, pra\u0161kasti deterd\u017eent, 130 pranja, 7.15\u00a0l"},"content":{"rendered":"<p><span style=\"font-weight: bold\">Ariel Professional pra\u0161kasti deterd\u017eent za pranje rublja<\/span> Regular by P&amp;G Professional, 130 pranja, 7.15 kg &#8211; Izvanredno uklanjanje mrlja i \u010disto\u0107a ve\u0107 pri 1. pranju.<\/p>\n","protected":false},"excerpt":{"rendered":"<p>Izvanredno uklanjanje mrlja i \u010disto\u0107a ve\u0107 pri prvom pranju<br \/>\nBriljantni rezultati kod mrlja od hrane i tjelesnih teku\u0107ina<br \/>\nIzvanredni rezultati, \u010dak i pri pranju na niskim temperaturama<\/p>\n","protected":false},"featured_media":35183,"template":"","meta":{"_seopress_robots_primary_cat":"","_seopress_titles_title":"","_seopress_titles_desc":"","_seopress_robots_index":"","iawp_total_views":0},"product_brand":[768],"product_cat":[283,238],"product_tag":[],"class_list":{"0":"post-35182","1":"product","2":"type-product","3":"status-publish","4":"has-post-thumbnail","6":"product_brand-ariel-professional","7":"product_cat-pranje-rublja-238","8":"product_cat-sve-za-dom","10":"first","11":"instock","12":"shipping-taxable","13":"purchasable","14":"product-type-simple"},"_links":{"self":[{"href":"https:\/\/singuli.wpress.me\/index.php\/wp-json\/wp\/v2\/product\/35182","targetHints":{"allow":["GET"]}}],"collection":[{"href":"https:\/\/singuli.wpress.me\/index.php\/wp-json\/wp\/v2\/product"}],"about":[{"href":"https:\/\/singuli.wpress.me\/index.php\/wp-json\/wp\/v2\/types\/product"}],"version-history":[{"count":0,"href":"https:\/\/singuli.wpress.me\/index.php\/wp-json\/wp\/v2\/product\/35182\/revisions"}],"wp:featuredmedia":[{"embeddable":true,"href":"https:\/\/singuli.wpress.me\/index.php\/wp-json\/wp\/v2\/media\/35183"}],"wp:attachment":[{"href":"https:\/\/singuli.wpress.me\/index.php\/wp-json\/wp\/v2\/media?parent=35182"}],"wp:term":[{"taxonomy":"product_brand","embeddable":true,"href":"https:\/\/singuli.wpress.me\/index.php\/wp-json\/wp\/v2\/product_brand?post=35182"},{"taxonomy":"product_cat","embeddable":true,"href":"https:\/\/singuli.wpress.me\/index.php\/wp-json\/wp\/v2\/product_cat?post=35182"},{"taxonomy":"product_tag","embeddable":true,"href":"https:\/\/singuli.wpress.me\/index.php\/wp-json\/wp\/v2\/product_tag?post=35182"}],"curies":[{"name":"wp","href":"https:\/\/api.w.org\/{rel}","templated":true}]}}