{"id":35187,"date":"2026-04-18T01:45:05","date_gmt":"2026-04-18T01:45:05","guid":{"rendered":"https:\/\/singuli.wpress.me\/index.php\/proizvod\/lavazza-tales-of-italy-milano-kava-u-zrnu-1-kg\/"},"modified":"2026-04-20T12:33:14","modified_gmt":"2026-04-20T12:33:14","slug":"lavazza-tales-of-italy-milano-kava-u-zrnu-1-kg","status":"publish","type":"product","link":"https:\/\/singuli.wpress.me\/index.php\/proizvod\/lavazza-tales-of-italy-milano-kava-u-zrnu-1-kg\/","title":{"rendered":"LAVAZZA Tales Of Italy &#8211; Milano, kava u zrnu, 1\u00a0kg"},"content":{"rendered":"<p>Slatko\u0107a i elegancija u srcu milanske tradicije.<\/p>\n<p>Inspirirana profinjenim stilom i luksuzom legendarne Gallerie u srcu Milana, Lavazza Toi Milano predstavlja vrhunac elegancije u svijetu kave. Ova mje\u0161avina od 100% Arabice stvorena je za istinske poznavatelje koji tra\u017ee suptilnost, kompleksnost i \u010diste, slatke note u svojoj \u0161alici.<\/p>\n<p>Posebnost ove kave le\u017ei u kori\u0161tenju tehnike Cereja apassita (polusu\u0161ena zrna), koja prirodno oboga\u0107uje profil okusa bar\u0161unastim notama meda i gro\u017e\u0111ica. Rezultat je iznimno pitka kava, svilenkaste teksture i nje\u017ene arome koja odi\u0161e milanskim \u0161armom. Uz to, zrna dolaze s farmi certificiranih od strane Rainforest Alliance, \u0161to zna\u010di da svakim gutljajem podupirete odr\u017eivu proizvodnju i bolju budu\u0107nost lokalnih zajednica uzgajiva\u010da.<\/p>\n<p>U\u017eivajte u u\u017eitku na\u0161e kave svakoga dana: Lavazza u svakoj \u0161alici spaja najbolje od talijanskog znanja i iskustva s najboljim iz cijeloga svijeta. U\u017eivajte u kavi onako kako najvi\u0161e volite i proslavite talijanski na\u010din \u017eivota!<\/p>\n","protected":false},"excerpt":{"rendered":"<p>Vrhunska mje\u0161avina isklju\u010divo Arabica zrna za maksimalnu profinjenost i laganiji intenzitet<br \/>\nSpecifi\u010dan proces obrade zrna koji kavi daje prirodno slatke note meda i su\u0161enog vo\u0107a<br \/>\nRainforest Alliance certifikat jam\u010di ekolo\u0161ki osvije\u0161ten uzgoj i eti\u010dki pristup proizvodnji<\/p>\n","protected":false},"featured_media":35188,"template":"","meta":{"_seopress_robots_primary_cat":"","_seopress_titles_title":"","_seopress_titles_desc":"","_seopress_robots_index":"","iawp_total_views":0},"product_brand":[393],"product_cat":[261,275],"product_tag":[],"class_list":{"0":"post-35187","1":"product","2":"type-product","3":"status-publish","4":"has-post-thumbnail","6":"product_brand-lavazza","7":"product_cat-hrana-i-pice","8":"product_cat-kava-i-cajevi-261","10":"first","11":"instock","12":"shipping-taxable","13":"purchasable","14":"product-type-simple"},"_links":{"self":[{"href":"https:\/\/singuli.wpress.me\/index.php\/wp-json\/wp\/v2\/product\/35187","targetHints":{"allow":["GET"]}}],"collection":[{"href":"https:\/\/singuli.wpress.me\/index.php\/wp-json\/wp\/v2\/product"}],"about":[{"href":"https:\/\/singuli.wpress.me\/index.php\/wp-json\/wp\/v2\/types\/product"}],"version-history":[{"count":0,"href":"https:\/\/singuli.wpress.me\/index.php\/wp-json\/wp\/v2\/product\/35187\/revisions"}],"wp:featuredmedia":[{"embeddable":true,"href":"https:\/\/singuli.wpress.me\/index.php\/wp-json\/wp\/v2\/media\/35188"}],"wp:attachment":[{"href":"https:\/\/singuli.wpress.me\/index.php\/wp-json\/wp\/v2\/media?parent=35187"}],"wp:term":[{"taxonomy":"product_brand","embeddable":true,"href":"https:\/\/singuli.wpress.me\/index.php\/wp-json\/wp\/v2\/product_brand?post=35187"},{"taxonomy":"product_cat","embeddable":true,"href":"https:\/\/singuli.wpress.me\/index.php\/wp-json\/wp\/v2\/product_cat?post=35187"},{"taxonomy":"product_tag","embeddable":true,"href":"https:\/\/singuli.wpress.me\/index.php\/wp-json\/wp\/v2\/product_tag?post=35187"}],"curies":[{"name":"wp","href":"https:\/\/api.w.org\/{rel}","templated":true}]}}