{"id":35189,"date":"2026-04-18T01:45:05","date_gmt":"2026-04-18T01:45:05","guid":{"rendered":"https:\/\/singuli.wpress.me\/index.php\/proizvod\/lavazza-tales-of-italy-venezia-kava-u-zrnu-1-kg\/"},"modified":"2026-04-20T12:33:14","modified_gmt":"2026-04-20T12:33:14","slug":"lavazza-tales-of-italy-venezia-kava-u-zrnu-1-kg","status":"publish","type":"product","link":"https:\/\/singuli.wpress.me\/index.php\/proizvod\/lavazza-tales-of-italy-venezia-kava-u-zrnu-1-kg\/","title":{"rendered":"LAVAZZA Tales Of Italy &#8211; Venezia, kava u zrnu, 1\u00a0kg"},"content":{"rendered":"<p>Kombinacija 70% Arabice i 30% Robuste rezultira punim tijelom i bogatim okusom. Posebnost ove kave le\u017ei u njezinoj kompleksnosti: prirodna srednjoameri\u010dka Arabica daje joj profinjenost, dok spoj oprane i fermentirane Robuste iz Azije osigurava stabilnu kremu i karakteristi\u010dnu dubinu. U svakom gutljaju dominiraju bar\u0161unaste note \u010dokolade i badema, ostavljaju\u0107i ugodan i dugotrajan slatkasti okus.<\/p>\n<p>U\u017eivajte u u\u017eitku na\u0161e kave svakoga dana: Lavazza u svakoj \u0161alici spaja najbolje od talijanskog znanja i iskustva s najboljim iz cijeloga svijeta. U\u017eivajte u kavi onako kako najvi\u0161e volite i proslavite talijanski na\u010din \u017eivota!<\/p>\n","protected":false},"excerpt":{"rendered":"<p>Harmonija 70% Arabice i 30% Robuste s jedinstvenim dodatkom fermentirane Robuste za bogatu teksturu<br \/>\nIzra\u017eene note tamne \u010dokolade i pr\u017eenih badema koje pru\u017eaju slatkast, aromati\u010dan zavr\u0161etak<br \/>\nProizvod brenda s preko 120 godina iskustva u odabiru i pr\u017eenju najfinijih zrna.<\/p>\n","protected":false},"featured_media":35190,"template":"","meta":{"_seopress_robots_primary_cat":"","_seopress_titles_title":"","_seopress_titles_desc":"","_seopress_robots_index":"","iawp_total_views":0},"product_brand":[393],"product_cat":[261,275],"product_tag":[],"class_list":{"0":"post-35189","1":"product","2":"type-product","3":"status-publish","4":"has-post-thumbnail","6":"product_brand-lavazza","7":"product_cat-hrana-i-pice","8":"product_cat-kava-i-cajevi-261","10":"first","11":"instock","12":"shipping-taxable","13":"purchasable","14":"product-type-simple"},"_links":{"self":[{"href":"https:\/\/singuli.wpress.me\/index.php\/wp-json\/wp\/v2\/product\/35189","targetHints":{"allow":["GET"]}}],"collection":[{"href":"https:\/\/singuli.wpress.me\/index.php\/wp-json\/wp\/v2\/product"}],"about":[{"href":"https:\/\/singuli.wpress.me\/index.php\/wp-json\/wp\/v2\/types\/product"}],"version-history":[{"count":0,"href":"https:\/\/singuli.wpress.me\/index.php\/wp-json\/wp\/v2\/product\/35189\/revisions"}],"wp:featuredmedia":[{"embeddable":true,"href":"https:\/\/singuli.wpress.me\/index.php\/wp-json\/wp\/v2\/media\/35190"}],"wp:attachment":[{"href":"https:\/\/singuli.wpress.me\/index.php\/wp-json\/wp\/v2\/media?parent=35189"}],"wp:term":[{"taxonomy":"product_brand","embeddable":true,"href":"https:\/\/singuli.wpress.me\/index.php\/wp-json\/wp\/v2\/product_brand?post=35189"},{"taxonomy":"product_cat","embeddable":true,"href":"https:\/\/singuli.wpress.me\/index.php\/wp-json\/wp\/v2\/product_cat?post=35189"},{"taxonomy":"product_tag","embeddable":true,"href":"https:\/\/singuli.wpress.me\/index.php\/wp-json\/wp\/v2\/product_tag?post=35189"}],"curies":[{"name":"wp","href":"https:\/\/api.w.org\/{rel}","templated":true}]}}