{"id":35191,"date":"2026-04-18T01:45:06","date_gmt":"2026-04-18T01:45:06","guid":{"rendered":"https:\/\/singuli.wpress.me\/index.php\/proizvod\/lavazza-tales-of-italy-roma-kava-u-zrnu-1-kg\/"},"modified":"2026-04-20T12:33:14","modified_gmt":"2026-04-20T12:33:14","slug":"lavazza-tales-of-italy-roma-kava-u-zrnu-1-kg","status":"publish","type":"product","link":"https:\/\/singuli.wpress.me\/index.php\/proizvod\/lavazza-tales-of-italy-roma-kava-u-zrnu-1-kg\/","title":{"rendered":"LAVAZZA Tales Of Italy &#8211; Roma, kava u zrnu, 1\u00a0kg"},"content":{"rendered":"<p>Osjetite bezvremenski \u0161arm Vje\u010dnog grada.<\/p>\n<p>Inspirirana slikovitom \u010detvrti Trastevere i njezinim kultnim kafi\u0107ima, Lavazza Toi Roma donosi vam snagu i karakter koji utjelovljuju duh samog Rima. Ova mje\u0161avina stvorena je za one koji tra\u017ee sna\u017ean, upe\u010datljiv espresso koji budi osjetila i priziva atmosferu opu\u0161tenih rimskih jutara.<\/p>\n<p>S uravnote\u017eenim omjerom od 50% Arabice i 50% Robuste, ova kava nudi savr\u0161enu puno\u0107u tijela i intenzivnu aromu. Sofisticirana kombinacija oprane i fermentirane Robuste iz Azije pru\u017ea joj bar\u0161unastu teksturu i postojanu kremu, dok prirodna Arabica iz Srednje Amerike zaokru\u017euje okus profinjenim notama \u010dokolade i lje\u0161njaka. Rezultat je bogata i karakterna \u0161alica kave s dugotrajnim, ugodnim zavr\u0161etkom.<\/p>\n<p>U\u017eivajte u u\u017eitku na\u0161e kave svakoga dana: Lavazza u svakoj \u0161alici spaja najbolje od talijanskog znanja i iskustva s najboljim iz cijeloga svijeta. U\u017eivajte u kavi onako kako najvi\u0161e volite i proslavite talijanski na\u010din \u017eivota!<\/p>\n","protected":false},"excerpt":{"rendered":"<p>Balansirani omjer 50% Arabice i 50% Robuste za intenzivan i pun okus pravog talijanskog espressa<br \/>\nDominantne note mlije\u010dne \u010dokolade i pr\u017eenog lje\u0161njaka koje pru\u017eaju toplinu i dubinu svakom gutljaju<br \/>\nPoseban spoj fermentirane Robuste osigurava bogatu i gustu kremu, idealnu za ljubitelje klasi\u010dnog Rima<\/p>\n","protected":false},"featured_media":35192,"template":"","meta":{"_seopress_robots_primary_cat":"","_seopress_titles_title":"","_seopress_titles_desc":"","_seopress_robots_index":"","iawp_total_views":0},"product_brand":[393],"product_cat":[261,275],"product_tag":[],"class_list":{"0":"post-35191","1":"product","2":"type-product","3":"status-publish","4":"has-post-thumbnail","6":"product_brand-lavazza","7":"product_cat-hrana-i-pice","8":"product_cat-kava-i-cajevi-261","10":"first","11":"instock","12":"shipping-taxable","13":"purchasable","14":"product-type-simple"},"_links":{"self":[{"href":"https:\/\/singuli.wpress.me\/index.php\/wp-json\/wp\/v2\/product\/35191","targetHints":{"allow":["GET"]}}],"collection":[{"href":"https:\/\/singuli.wpress.me\/index.php\/wp-json\/wp\/v2\/product"}],"about":[{"href":"https:\/\/singuli.wpress.me\/index.php\/wp-json\/wp\/v2\/types\/product"}],"version-history":[{"count":0,"href":"https:\/\/singuli.wpress.me\/index.php\/wp-json\/wp\/v2\/product\/35191\/revisions"}],"wp:featuredmedia":[{"embeddable":true,"href":"https:\/\/singuli.wpress.me\/index.php\/wp-json\/wp\/v2\/media\/35192"}],"wp:attachment":[{"href":"https:\/\/singuli.wpress.me\/index.php\/wp-json\/wp\/v2\/media?parent=35191"}],"wp:term":[{"taxonomy":"product_brand","embeddable":true,"href":"https:\/\/singuli.wpress.me\/index.php\/wp-json\/wp\/v2\/product_brand?post=35191"},{"taxonomy":"product_cat","embeddable":true,"href":"https:\/\/singuli.wpress.me\/index.php\/wp-json\/wp\/v2\/product_cat?post=35191"},{"taxonomy":"product_tag","embeddable":true,"href":"https:\/\/singuli.wpress.me\/index.php\/wp-json\/wp\/v2\/product_tag?post=35191"}],"curies":[{"name":"wp","href":"https:\/\/api.w.org\/{rel}","templated":true}]}}