{"id":35217,"date":"2026-04-18T01:45:19","date_gmt":"2026-04-18T01:45:19","guid":{"rendered":"https:\/\/singuli.wpress.me\/index.php\/proizvod\/jar-lemon-kapsule-za-strojno-pranje-posuda-29-kom\/"},"modified":"2026-04-20T12:33:14","modified_gmt":"2026-04-20T12:33:14","slug":"jar-lemon-kapsule-za-strojno-pranje-posuda-29-kom","status":"publish","type":"product","link":"https:\/\/singuli.wpress.me\/index.php\/proizvod\/jar-lemon-kapsule-za-strojno-pranje-posuda-29-kom\/","title":{"rendered":"JAR Lemon, kapsule za strojno pranje posu\u0111a, 29\u00a0kom"},"content":{"rendered":"<p>Jar kapsule za perilicu posu\u0111a Platinum Plus All in One Lemon ostavljaju posu\u0111e \u010distim kao novo i imaju najbolji u\u010dinak \u010di\u0161\u0107enja. \u010cak poma\u017eu ukloniti sivilo nastalo tijekom vremena i vra\u0107aju posu\u0111u njegov prvotni sjaj.<\/p>\n<p>Jar Platinum Plus kapsule pru\u017eaju vrhunsku \u010disto\u0107u i uklanjaju tvrdokorne mrlje od hrane \u010dak i tijekom kratkog ciklusa. Dakle, ako nemate puno vremena \u2013 nema problema. Jednostavno uklju\u010dite kratki program.<\/p>\n<p>Jar u jednoj u\u010dinkovitoj kapsuli spaja teku\u0107i i pra\u0161kasti deterd\u017eent. Visoko topiva ovojnica brzo se otapa i dobro djeluje i u kratkim ciklusima jer se posu\u0111e odmah po\u010dinje prati.<\/p>\n<p>A uz to, kapsule su vrlo jednostavne za upotrebu! Prebacite se na kratki ciklus i u\u0161tedite vrijeme, energiju i vodu u odnosu na uobi\u010dajeni standardni program \u2013 zahvaljuju\u0107i kapsulama za perilicu posu\u0111a marke Jar!<\/p>\n","protected":false},"excerpt":{"rendered":"<p>Ugodan miris limuna koji ostaje na posu\u0111u<br \/>\nvremenom uklanja nakupljeni sloj i vra\u0107a posu\u0111u prvotni sjaj<br \/>\nSadr\u017ei sol i sredstvo za ispiranje, \u0161to eliminira potrebu za dodatnim proizvodima<\/p>\n","protected":false},"featured_media":35218,"template":"","meta":{"_seopress_robots_primary_cat":"","_seopress_titles_title":"","_seopress_titles_desc":"","_seopress_robots_index":"","iawp_total_views":0},"product_brand":[454],"product_cat":[314,238],"product_tag":[],"class_list":{"0":"post-35217","1":"product","2":"type-product","3":"status-publish","4":"has-post-thumbnail","6":"product_brand-jar","7":"product_cat-pranje-posuda-238","8":"product_cat-sve-za-dom","10":"first","11":"instock","12":"shipping-taxable","13":"purchasable","14":"product-type-simple"},"_links":{"self":[{"href":"https:\/\/singuli.wpress.me\/index.php\/wp-json\/wp\/v2\/product\/35217","targetHints":{"allow":["GET"]}}],"collection":[{"href":"https:\/\/singuli.wpress.me\/index.php\/wp-json\/wp\/v2\/product"}],"about":[{"href":"https:\/\/singuli.wpress.me\/index.php\/wp-json\/wp\/v2\/types\/product"}],"version-history":[{"count":0,"href":"https:\/\/singuli.wpress.me\/index.php\/wp-json\/wp\/v2\/product\/35217\/revisions"}],"wp:featuredmedia":[{"embeddable":true,"href":"https:\/\/singuli.wpress.me\/index.php\/wp-json\/wp\/v2\/media\/35218"}],"wp:attachment":[{"href":"https:\/\/singuli.wpress.me\/index.php\/wp-json\/wp\/v2\/media?parent=35217"}],"wp:term":[{"taxonomy":"product_brand","embeddable":true,"href":"https:\/\/singuli.wpress.me\/index.php\/wp-json\/wp\/v2\/product_brand?post=35217"},{"taxonomy":"product_cat","embeddable":true,"href":"https:\/\/singuli.wpress.me\/index.php\/wp-json\/wp\/v2\/product_cat?post=35217"},{"taxonomy":"product_tag","embeddable":true,"href":"https:\/\/singuli.wpress.me\/index.php\/wp-json\/wp\/v2\/product_tag?post=35217"}],"curies":[{"name":"wp","href":"https:\/\/api.w.org\/{rel}","templated":true}]}}