{"id":35222,"date":"2026-04-18T01:45:21","date_gmt":"2026-04-18T01:45:21","guid":{"rendered":"https:\/\/singuli.wpress.me\/index.php\/proizvod\/lor-espresso-lungo-profondo-kapsule-10-kom\/"},"modified":"2026-04-20T12:33:14","modified_gmt":"2026-04-20T12:33:14","slug":"lor-espresso-lungo-profondo-kapsule-10-kom","status":"publish","type":"product","link":"https:\/\/singuli.wpress.me\/index.php\/proizvod\/lor-espresso-lungo-profondo-kapsule-10-kom\/","title":{"rendered":"L&#8217;OR Espresso Lungo Profondo, kapsule, 10\u00a0kom"},"content":{"rendered":"<p><span style=\"font-weight: bold\">L\u00b4OR Lungo Profondo<\/span> inteziteta 8 karakterizira intenzivna i pikantna aroma pr\u017eenih badema. Ova \u0107e vam kava pru\u017eiti savr\u0161eno iskustvo zahvaljuju\u0107i svojoj pjenu\u0161avoj bron\u010danoj pjeni i uravnote\u017eenom okusu.<br \/>\nLungo je varijanta espressa, tako\u0111er poznata kao duga kava. Za njegovu pripremu koristi se dvostruko vi\u0161e vode koja te\u010de kroz istu koli\u010dinu kave nego za espresso. L&#8217;OR Espresso Lungo kapsule posebno su dizajnirane za pripremu velike \u0161alice (110 ml) intenzivnog espressa savr\u0161ene konzistencije.<\/p>\n<p>L&#8217;OR kava je napravljena od najkvalitetnijih zrna kave. Proces pr\u017eenja specifi\u010dan za L&#8217;OR kavu izla\u017ee zrna kave intenzivnim temperaturama koje im daju duboku boju, jedinstvene okuse i karakteristike specifi\u010dne za svaku sortu. U\u017eivajte u bogatoj kavi, proizvodu savr\u0161eno pr\u017eenih i mljevenih zrna kave, s kremastim slojem boje jantara.<\/p>\n<p>Kompatibilan s Nespresso aparatima za kavu \u00ae**. **Kori\u0161teni za\u0161titni znak je tre\u0107e strane, nije povezan s JACOBS DOUWE EGBERTS.<br \/>\nPriprema: 1 kapsula za pripremu 110 ml kave Lungo.<\/p>\n","protected":false},"excerpt":{"rendered":"<p>Intenzitet: 8<br \/>\nIntenzivna i pikantna aroma pr\u017eenih badema<br \/>\nPjenu\u0161ava bron\u010dana pjena i uravnote\u017eeni okus<\/p>\n","protected":false},"featured_media":35223,"template":"","meta":{"_seopress_robots_primary_cat":"","_seopress_titles_title":"","_seopress_titles_desc":"","_seopress_robots_index":"","iawp_total_views":0},"product_brand":[770],"product_cat":[211,289],"product_tag":[],"class_list":{"0":"post-35222","1":"product","2":"type-product","3":"status-publish","4":"has-post-thumbnail","6":"product_brand-lor","7":"product_cat-njega-majke-i-djeteta","8":"product_cat-trudnoca-i-vitamini-211","10":"first","11":"instock","12":"shipping-taxable","13":"purchasable","14":"product-type-simple"},"_links":{"self":[{"href":"https:\/\/singuli.wpress.me\/index.php\/wp-json\/wp\/v2\/product\/35222","targetHints":{"allow":["GET"]}}],"collection":[{"href":"https:\/\/singuli.wpress.me\/index.php\/wp-json\/wp\/v2\/product"}],"about":[{"href":"https:\/\/singuli.wpress.me\/index.php\/wp-json\/wp\/v2\/types\/product"}],"version-history":[{"count":0,"href":"https:\/\/singuli.wpress.me\/index.php\/wp-json\/wp\/v2\/product\/35222\/revisions"}],"wp:featuredmedia":[{"embeddable":true,"href":"https:\/\/singuli.wpress.me\/index.php\/wp-json\/wp\/v2\/media\/35223"}],"wp:attachment":[{"href":"https:\/\/singuli.wpress.me\/index.php\/wp-json\/wp\/v2\/media?parent=35222"}],"wp:term":[{"taxonomy":"product_brand","embeddable":true,"href":"https:\/\/singuli.wpress.me\/index.php\/wp-json\/wp\/v2\/product_brand?post=35222"},{"taxonomy":"product_cat","embeddable":true,"href":"https:\/\/singuli.wpress.me\/index.php\/wp-json\/wp\/v2\/product_cat?post=35222"},{"taxonomy":"product_tag","embeddable":true,"href":"https:\/\/singuli.wpress.me\/index.php\/wp-json\/wp\/v2\/product_tag?post=35222"}],"curies":[{"name":"wp","href":"https:\/\/api.w.org\/{rel}","templated":true}]}}