{"id":35228,"date":"2026-04-18T01:45:23","date_gmt":"2026-04-18T01:45:23","guid":{"rendered":"https:\/\/singuli.wpress.me\/index.php\/proizvod\/lor-espresso-ristretto-kapsule-10-kom\/"},"modified":"2026-04-20T12:33:14","modified_gmt":"2026-04-20T12:33:14","slug":"lor-espresso-ristretto-kapsule-10-kom","status":"publish","type":"product","link":"https:\/\/singuli.wpress.me\/index.php\/proizvod\/lor-espresso-ristretto-kapsule-10-kom\/","title":{"rendered":"L&#8217;OR Espresso Ristretto, kapsule, 10\u00a0kom"},"content":{"rendered":"<p><span style=\"font-weight: bold\">L\u00b4OR Espresso Ristretto<\/span> inteziteta 11 pomno kreiran Ristretto o\u010darat \u0107e va\u0161a osjetila svojom izrazitom osobno\u0161\u0107u i sna\u017enom za\u010dinskom aromom. Ovo je idealna mje\u0161avina za ristretto koja vas prati na nezaboravnom putovanju do savr\u0161enog do\u017eivljaja kave.<br \/>\nRistretto je napitak koji se priprema od iste koli\u010dine kave kao klasi\u010dni espresso, ali s upola manjom koli\u010dinom vode, 20 ml. Ristretto je cijenjen upravo zbog svoje veli\u010dine i bogate arome.<\/p>\n<p>L&#8217;OR kava je napravljena od najkvalitetnijih zrna kave. Proces pr\u017eenja specifi\u010dan za L&#8217;OR kavu izla\u017ee zrna kave intenzivnim temperaturama koje im daju duboku boju, jedinstvene okuse i karakteristike specifi\u010dne za svaku sortu. U\u017eivajte u bogatoj kavi, proizvodu savr\u0161eno pr\u017eenih i mljevenih zrna kave, s kremastim slojem boje jantara.<\/p>\n<p>Kompatibilan s Nespresso aparatima za kavu \u00ae**. **Kori\u0161teni za\u0161titni znak je tre\u0107e strane, nije povezan s JACOBS DOUWE EGBERTS.<br \/>\nPriprema: 1 kapsula za pripremu 40 ml kave Espresso ili 25 ml kave Ristretto.<\/p>\n","protected":false},"excerpt":{"rendered":"<p>Intenzitet: 11<br \/>\nIzrazita osobnost i sna\u017ena za\u010dinska aroma<br \/>\nIdealna mje\u0161avina za ristretto<\/p>\n","protected":false},"featured_media":35229,"template":"","meta":{"_seopress_robots_primary_cat":"","_seopress_titles_title":"","_seopress_titles_desc":"","_seopress_robots_index":"","iawp_total_views":0},"product_brand":[770],"product_cat":[211,289],"product_tag":[],"class_list":{"0":"post-35228","1":"product","2":"type-product","3":"status-publish","4":"has-post-thumbnail","6":"product_brand-lor","7":"product_cat-njega-majke-i-djeteta","8":"product_cat-trudnoca-i-vitamini-211","10":"first","11":"instock","12":"shipping-taxable","13":"purchasable","14":"product-type-simple"},"_links":{"self":[{"href":"https:\/\/singuli.wpress.me\/index.php\/wp-json\/wp\/v2\/product\/35228","targetHints":{"allow":["GET"]}}],"collection":[{"href":"https:\/\/singuli.wpress.me\/index.php\/wp-json\/wp\/v2\/product"}],"about":[{"href":"https:\/\/singuli.wpress.me\/index.php\/wp-json\/wp\/v2\/types\/product"}],"version-history":[{"count":0,"href":"https:\/\/singuli.wpress.me\/index.php\/wp-json\/wp\/v2\/product\/35228\/revisions"}],"wp:featuredmedia":[{"embeddable":true,"href":"https:\/\/singuli.wpress.me\/index.php\/wp-json\/wp\/v2\/media\/35229"}],"wp:attachment":[{"href":"https:\/\/singuli.wpress.me\/index.php\/wp-json\/wp\/v2\/media?parent=35228"}],"wp:term":[{"taxonomy":"product_brand","embeddable":true,"href":"https:\/\/singuli.wpress.me\/index.php\/wp-json\/wp\/v2\/product_brand?post=35228"},{"taxonomy":"product_cat","embeddable":true,"href":"https:\/\/singuli.wpress.me\/index.php\/wp-json\/wp\/v2\/product_cat?post=35228"},{"taxonomy":"product_tag","embeddable":true,"href":"https:\/\/singuli.wpress.me\/index.php\/wp-json\/wp\/v2\/product_tag?post=35228"}],"curies":[{"name":"wp","href":"https:\/\/api.w.org\/{rel}","templated":true}]}}