{"id":35250,"date":"2026-04-18T01:45:29","date_gmt":"2026-04-18T01:45:29","guid":{"rendered":"https:\/\/singuli.wpress.me\/index.php\/proizvod\/ambi-pur-aloha-punjenje-za-elektricni-osvjezivac-zraka-2x20-ml\/"},"modified":"2026-04-20T12:33:14","modified_gmt":"2026-04-20T12:33:14","slug":"ambi-pur-aloha-punjenje-za-elektricni-osvjezivac-zraka-2x20-ml","status":"publish","type":"product","link":"https:\/\/singuli.wpress.me\/index.php\/proizvod\/ambi-pur-aloha-punjenje-za-elektricni-osvjezivac-zraka-2x20-ml\/","title":{"rendered":"AMBI PUR Aloha, punjenje za elektri\u010dni osvje\u017eiva\u010d zraka, 2&#215;20 ml"},"content":{"rendered":"<p>Ambi Pur osvje\u017eiva\u010d zraka Aloha s mirisom zmajevog vo\u0107a i li\u010dija ispunit \u0107e va\u0161 dom tropskom svje\u017einom. Zahvaljuju\u0107i tehnologiji OdourClear u\u010dinkovito uklanja neugodne mirise i ostavlja ugodan miris. Osvje\u017eiva\u010d pogodan je za upotrebu u svim prostorijama va\u0161eg doma. Neka vas miris osvje\u017eiva\u010da Aloha odvede u tropske krajeve.<\/p>\n","protected":false},"excerpt":{"rendered":"<p>Osvje\u017eava prostor jedinstvenom kombinacijom mirisa zmajevog vo\u0107a i li\u010dija<br \/>\nTehnologija OdourClear ne maskira, ve\u0107 trajno uklanja neugodne mirise<br \/>\nStvara ugodnu i vedru ljetnu atmosferu u svakoj prostoriji<\/p>\n","protected":false},"featured_media":35251,"template":"","meta":{"_seopress_robots_primary_cat":"","_seopress_titles_title":"","_seopress_titles_desc":"","_seopress_robots_index":"","iawp_total_views":0},"product_brand":[447],"product_cat":[243,272],"product_tag":[],"class_list":{"0":"post-35250","1":"product","2":"type-product","3":"status-publish","4":"has-post-thumbnail","6":"product_brand-ambi-pur","7":"product_cat-automobili-i-motori","8":"product_cat-motorna-ulja-243","10":"first","11":"outofstock","12":"shipping-taxable","13":"purchasable","14":"product-type-simple"},"_links":{"self":[{"href":"https:\/\/singuli.wpress.me\/index.php\/wp-json\/wp\/v2\/product\/35250","targetHints":{"allow":["GET"]}}],"collection":[{"href":"https:\/\/singuli.wpress.me\/index.php\/wp-json\/wp\/v2\/product"}],"about":[{"href":"https:\/\/singuli.wpress.me\/index.php\/wp-json\/wp\/v2\/types\/product"}],"version-history":[{"count":0,"href":"https:\/\/singuli.wpress.me\/index.php\/wp-json\/wp\/v2\/product\/35250\/revisions"}],"wp:featuredmedia":[{"embeddable":true,"href":"https:\/\/singuli.wpress.me\/index.php\/wp-json\/wp\/v2\/media\/35251"}],"wp:attachment":[{"href":"https:\/\/singuli.wpress.me\/index.php\/wp-json\/wp\/v2\/media?parent=35250"}],"wp:term":[{"taxonomy":"product_brand","embeddable":true,"href":"https:\/\/singuli.wpress.me\/index.php\/wp-json\/wp\/v2\/product_brand?post=35250"},{"taxonomy":"product_cat","embeddable":true,"href":"https:\/\/singuli.wpress.me\/index.php\/wp-json\/wp\/v2\/product_cat?post=35250"},{"taxonomy":"product_tag","embeddable":true,"href":"https:\/\/singuli.wpress.me\/index.php\/wp-json\/wp\/v2\/product_tag?post=35250"}],"curies":[{"name":"wp","href":"https:\/\/api.w.org\/{rel}","templated":true}]}}