{"id":35257,"date":"2026-04-18T01:45:32","date_gmt":"2026-04-18T01:45:32","guid":{"rendered":"https:\/\/singuli.wpress.me\/index.php\/proizvod\/old-spice-epic-legend-gel-za-tusiranje-400-ml\/"},"modified":"2026-04-21T00:26:43","modified_gmt":"2026-04-21T00:26:43","slug":"old-spice-epic-legend-gel-za-tusiranje-400-ml","status":"publish","type":"product","link":"https:\/\/singuli.wpress.me\/index.php\/proizvod\/old-spice-epic-legend-gel-za-tusiranje-400-ml\/","title":{"rendered":"OLD SPICE Epic Legend, gel za tu\u0161iranje, 400\u00a0ml"},"content":{"rendered":"<p>U\u017eivaj u nezaboravnoj dugotrajnoj svje\u017eini i fantamirisnom samopouzdanju uz \u0161ampon i gel za tu\u0161iranje Old Spice Epic za mu\u0161karce. Njegova formula za dubinsko \u010di\u0161\u0107enje oboga\u0107ena mirisima parfemske kvalitete uklanja prljav\u0161tinu i neugodne mirise, a ti ostaje\u0161 svje\u017e i \u010dist. Ova vi\u0161enamjenska formula 3-u-1 djeluje na tijelo, kosu i lice te \u010dini tvoju ko\u017eu neodoljivo glatkom, tako da se mo\u017ee\u0161 usredoto\u010diti na ambicioznije pothvate poput sklapanja poslova ili podu\u010davanja dupina ljudskom govoru. Ovaj miris bourbon vanilije, duhana s tre\u0161njom, dimljenog hrastovog drva i tople ambre pretvara te u legendarnog viteza svje\u017eine.<\/p>\n","protected":false},"excerpt":{"rendered":"<p>3-u-1 vi\u0161enamjenska formula: Koristite ga kao \u0161ampon, gel za tu\u0161iranje i sredstvo za \u010di\u0161\u0107enje lica.<br \/>\nDubinsko \u010di\u0161\u0107enje: Uklanja prljav\u0161tinu i neugodne mirise, ostavljaju\u0107i ko\u017eu svje\u017eom i glatkom.<br \/>\nDugotrajan miris: U\u017eivajte u nezaboravnom mirisu bourbon vanilije, duhana s tre\u0161njom i ambre.<\/p>\n","protected":false},"featured_media":35258,"template":"","meta":{"_seopress_robots_primary_cat":"","_seopress_titles_title":"","_seopress_titles_desc":"","_seopress_robots_index":"","iawp_total_views":0},"product_brand":[448],"product_cat":[268,278],"product_tag":[],"class_list":{"0":"post-35257","1":"product","2":"type-product","3":"status-publish","4":"has-post-thumbnail","6":"product_brand-old-spice","7":"product_cat-kozmetika-2","8":"product_cat-njega-tijela-268","10":"first","11":"instock","12":"shipping-taxable","13":"purchasable","14":"product-type-simple"},"_links":{"self":[{"href":"https:\/\/singuli.wpress.me\/index.php\/wp-json\/wp\/v2\/product\/35257","targetHints":{"allow":["GET"]}}],"collection":[{"href":"https:\/\/singuli.wpress.me\/index.php\/wp-json\/wp\/v2\/product"}],"about":[{"href":"https:\/\/singuli.wpress.me\/index.php\/wp-json\/wp\/v2\/types\/product"}],"version-history":[{"count":0,"href":"https:\/\/singuli.wpress.me\/index.php\/wp-json\/wp\/v2\/product\/35257\/revisions"}],"wp:featuredmedia":[{"embeddable":true,"href":"https:\/\/singuli.wpress.me\/index.php\/wp-json\/wp\/v2\/media\/35258"}],"wp:attachment":[{"href":"https:\/\/singuli.wpress.me\/index.php\/wp-json\/wp\/v2\/media?parent=35257"}],"wp:term":[{"taxonomy":"product_brand","embeddable":true,"href":"https:\/\/singuli.wpress.me\/index.php\/wp-json\/wp\/v2\/product_brand?post=35257"},{"taxonomy":"product_cat","embeddable":true,"href":"https:\/\/singuli.wpress.me\/index.php\/wp-json\/wp\/v2\/product_cat?post=35257"},{"taxonomy":"product_tag","embeddable":true,"href":"https:\/\/singuli.wpress.me\/index.php\/wp-json\/wp\/v2\/product_tag?post=35257"}],"curies":[{"name":"wp","href":"https:\/\/api.w.org\/{rel}","templated":true}]}}