{"id":35261,"date":"2026-04-18T01:45:33","date_gmt":"2026-04-18T01:45:33","guid":{"rendered":"https:\/\/singuli.wpress.me\/index.php\/proizvod\/old-spice-epic-legend-dezodorans-u-spreju-150-ml\/"},"modified":"2026-04-20T12:33:14","modified_gmt":"2026-04-20T12:33:14","slug":"old-spice-epic-legend-dezodorans-u-spreju-150-ml","status":"publish","type":"product","link":"https:\/\/singuli.wpress.me\/index.php\/proizvod\/old-spice-epic-legend-dezodorans-u-spreju-150-ml\/","title":{"rendered":"OLD SPICE Epic Legend, dezodorans u spreju, 150\u00a0ml"},"content":{"rendered":"<p>U\u017eivaj u non-stop svje\u017eini* i fantamirisnom samopouzdanju uz dezodorans u spreju Old Spice Epic Legend. Zahvaljuju\u0107i toj bezbri\u017enoj svje\u017eini mo\u017ee\u0161 se usredoto\u010diti na ambicioznije pothvate poput sklapanja poslova ili podu\u010davanja dupina ljudskom govoru. OSLOBODI FORMULU S 3X AKTIVNOM ZA\u0160TITOM: dugotrajan parfemski miris, za\u0161tita od neugodnih mirisa i djelovanje protiv neugodnih mirisa; \u0161to nastanu za legendaran non-stop miris*  Ovaj miris bourbon vanilije, duhana s tre\u0161njom, dimljenog hrastovog drva i tople ambre pretvara te u legendarnog viteza svje\u017eine. A jesmo li spomenuli da sadr\u017ei 0% aluminijevih soli i pritom ne ostavlja tragove na crnoj i bijeloj odje\u0107i? Da, da, upravo tako. *uz svakodnevnu upotrebu<\/p>\n","protected":false},"excerpt":{"rendered":"<p>Dugotrajna svje\u017eina: Pru\u017ea kontinuiranu svje\u017einu i samopouzdanje s izdr\u017eljivim mirisom.<br \/>\n3X aktivna za\u0161tita: U\u010dinkovito \u0161titi od neugodnih mirisa i sprje\u010dava njihov nastanak.<br \/>\nBez aluminijevih soli i tragova: Ne sadr\u017ei aluminij i ne ostavlja mrlje na odje\u0107i.<\/p>\n","protected":false},"featured_media":35262,"template":"","meta":{"_seopress_robots_primary_cat":"","_seopress_titles_title":"","_seopress_titles_desc":"","_seopress_robots_index":"","iawp_total_views":0},"product_brand":[448],"product_cat":[285,268],"product_tag":[],"class_list":{"0":"post-35261","1":"product","2":"type-product","3":"status-publish","4":"has-post-thumbnail","6":"product_brand-old-spice","7":"product_cat-dezodoransi-268","8":"product_cat-kozmetika-2","10":"first","11":"instock","12":"shipping-taxable","13":"purchasable","14":"product-type-simple"},"_links":{"self":[{"href":"https:\/\/singuli.wpress.me\/index.php\/wp-json\/wp\/v2\/product\/35261","targetHints":{"allow":["GET"]}}],"collection":[{"href":"https:\/\/singuli.wpress.me\/index.php\/wp-json\/wp\/v2\/product"}],"about":[{"href":"https:\/\/singuli.wpress.me\/index.php\/wp-json\/wp\/v2\/types\/product"}],"version-history":[{"count":0,"href":"https:\/\/singuli.wpress.me\/index.php\/wp-json\/wp\/v2\/product\/35261\/revisions"}],"wp:featuredmedia":[{"embeddable":true,"href":"https:\/\/singuli.wpress.me\/index.php\/wp-json\/wp\/v2\/media\/35262"}],"wp:attachment":[{"href":"https:\/\/singuli.wpress.me\/index.php\/wp-json\/wp\/v2\/media?parent=35261"}],"wp:term":[{"taxonomy":"product_brand","embeddable":true,"href":"https:\/\/singuli.wpress.me\/index.php\/wp-json\/wp\/v2\/product_brand?post=35261"},{"taxonomy":"product_cat","embeddable":true,"href":"https:\/\/singuli.wpress.me\/index.php\/wp-json\/wp\/v2\/product_cat?post=35261"},{"taxonomy":"product_tag","embeddable":true,"href":"https:\/\/singuli.wpress.me\/index.php\/wp-json\/wp\/v2\/product_tag?post=35261"}],"curies":[{"name":"wp","href":"https:\/\/api.w.org\/{rel}","templated":true}]}}