{"id":35264,"date":"2026-04-18T01:45:34","date_gmt":"2026-04-18T01:45:34","guid":{"rendered":"https:\/\/singuli.wpress.me\/index.php\/proizvod\/jar-extra-lilac-tekuci-deterdzent-za-pranje-rublja-900-ml\/"},"modified":"2026-04-20T12:33:14","modified_gmt":"2026-04-20T12:33:14","slug":"jar-extra-lilac-tekuci-deterdzent-za-pranje-rublja-900-ml","status":"publish","type":"product","link":"https:\/\/singuli.wpress.me\/index.php\/proizvod\/jar-extra-lilac-tekuci-deterdzent-za-pranje-rublja-900-ml\/","title":{"rendered":"JAR Extra+ Lilac, teku\u0107i deterd\u017eent za pranje rublja, 900\u00a0ml"},"content":{"rendered":"<p>Teku\u0107i deterd\u017eent za pranje posu\u0111a Jar Extra+ Lilac poma\u017ee vam da br\u017ee iza\u0111ete iz kuhinje tako \u0161to vam nudi mogu\u0107nost br\u017eeg i jednostavnijeg \u010di\u0161\u0107enja. Svaka kapljica Jara brzo prodire i slabi tvrdokorne naslage masno\u0107e na posu\u0111u i ostavlja besprijekorne rezultate, \u010dak i kod najizazovnije tvrdokorne masno\u0107e.<\/p>\n","protected":false},"excerpt":{"rendered":"<p>Brzo i jednostavno \u010di\u0161\u0107enje: Olak\u0161ava pranje posu\u0111a za br\u017ei izlazak iz kuhinje.<br \/>\nU\u010dinkovito uklanjanje masno\u0107e: Brzo prodire i slabi tvrdokorne naslage masno\u0107e.<br \/>\nBesprijekorni rezultati: Osigurava savr\u0161eno \u010disto posu\u0111e, \u010dak i s najizazovnijim mrljama.<\/p>\n","protected":false},"featured_media":35265,"template":"","meta":{"_seopress_robots_primary_cat":"","_seopress_titles_title":"","_seopress_titles_desc":"","_seopress_robots_index":"","iawp_total_views":0},"product_brand":[454],"product_cat":[314,238],"product_tag":[],"class_list":{"0":"post-35264","1":"product","2":"type-product","3":"status-publish","4":"has-post-thumbnail","6":"product_brand-jar","7":"product_cat-pranje-posuda-238","8":"product_cat-sve-za-dom","10":"first","11":"outofstock","12":"shipping-taxable","13":"purchasable","14":"product-type-simple"},"_links":{"self":[{"href":"https:\/\/singuli.wpress.me\/index.php\/wp-json\/wp\/v2\/product\/35264","targetHints":{"allow":["GET"]}}],"collection":[{"href":"https:\/\/singuli.wpress.me\/index.php\/wp-json\/wp\/v2\/product"}],"about":[{"href":"https:\/\/singuli.wpress.me\/index.php\/wp-json\/wp\/v2\/types\/product"}],"version-history":[{"count":0,"href":"https:\/\/singuli.wpress.me\/index.php\/wp-json\/wp\/v2\/product\/35264\/revisions"}],"wp:featuredmedia":[{"embeddable":true,"href":"https:\/\/singuli.wpress.me\/index.php\/wp-json\/wp\/v2\/media\/35265"}],"wp:attachment":[{"href":"https:\/\/singuli.wpress.me\/index.php\/wp-json\/wp\/v2\/media?parent=35264"}],"wp:term":[{"taxonomy":"product_brand","embeddable":true,"href":"https:\/\/singuli.wpress.me\/index.php\/wp-json\/wp\/v2\/product_brand?post=35264"},{"taxonomy":"product_cat","embeddable":true,"href":"https:\/\/singuli.wpress.me\/index.php\/wp-json\/wp\/v2\/product_cat?post=35264"},{"taxonomy":"product_tag","embeddable":true,"href":"https:\/\/singuli.wpress.me\/index.php\/wp-json\/wp\/v2\/product_tag?post=35264"}],"curies":[{"name":"wp","href":"https:\/\/api.w.org\/{rel}","templated":true}]}}