{"id":35266,"date":"2026-04-18T01:45:34","date_gmt":"2026-04-18T01:45:34","guid":{"rendered":"https:\/\/singuli.wpress.me\/index.php\/proizvod\/jar-platinum-plus-kapsule-spring-lemon-100-kom\/"},"modified":"2026-04-21T00:26:43","modified_gmt":"2026-04-21T00:26:43","slug":"jar-platinum-plus-kapsule-spring-lemon-100-kom","status":"publish","type":"product","link":"https:\/\/singuli.wpress.me\/index.php\/proizvod\/jar-platinum-plus-kapsule-spring-lemon-100-kom\/","title":{"rendered":"JAR Platinum Plus, kapsule, Spring Lemon, 100\u00a0kom"},"content":{"rendered":"<p>Kapsule Jar Platinum Plus All in One, za posu\u0111e \u010disto kao da je novo. Najmo\u0107niji Jarov deterd\u017eent za tvrdokorne ostatke hrane poma\u017ee ukloniti mutni sloj koji se nakuplja tijekom vremena i vra\u0107a originalan sjaj va\u0161em posu\u0111u. Jar Platinum Plus jam\u010di izvanredno \u010di\u0161\u0107enje, uklanjaju\u0107i tvrdokorne ostatke hrane \u010dak i pri zahtjevnom testiranju na kratkim programima pranja. Dakle, ako nemate vremena, ne brinite. Perite na kratkom programu. Jar kombinira teku\u0107inu i pra\u0161ak u jednu mo\u0107nu kapsulu. Izuzetno topiva vre\u0107ica brzo se rastapa a deterd\u017eent je djelotvoran i na kratkim programima pranja jer odmah po\u010dinje \u010distiti. Ove je kapsule tako jednostavno koristiti! Ne treba im skidati omot, samo ih stavite u pretinac za deterd\u017eent. Perite na kratkom programu* te u\u0161tedite vrijeme, energiju i vodu u usporedbi s uobi\u010dajenim, standardnim programom pranja!<\/p>\n","protected":false},"excerpt":{"rendered":"<p>Posu\u0111e \u010disto kao novo: Uklanja mutni sloj i vra\u0107a originalan sjaj posu\u0111u.<br \/>\nMo\u0107no \u010di\u0161\u0107enje na kratkim programima: Uklanja tvrdokorne ostatke hrane \u010dak i kod brzog pranja.<br \/>\nJednostavna upotreba: Kombinira teku\u0107inu i pra\u0161ak u jednoj, brzo topljivoj kapsuli.<\/p>\n","protected":false},"featured_media":35267,"template":"","meta":{"_seopress_robots_primary_cat":"","_seopress_titles_title":"","_seopress_titles_desc":"","_seopress_robots_index":"","iawp_total_views":0},"product_brand":[454],"product_cat":[314,238],"product_tag":[],"class_list":{"0":"post-35266","1":"product","2":"type-product","3":"status-publish","4":"has-post-thumbnail","6":"product_brand-jar","7":"product_cat-pranje-posuda-238","8":"product_cat-sve-za-dom","10":"first","11":"outofstock","12":"shipping-taxable","13":"purchasable","14":"product-type-simple"},"_links":{"self":[{"href":"https:\/\/singuli.wpress.me\/index.php\/wp-json\/wp\/v2\/product\/35266","targetHints":{"allow":["GET"]}}],"collection":[{"href":"https:\/\/singuli.wpress.me\/index.php\/wp-json\/wp\/v2\/product"}],"about":[{"href":"https:\/\/singuli.wpress.me\/index.php\/wp-json\/wp\/v2\/types\/product"}],"version-history":[{"count":0,"href":"https:\/\/singuli.wpress.me\/index.php\/wp-json\/wp\/v2\/product\/35266\/revisions"}],"wp:featuredmedia":[{"embeddable":true,"href":"https:\/\/singuli.wpress.me\/index.php\/wp-json\/wp\/v2\/media\/35267"}],"wp:attachment":[{"href":"https:\/\/singuli.wpress.me\/index.php\/wp-json\/wp\/v2\/media?parent=35266"}],"wp:term":[{"taxonomy":"product_brand","embeddable":true,"href":"https:\/\/singuli.wpress.me\/index.php\/wp-json\/wp\/v2\/product_brand?post=35266"},{"taxonomy":"product_cat","embeddable":true,"href":"https:\/\/singuli.wpress.me\/index.php\/wp-json\/wp\/v2\/product_cat?post=35266"},{"taxonomy":"product_tag","embeddable":true,"href":"https:\/\/singuli.wpress.me\/index.php\/wp-json\/wp\/v2\/product_tag?post=35266"}],"curies":[{"name":"wp","href":"https:\/\/api.w.org\/{rel}","templated":true}]}}