{"id":35276,"date":"2026-04-18T01:45:37","date_gmt":"2026-04-18T01:45:37","guid":{"rendered":"https:\/\/singuli.wpress.me\/index.php\/proizvod\/lindt-teddy-adventski-kalendar-cokolada-170-g\/"},"modified":"2026-04-20T12:33:14","modified_gmt":"2026-04-20T12:33:14","slug":"lindt-teddy-adventski-kalendar-cokolada-170-g","status":"publish","type":"product","link":"https:\/\/singuli.wpress.me\/index.php\/proizvod\/lindt-teddy-adventski-kalendar-cokolada-170-g\/","title":{"rendered":"LINDT Teddy adventski kalendar, \u010dokolada, 170\u00a0g"},"content":{"rendered":"<p>Adventski kalendar sadr\u017ei mje\u0161avinu mlije\u010dnih \u010dokolada te bijele i mlije\u010dne \u010dokolade s kremastim punjenjem, ukupno 28 komada. Unutar kalendara se nalaze: TEDDY mini mlije\u010dna \u010dokolada, TEDDY FRIENDS mini mlije\u010dna \u010dokolada s bijelim punjenjem, mini \u010dokolade s kremom od lje\u0161njaka, mini mlije\u010dna \u010dokolada, dvostruka mlije\u010dna \u010dokolada, LINDOR mini bijele kuglice, LINDOR mini mlije\u010dne kuglice, napolitanke od mlije\u010dne \u010dokolade i srce od mlije\u010dne \u010dokolade.<\/p>\n","protected":false},"excerpt":{"rendered":"<p>Adventski kalendar<br \/>\nRazli\u010diti oblici i okusi \u010dokolada<\/p>\n","protected":false},"featured_media":35277,"template":"","meta":{"_seopress_robots_primary_cat":"","_seopress_titles_title":"","_seopress_titles_desc":"","_seopress_robots_index":"","iawp_total_views":0},"product_brand":[758],"product_cat":[261,277],"product_tag":[],"class_list":{"0":"post-35276","1":"product","2":"type-product","3":"status-publish","4":"has-post-thumbnail","6":"product_brand-lindt","7":"product_cat-hrana-i-pice","8":"product_cat-slatkisi-i-grickalice-261","10":"first","11":"instock","12":"shipping-taxable","13":"purchasable","14":"product-type-simple"},"_links":{"self":[{"href":"https:\/\/singuli.wpress.me\/index.php\/wp-json\/wp\/v2\/product\/35276","targetHints":{"allow":["GET"]}}],"collection":[{"href":"https:\/\/singuli.wpress.me\/index.php\/wp-json\/wp\/v2\/product"}],"about":[{"href":"https:\/\/singuli.wpress.me\/index.php\/wp-json\/wp\/v2\/types\/product"}],"version-history":[{"count":0,"href":"https:\/\/singuli.wpress.me\/index.php\/wp-json\/wp\/v2\/product\/35276\/revisions"}],"wp:featuredmedia":[{"embeddable":true,"href":"https:\/\/singuli.wpress.me\/index.php\/wp-json\/wp\/v2\/media\/35277"}],"wp:attachment":[{"href":"https:\/\/singuli.wpress.me\/index.php\/wp-json\/wp\/v2\/media?parent=35276"}],"wp:term":[{"taxonomy":"product_brand","embeddable":true,"href":"https:\/\/singuli.wpress.me\/index.php\/wp-json\/wp\/v2\/product_brand?post=35276"},{"taxonomy":"product_cat","embeddable":true,"href":"https:\/\/singuli.wpress.me\/index.php\/wp-json\/wp\/v2\/product_cat?post=35276"},{"taxonomy":"product_tag","embeddable":true,"href":"https:\/\/singuli.wpress.me\/index.php\/wp-json\/wp\/v2\/product_tag?post=35276"}],"curies":[{"name":"wp","href":"https:\/\/api.w.org\/{rel}","templated":true}]}}